{"id":35496,"date":"2002-05-07T00:00:00","date_gmt":"2002-05-06T23:00:00","guid":{"rendered":"https:\/\/www.grappa.no\/no\/albums\/ukategorisert\/rusk\/"},"modified":"2018-07-30T08:33:14","modified_gmt":"2018-07-30T07:33:14","slug":"rusk","status":"publish","type":"product","link":"https:\/\/grappa.no\/en\/albums\/heilo\/rusk\/","title":{"rendered":"RUSK"},"content":{"rendered":"<p><\/p>\n<p>RUSK<\/p>\n<p>RUSK plays folk music from the district of Sol\u00f8r and Finnskogen in southeastern Norway. Vegar V\u00e5rdal (fiddle), Unni L\u00f8vlid (vocals) and Frode Haltli (accordion) are young folk musicians who bring new life to old dance tunes, dramatic songs and solemn hymns.<\/p>\n<p><!--more--><\/p>\n<p>Folk music group RUSK has released their first album with exclusively music from the deep Finnskogen and areas around V\u00e5ler in Hedmark.<\/p>\n<h4>RUSKs debut album<\/h4>\n<p>Folk music group RUSK has released their first album with exclusively music from the deep Finnskogen and areas around V\u00e5ler in Hedmark. From beautiful hymns to lively broadside ballads, intense pols dance and dark Finnish songs.<\/p>\n<h4>Members<\/h4>\n<p>RUSK: Unni L\u00f8vlid \u2013 vocals, Frode Haltli \u2013accordion and Vegar V\u00e5rdal \u2013 fiddle.<\/p>\n<p>Unni comes from a small town called Hornindal and has been an active folk musician for a long time. She has also released a solo album So ro liten tull and is know as a member of Fj\u00f8gl music group.<\/p>\n<p>Frode grew up in V\u00e5ler and has many years behind him as a folk musician. In  2001 he won the prize as soloist of the year from Rikskonsertene, and is also known from contemporary music group Poing.<\/p>\n<p>Vegar grew up in B\u00e6rum and is an active dancer as well as a musician. In 2001 he release a double-CD with folk music from \u00d8stlandet, in cooperation with Noregs Ungdomslag. Vegar is among other known from playing with pianist Misha Alperin.<\/p>\n<h4><\/h4>\n<\/p>\n<p><\/p>","protected":false},"excerpt":{"rendered":"<p>Folk music group RUSK has released their first album with exclusively music from the deep Finnskogen and areas around V\u00e5ler in Hedmark.<\/p>\n","protected":false},"featured_media":35506,"comment_status":"closed","ping_status":"open","template":"","meta":[],"product_brand":[],"product_cat":[35],"product_tag":[],"class_list":{"0":"post-35496","1":"product","2":"type-product","3":"status-publish","4":"has-post-thumbnail","6":"product_cat-heilo","7":"product_shipping_class-cddvd-shipping","8":"uni_artist_tag-frode-haltli","9":"uni_artist_tag-rusk","10":"uni_artist_tag-trad","11":"uni_artist_tag-unni-lovlid","12":"uni_artist_tag-vegar-vardal","13":"uni_artist_genre-traditional","15":"first","16":"instock","17":"taxable","18":"shipping-taxable","19":"purchasable","20":"product-type-simple"},"_links":{"self":[{"href":"https:\/\/grappa.no\/en\/wp-json\/wp\/v2\/product\/35496","targetHints":{"allow":["GET"]}}],"collection":[{"href":"https:\/\/grappa.no\/en\/wp-json\/wp\/v2\/product"}],"about":[{"href":"https:\/\/grappa.no\/en\/wp-json\/wp\/v2\/types\/product"}],"replies":[{"embeddable":true,"href":"https:\/\/grappa.no\/en\/wp-json\/wp\/v2\/comments?post=35496"}],"wp:featuredmedia":[{"embeddable":true,"href":"https:\/\/grappa.no\/en\/wp-json\/wp\/v2\/media\/35506"}],"wp:attachment":[{"href":"https:\/\/grappa.no\/en\/wp-json\/wp\/v2\/media?parent=35496"}],"wp:term":[{"taxonomy":"product_brand","embeddable":true,"href":"https:\/\/grappa.no\/en\/wp-json\/wp\/v2\/product_brand?post=35496"},{"taxonomy":"product_cat","embeddable":true,"href":"https:\/\/grappa.no\/en\/wp-json\/wp\/v2\/product_cat?post=35496"},{"taxonomy":"product_tag","embeddable":true,"href":"https:\/\/grappa.no\/en\/wp-json\/wp\/v2\/product_tag?post=35496"}],"curies":[{"name":"wp","href":"https:\/\/api.w.org\/{rel}","templated":true}]}}