{"id":35312,"date":"2014-05-16T00:00:00","date_gmt":"2014-05-15T23:00:00","guid":{"rendered":"http:\/\/www.grappa.no\/albums\/uncategorized\/reza-e-iragazzi-grieg-unheard\/"},"modified":"2020-08-21T09:18:01","modified_gmt":"2020-08-21T08:18:01","slug":"reza-e-iragazzi-grieg-unheard","status":"publish","type":"product","link":"https:\/\/grappa.no\/en\/albums\/simax-classics\/reza-e-iragazzi-grieg-unheard\/","title":{"rendered":"Reza e iRagazzi: Grieg Unheard"},"content":{"rendered":"<p><\/p>\n<p>Unheard-of!  Grieg Unheard? Led by Reza, with a background from the Music Academy and the hiphop-scene, the foremost of male Norwegian opera soloists do Grieg their own way. Here are 13 Grieg songs like you have never heard them before. Reza Aghamir have gathered the cream of the crop in Reza e iRagazzi \u2013 Reza and the boys. The different and unique qualities of each individual singer is at the centre of attention.   This is not Grieg like we are used to hearing it! With full reverence towards Grieg&#8217;s work and NO reverence for convention, Reza e iRagazzi go all out. They pick-and-choose favourites, arrange them if needed, and perform them with a passion that is really remarkable. Produced by J\u00f8rgen Tr\u00e6en, recorded at the Norwegian Opera and in Grieg&#8217;s own living-room at Troldhaugen \u2013 mixed at Duper Studios. Cover design by Martin Kvamme. Also available in 180g vinyl de-luxe gatefold on PSLP1346.<\/p>\n<p><!--more--><\/p>\n<p>Grieg Unheard? Led by Reza, with a background from the Music Academy and the hiphop-scene, the foremost of male Norwegian opera soloists do Grieg their own way. Here are 13 Grieg songs like you have never heard them before.<\/p>\n<h4>Why Grieg?<\/h4>\n<p>\u201cKind of cool that I, a paki in Norwegian traditional costume, can boost Norwegian national pride with an overload of Grieg as we celebrate the 200th anniversary of the Norwegian constitution\u201d Reza states tongue in cheek. Reza and the boys love Grieg, an unrestrained love they want to share with the whole world \u2013 also those who don&#8217;t think of themselves as interested in classical music. It is a continuation of what the band has done at the local Underwater pub for years: moonshining music outside the traditional framework: directly from their hearts and to the audience.<\/p>\n<h4>How Grieg?<\/h4>\n<p>This is not Grieg like we are used to hearing it! With full reverence towards Grieg&#8217;s work and NO reverence for convention, Reza e iRagazzi go all-out. They pick-and-choose favourites, arrange them if needed, and perform them with a passion that is really remarkable. Produced by J\u00f8rgen Tr\u00e6en, recorded at the Norwegian Opera and in Grieg&#8217;s own living-room at Troldhaugen \u2013 mixed at Duper Studios. Cover design by Martin Kvamme.<\/p>\n<h4>Reza e iRagazzi<\/h4>\n<p>Reza has had quite journey in life; growing up in beautiful Iran, fleeing the country from Khommeini&#8217;s regime and ending up in Norway. A rebel within the classical community, extremely gifted pianist welcomed into the Norwegian Academy of Music \u2013 but kicked out again. He has gathered the best Norwegian male singers in an opera band: Carsten Stabell, Yngve S\u00f8berg, Marius Roth Christensen, Henrik Engelsviken, Hallvar Djupvik, Thor Inge Falch, Espen Langvik, Ole J\u00f8rgen Kristiansen, Rolf Magne Asser, H\u00e5vard Stensvold, Fredrik Otterstad, Kjetil St\u00f8a, Jens-Erik Aasb\u00f8.<\/p>\n<p><\/p>","protected":false},"excerpt":{"rendered":"<p>This is not Grieg like we are used to hearing it! With full reverence towards Grieg&#8217;s work and NO reverence for convention, Reza e iRagazzi go all in. Also available in 180g vinyl de-luxe gatefold on PSLP1346.<\/p>\n","protected":false},"featured_media":27813,"comment_status":"closed","ping_status":"open","template":"","meta":[],"product_brand":[],"product_cat":[180],"product_tag":[],"class_list":{"0":"post-35312","1":"product","2":"type-product","3":"status-publish","4":"has-post-thumbnail","6":"product_cat-simax-classics","7":"product_shipping_class-cddvd-shipping","8":"uni_artist_genre-a-cappella","9":"uni_artist_genre-choir","10":"uni_artist_genre-classical","11":"uni_artist_genre-crossover","12":"uni_artist_genre-electronic","13":"uni_artist_genre-lieder","15":"first","16":"instock","17":"taxable","18":"shipping-taxable","19":"purchasable","20":"product-type-variable","21":"has-default-attributes"},"_links":{"self":[{"href":"https:\/\/grappa.no\/en\/wp-json\/wp\/v2\/product\/35312","targetHints":{"allow":["GET"]}}],"collection":[{"href":"https:\/\/grappa.no\/en\/wp-json\/wp\/v2\/product"}],"about":[{"href":"https:\/\/grappa.no\/en\/wp-json\/wp\/v2\/types\/product"}],"replies":[{"embeddable":true,"href":"https:\/\/grappa.no\/en\/wp-json\/wp\/v2\/comments?post=35312"}],"wp:featuredmedia":[{"embeddable":true,"href":"https:\/\/grappa.no\/en\/wp-json\/wp\/v2\/media\/27813"}],"wp:attachment":[{"href":"https:\/\/grappa.no\/en\/wp-json\/wp\/v2\/media?parent=35312"}],"wp:term":[{"taxonomy":"product_brand","embeddable":true,"href":"https:\/\/grappa.no\/en\/wp-json\/wp\/v2\/product_brand?post=35312"},{"taxonomy":"product_cat","embeddable":true,"href":"https:\/\/grappa.no\/en\/wp-json\/wp\/v2\/product_cat?post=35312"},{"taxonomy":"product_tag","embeddable":true,"href":"https:\/\/grappa.no\/en\/wp-json\/wp\/v2\/product_tag?post=35312"}],"curies":[{"name":"wp","href":"https:\/\/api.w.org\/{rel}","templated":true}]}}