{"id":35273,"date":"2017-08-18T00:00:00","date_gmt":"2017-08-17T23:00:00","guid":{"rendered":"http:\/\/www.grappa.no\/albums\/uncategorized\/stein-urheim-utopian-tales\/"},"modified":"2020-08-21T09:17:07","modified_gmt":"2020-08-21T08:17:07","slug":"utopian-tales","status":"publish","type":"product","link":"https:\/\/grappa.no\/en\/albums\/hubro\/utopian-tales\/","title":{"rendered":"Utopian Tales"},"content":{"rendered":"<p><\/p>\n<p>After three acclaimed and highly original solo albums\u00a0the Bergen-based composer and slide-guitar master Stein Urheim\u00a0is backed by six cherry picked musicians on his new album: Kjetil M\u00f8ster (M\u00f8ster!), Mari Kvien Brunvoll (Building Instrument), Per J\u00f8rgensen (J\u00f8kleba), Ole Morten V\u00e5gan (Trondheim Jazz Orchestra), J\u00f8rgen Tr\u00e6en (Sir Dupermann) and K\u00e5re Opheim (Real Ones).\u00a0\u00a0 Much of the music on \u2018Utopian Tales&#8217; has its origins in a commission from Vossajazz for the Voss Jazz Festival 2016, with Stein Urheim (who in 2010 received the Voss Jazzfestival-Award) further adapting and extending the material through later re-recordings and additional solo pieces. The result is a continuously changing tapestry of styles and textures that forms a kind of evolving commentary on the concept of microtonality and its various social and intellectual connections.  Stein Urheim wittily incorporates aspects of this history into \u2018Utopian Tales\u2019, whose titles make reference to the imagined places of Mikrotonia, Carnaticala and Just Intonation Island, as well as the real-life milieu of the Selegrend Movement, a utopian \u2018alternative community\u2019 of the 1970s established near to Bergen, Norway, where Urheim lives. Despite the heavy external baggage of ideas with which \u2018Utopian Tales\u2019 is freighted, the music itself proves intensely rewarding whether one follows the context or not. While the range of styles provides echoes of influences and exemplars drawn from often wildly different types of music, from the eccentric \u2018primitive\u2019 guitar patterns one hears in John Fahey and his followers, to the ambient slide-scapes associated with Roger Eno or Pink Floyd, through to the electric fusion of Bitches Brew-era Miles Davis, everything somehow remains all of a piece, and can best be appreciated as a continuously developing suite. On the beautiful penultimate track, \u2018Ustopia &#8211; Part Two\u2019, the atmospheric muted-trumpet of legendary Nordic musician Per Jorgensen and the other-worldly voice of Mari Kvien Brunvoll \u00a0(with whom Urheim has already made three critically acclaimed duo albums) add their own distinctive identities to Utopian Tales\u2019 strange yet beautiful sound-world, which ends as it began, in a meditative solo piece for Urheim\u2019s guitar.<\/p>\n<p><!--more--><\/p>\n<p>After three acclaimed and highly original solo albums\u00a0the Bergen-based composer and slide-guitar master Stein Urheim\u00a0is backed by six cherry picked musicians on his new album: Kjetil M\u00f8ster (M\u00f8ster!), Mari Kvien Brunvoll (Building Instrument), Per J\u00f8rgensen (J\u00f8kleba), Ole Morten V\u00e5gan (Trondheim Jazz Orchestra), J\u00f8rgen Tr\u00e6en (Sir Dupermann) and K\u00e5re Opheim (Real Ones).\u00a0\u00a0<\/p>\n<h4>A changing tapestry of styles and textures<\/h4>\n<p>Much of the music on \u2018Utopian Tales&#8217; has its origins in a commission from Vossajazz for the Voss Jazz Festival 2016, with Stein Urheim (who in 2010 received the Voss Jazzfestival-Award) further adapting and extending the material through later re-recordings and additional solo pieces. The result is a continuously changing tapestry of styles and textures that forms a kind of evolving commentary on the concept of microtonality and its various social and intellectual connections. Common to many eras, cultures and forms of music, and strongly associated with particular styles (for example, the blues) and certain musical instruments (for example the slide guitar and its numerous variants worldwide), microtonality has since the mid-twentieth century become a powerful cult influence on contemporary music makers, a tradition exemplified by the \u2018maverick\u2019 US composer and instrument-maker Harry Partch, who revived the ancient idea of \u2018just intonation\u2019 through microtonal tuning for his own custom-made instruments.<\/p>\n<h4>Intensely rewarding<\/h4>\n<p>Stein Urheim wittily incorporates aspects of this history into \u2018Utopian Tales\u2019, whose titles make reference to the imagined places of Mikrotonia, Carnaticala and Just Intonation Island, as well as the real-life milieu of the Selegrend Movement, a utopian \u2018alternative community\u2019 of the 1970s established near to Bergen, Norway, where Urheim lives. Despite the heavy external baggage of ideas with which \u2018Utopian Tales\u2019 is freighted, the music itself proves intensely rewarding whether one follows the context or not. While the range of styles provides echoes of influences and exemplars drawn from often wildly different types of music, from the eccentric \u2018primitive\u2019 guitar patterns one hears in John Fahey and his followers, to the ambient slide-scapes associated with Roger Eno or Pink Floyd, through to the electric fusion of Bitches Brew-era Miles Davis, everything somehow remains all of a piece, and can best be appreciated as a continuously developing suite. On the beautiful penultimate track, \u2018Ustopia &#8211; Part Two\u2019, the atmospheric muted-trumpet of legendary Nordic musician Per Jorgensen and the other-worldly voice of Mari Kvien Brunvoll \u00a0(with whom Urheim has already made three critically acclaimed duo albums) add their own distinctive identities to Utopian Tales\u2019 strange yet beautiful sound-world, which ends as it began, in a meditative solo piece for Urheim\u2019s guitar.   Also available on Hubro by Stein Urheim:  HUBROLP3517 \tStein Urheim: Kosmolodi LP (2012) HUBROCD2539 \tStein Urheim CD\/LP (2014) HUBROCD 2555 \tStein Urheim: Strandebarm (2016)<\/p>\n<h4><\/h4>\n<\/p>\n<p><\/p>","protected":false},"excerpt":{"rendered":"<p>After three acclaimed and highly original solo albums\u00a0the Bergen-based composer and slide-guitar master Stein Urheim\u00a0is backed by six cherry picked musicians on his new album.<\/p>\n","protected":false},"featured_media":34036,"comment_status":"closed","ping_status":"open","template":"","meta":[],"product_brand":[],"product_cat":[36],"product_tag":[],"class_list":{"0":"post-35273","1":"product","2":"type-product","3":"status-publish","4":"has-post-thumbnail","6":"product_cat-hubro","7":"product_shipping_class-cddvd-shipping","8":"uni_artist_tag-jorgen-traeen","9":"uni_artist_tag-kare-opheim","10":"uni_artist_tag-kjetil-traavik-moster","11":"uni_artist_tag-mari-kvien-brunvoll","12":"uni_artist_tag-ole-morten-vagan","13":"uni_artist_tag-per-jorgensen","14":"uni_artist_tag-stein-urheim","15":"uni_main_artist_tag-stein-urheim","16":"uni_artist_genre-blues","17":"uni_artist_genre-contemporary-music","18":"uni_artist_genre-improvised-music","19":"uni_artist_genre-jazz","20":"uni_artist_genre-world-music","22":"first","23":"instock","24":"taxable","25":"shipping-taxable","26":"purchasable","27":"product-type-variable","28":"has-default-attributes"},"_links":{"self":[{"href":"https:\/\/grappa.no\/en\/wp-json\/wp\/v2\/product\/35273","targetHints":{"allow":["GET"]}}],"collection":[{"href":"https:\/\/grappa.no\/en\/wp-json\/wp\/v2\/product"}],"about":[{"href":"https:\/\/grappa.no\/en\/wp-json\/wp\/v2\/types\/product"}],"replies":[{"embeddable":true,"href":"https:\/\/grappa.no\/en\/wp-json\/wp\/v2\/comments?post=35273"}],"wp:featuredmedia":[{"embeddable":true,"href":"https:\/\/grappa.no\/en\/wp-json\/wp\/v2\/media\/34036"}],"wp:attachment":[{"href":"https:\/\/grappa.no\/en\/wp-json\/wp\/v2\/media?parent=35273"}],"wp:term":[{"taxonomy":"product_brand","embeddable":true,"href":"https:\/\/grappa.no\/en\/wp-json\/wp\/v2\/product_brand?post=35273"},{"taxonomy":"product_cat","embeddable":true,"href":"https:\/\/grappa.no\/en\/wp-json\/wp\/v2\/product_cat?post=35273"},{"taxonomy":"product_tag","embeddable":true,"href":"https:\/\/grappa.no\/en\/wp-json\/wp\/v2\/product_tag?post=35273"}],"curies":[{"name":"wp","href":"https:\/\/api.w.org\/{rel}","templated":true}]}}