{"id":35240,"date":"2015-09-11T00:00:00","date_gmt":"2015-09-10T23:00:00","guid":{"rendered":"http:\/\/www.grappa.no\/albums\/uncategorized\/moster-when-you-cut-into-the-present\/"},"modified":"2020-08-21T09:16:40","modified_gmt":"2020-08-21T08:16:40","slug":"when-you-cut-into-the-present","status":"publish","type":"product","link":"https:\/\/grappa.no\/en\/albums\/hubro\/when-you-cut-into-the-present\/","title":{"rendered":"When You Cut Into The Present"},"content":{"rendered":"<p><\/p>\n<p>M\u00f8ster!\u00b4s third  On their third album release in as many years, Kjetil M\u00f8ster\u2019s band M\u00f8ster! have taken yet another seven-league leap forward. Here we encounter a band that is, if possible, even closer, more unified and better synchronised than on the previous two albums. It is not difficult to hear that the band has been active on the concert circuit since their last album was released. This new album was recorded during a break in an extensive tour on a shared bill with the Norwegian-American band Young Mothers. The energy level in the studio was so intense that you can expect your loudspeakers to start sweating.  M\u00f8ster!\u2019s previous album, \u201cInner Earth\u201d, had the reviewers hunting for both superlatives and comparisons with viscously-flowing lava and volcanic eruptions. The British magazine Rock-A-Rolla described the album\u2019s finale in these words: \u201cThe devastation finally hits with the double hammering of Tearatorn and Underworld Risk and the full unleashing of M\u00f8ster!\u2019s infernal potential into an obliterating lava flow blasting through every available blowhole.\u201d  On that album the band took a step in the direction of prog rock, and slowly and very patiently built up to an enormous climax. On \u201cWhen You Cut Into the Present\u201d this gradual build-up has been replaced with a more direct and confrontationally effective style. Prog rock, psychedelia and John Coltrane\u2019s jazz are obviously still sources of inspiration for the band, but this time they share the honours with everyone from King Crimson in their Red period to Alice Coltrane and the krautrock masters of Can. Their music has also incorporated references from the originators of the Nordic jazz sound of the 1960s and 70s such as Garbarek\/Rypdal\/Andersen\/Christensen. From the very beginning of the album the musicians hit the floor running, propelling themselves towards ecstasy with constant sonic excesses and grooving with marathon-like stamina. The result is a catchy, addictive and consistently creative eruption of an album that will get the pulses of many music lovers racing, and will glue grins to their faces.  Saxophonist Kjetil M\u00f8ster is apparently everywhere \u2013 all the time. He plays in a number of jazz and improvisational bands, but also performs regularly with R\u00f6yksopp &amp; Robyn, Datarock, King Midas and Lars Vaular. Since recording the previous album with the M\u00f8ster! band he has also released an album with the Hungarian trio J\u00fc, and has launched a concert collaboration with the Chicago musicians Jeff Parker and John Herndon (Tortoise) and Joshua Abrahams (Town &amp; Country). But there is no doubt that it is M\u00f8ster! which is his main project and which lies closest to his heart.   In addition to Kjetil M\u00f8ster himself, the band consists of the same musicians as on the previous album: the legendary Hans Magnus \u201cSnah\u201d Ryan, guitarist\/vocalist in Motorpsycho; Nikolai H\u00e6ngsle Eilertsen, bass player in Elephan9 and BigBang; and the ubiquitous drummer Kenneth Kapstad, also from Motorpsycho and Monolithic.  \u201cWhen You Cut Into the Present\u201d was recorded at \u00d8ra Studio in Trondheim with technician Jo Ranheim. It was mixed by Christian Engfelt, Kjetil M\u00f8ster and Nikolai H\u00e6ngsle Eilertsen at Engfelt &amp; Forsgren Studio in Oslo, and mastered by J\u00f8rgen Tr\u00e6en at Grotten in the Bergen Kj\u00f8tt building.   The album is being released both as a CD and as a 180g LP in 500 copies with a gatefold cover, including a CD.   Concerts: 2 October: Trondheim, Dokkhuset 3 October: Oslo, Vulkan 9 October: Stavanger, Tou Scene 10 October: Bergen, USF R\u00f8keriet<\/p>\n<p><!--more--><\/p>\n<p>On their third album release in as many years, Kjetil M\u00f8ster\u2019s band M\u00f8ster! have taken yet another seven-league leap forward. Here we encounter a band that is, if possible, even closer, more unified and better synchronised than on the previous two albums. It is not difficult to hear that the band has been active on the concert circuit since their last album was released. This new album was recorded during a break in an extensive tour on a shared bill with the Norwegian-American band Young Mothers. The energy level in the studio was so intense that you can expect your loudspeakers to start sweating.<\/p>\n<h4>Prog, psychedelia, Coltrane and kraut<\/h4>\n<p>On that album the band took a step in the direction of prog rock, and slowly and very patiently built up to an enormous climax. On \u201cWhen You Cut Into the Present\u201d this gradual build-up has been replaced with a more direct and confrontationally effective style. Prog rock, psychedelia and John Coltrane\u2019s jazz are obviously still sources of inspiration for the band, but this time they share the honours with everyone from King Crimson in their Red period to Alice Coltrane and the krautrock masters of Can. Their music has also incorporated references from the originators of the Nordic jazz sound of the 1960s and 70s such as Garbarek\/Rypdal\/Andersen\/Christensen. From the very beginning of the album the musicians hit the floor running, propelling themselves towards ecstasy with constant sonic excesses and grooving with marathon-like stamina. The result is a catchy, addictive and consistently creative eruption of an album that will get the pulses of many music lovers racing, and will glue grins to their faces.<\/p>\n<h4>Kjetil M\u00f8ster<\/h4>\n<p>Saxophonist Kjetil M\u00f8ster is apparently everywhere \u2013 all the time. He plays in a number of jazz and improvisational bands, but also performs regularly with R\u00f6yksopp &amp; Robyn, Datarock, King Midas and Lars Vaular. Since recording the previous album with the M\u00f8ster! band he has also released an album with the Hungarian trio J\u00fc, and has launched a concert collaboration with the Chicago musicians Jeff Parker and John Herndon (Tortoise) and Joshua Abrahams (Town &amp; Country). But there is no doubt that it is M\u00f8ster! which is his main project and which lies closest to his heart.   In addition to Kjetil M\u00f8ster himself, the band consists of the same musicians as on the previous album: the legendary Hans Magnus \u201cSnah\u201d Ryan, guitarist\/vocalist in Motorpsycho; Nikolai H\u00e6ngsle Eilertsen, bass player in Elephan9 and BigBang; and the ubiquitous drummer Kenneth Kapstad, also from Motorpsycho and Monolithic.  \u201cWhen You Cut Into the Present\u201d was recorded at \u00d8ra Studio in Trondheim with technician Jo Ranheim. It was mixed by Christian Engfelt, Kjetil M\u00f8ster and Nikolai H\u00e6ngsle Eilertsen at Engfelt &amp; Forsgren Studio in Oslo, and mastered by J\u00f8rgen Tr\u00e6en at Grotten in the Bergen Kj\u00f8tt building.   The album is being released both as a CD and as a 180g LP in 500 copies with a gatefold cover, including a CD.<\/p>\n<h4>Concerts<\/h4>\n<p>2 October: Trondheim, Dokkhuset 3 October: Oslo, Vulkan 9 October: Stavanger, Tou Scene 10 October: Bergen, USF R\u00f8keriet<\/p>\n<p><\/p>","protected":false},"excerpt":{"rendered":"<p>On their third album release in as many years, Kjetil M\u00f8ster\u2019s band M\u00f8ster! have taken yet another seven-league leap forward.<\/p>\n","protected":false},"featured_media":27445,"comment_status":"closed","ping_status":"open","template":"","meta":[],"product_brand":[],"product_cat":[36],"product_tag":[],"class_list":{"0":"post-35240","1":"product","2":"type-product","3":"status-publish","4":"has-post-thumbnail","6":"product_cat-hubro","7":"product_shipping_class-cddvd-shipping","8":"uni_artist_tag-hans-magnus-ryan","9":"uni_artist_tag-kenneth-kapstad","10":"uni_artist_tag-kjetil-moster","11":"uni_artist_tag-moster","12":"uni_artist_tag-nikolai-haengsle-eilertsen","13":"uni_main_artist_tag-moster","14":"uni_artist_genre-instrumental","15":"uni_artist_genre-jazz","16":"uni_artist_genre-rock","18":"first","19":"instock","20":"taxable","21":"shipping-taxable","22":"purchasable","23":"product-type-variable","24":"has-default-attributes"},"_links":{"self":[{"href":"https:\/\/grappa.no\/en\/wp-json\/wp\/v2\/product\/35240","targetHints":{"allow":["GET"]}}],"collection":[{"href":"https:\/\/grappa.no\/en\/wp-json\/wp\/v2\/product"}],"about":[{"href":"https:\/\/grappa.no\/en\/wp-json\/wp\/v2\/types\/product"}],"replies":[{"embeddable":true,"href":"https:\/\/grappa.no\/en\/wp-json\/wp\/v2\/comments?post=35240"}],"wp:featuredmedia":[{"embeddable":true,"href":"https:\/\/grappa.no\/en\/wp-json\/wp\/v2\/media\/27445"}],"wp:attachment":[{"href":"https:\/\/grappa.no\/en\/wp-json\/wp\/v2\/media?parent=35240"}],"wp:term":[{"taxonomy":"product_brand","embeddable":true,"href":"https:\/\/grappa.no\/en\/wp-json\/wp\/v2\/product_brand?post=35240"},{"taxonomy":"product_cat","embeddable":true,"href":"https:\/\/grappa.no\/en\/wp-json\/wp\/v2\/product_cat?post=35240"},{"taxonomy":"product_tag","embeddable":true,"href":"https:\/\/grappa.no\/en\/wp-json\/wp\/v2\/product_tag?post=35240"}],"curies":[{"name":"wp","href":"https:\/\/api.w.org\/{rel}","templated":true}]}}