{"id":35237,"date":"2015-09-04T00:00:00","date_gmt":"2015-09-03T23:00:00","guid":{"rendered":"http:\/\/www.grappa.no\/albums\/uncategorized\/morten-qvenild-personal-piano\/"},"modified":"2020-08-21T09:16:38","modified_gmt":"2020-08-21T08:16:38","slug":"personal-piano","status":"publish","type":"product","link":"https:\/\/grappa.no\/en\/albums\/hubro\/personal-piano\/","title":{"rendered":"Personal Piano"},"content":{"rendered":"<p><\/p>\n<p>Long awaited debut album from pianist and keyboardist Morten Qvenild  For the past 15 years pianist and keyboardist Morten Qvenild has been one of the most creative musicians in the Norwegian music scene. Qvenild has both an unusual flair for pop and a passion for experimentation and improvisation. Now, at last, his long-awaited solo debut album has arrived.   Qvenild is probably most well known as a member of the unusual piano trio In the Country, half of the duo sPaceMonkey with drummer Gard Nilssen, and Susanna Wallumr\u00f8d\u2019s partner in Susanna &amp; the Magical Orchestra, but he has also played in a number of other bands. Altogether Qvenild has appeared on at least 50 albums with artists such as the National Bank, Solveig Slettahjell Slomo Quintet, Susanne Sundf\u00f8r, Arve Henriksen, Thomas Dybdahl, Marit Larsen, Nils Petter Molv\u00e6r, Shining, Jaga Jazzist, Frida \u00c5nnevik and Trinity as well as many others.  For the past few years Qvenild has been working on developing \u201cthe HyPer(sonal) Piano\u201d. By integrating various types of electronics into the grand piano he has radically expanded the instrument\u2019s sonic palette. The inventive tunes and improvisations on his solo debut, \u201cPersonal Piano\u201d, create a platform that highlights a unique and heavily processed world of sound and a remarkably intense musical idiom. The music is primarily instrumental, but Qvenild also sings on a few tracks.  The music on \u201cPersonal Piano\u201d is the sum of Qvenild\u2019s personal interests combined with a wealth of sources of inspiration: a catchy melody, birches, noise, restlessness, snow, James Blake, words, wood, Radiohead, plastic, running, the abrupt, the child, the pine tree, melancholy, Frode Grytten, travelling, travelling too much, not travelling, travelling to the wrong place, a cabin, ashes, Olivier Messiaen, Hans B\u00f8rli, not knowing, metal, electrons, euphoria, contemplating, skis, underground, Murakami, kayak, country, in the country, the dark chords and the shimmering light.  The album was recorded and produced by Morten Qvenild himself at the Green Room, and mixed and mastered by J\u00f8rgen Tr\u00e6en.  Available as a CD\/DL and in a deluxe LP edition (500 copies, 2 LPs, CD included)<\/p>\n<p><!--more--><\/p>\n<p>For the past 15 years pianist and keyboardist Morten Qvenild has been one of the most creative musicians in the Norwegian music scene. Qvenild has both an unusual flair for pop and a passion for experimentation and improvisation. Now, at last, his long-awaited solo debut album has arrived.<\/p>\n<h4>the &quot;HyPer(sonal) Piano&quot;<\/h4>\n<p>For the past few years Qvenild has been working on developing \u201cthe HyPer(sonal) Piano\u201d. By integrating various types of electronics into the grand piano he has radically expanded the instrument\u2019s sonic palette. The inventive tunes and improvisations on his solo debut, \u201cPersonal Piano\u201d, create a platform that highlights a unique and heavily processed world of sound and a remarkably intense musical idiom. The music is primarily instrumental, but Qvenild also sings on a few tracks.<\/p>\n<h4>Personal<\/h4>\n<p>The music on \u201cPersonal Piano\u201d is the sum of Qvenild\u2019s personal interests combined with a wealth of sources of inspiration: a catchy melody, birches, noise, restlessness, snow, James Blake, words, wood, Radiohead, plastic, running, the abrupt, the child, the pine tree, melancholy, Frode Grytten, travelling, travelling too much, not travelling, travelling to the wrong place, a cabin, ashes, Olivier Messiaen, Hans B\u00f8rli, not knowing, metal, electrons, euphoria, contemplating, skis, underground, Murakami, kayak, country, in the country, the dark chords and the shimmering light.  The album was recorded and produced by Morten Qvenild himself at the Green Room, and mixed and mastered by J\u00f8rgen Tr\u00e6en.  Available as a CD\/DL and in a deluxe LP edition (500 copies, 2 LPs, CD included).<\/p>\n<h4><\/h4>\n<\/p>\n<p><\/p>","protected":false},"excerpt":{"rendered":"<p>For the past 15 years pianist and keyboardist Morten Qvenild has been one of the most creative musicians in the Norwegian music scene. Qvenild has both an unusual flair for pop and a passion for experimentation and improvisation. Now, at last, his long-awaited solo debut album has arrived.<\/p>\n","protected":false},"featured_media":27442,"comment_status":"closed","ping_status":"open","template":"","meta":[],"product_brand":[],"product_cat":[36],"product_tag":[],"class_list":{"0":"post-35237","1":"product","2":"type-product","3":"status-publish","4":"has-post-thumbnail","6":"product_cat-hubro","7":"product_shipping_class-cddvd-shipping","8":"uni_artist_tag-calvin-harris","9":"uni_artist_tag-morten-qvenild","10":"uni_main_artist_tag-morten-qvenild","11":"uni_artist_genre-electronic","12":"uni_artist_genre-improvised-music","13":"uni_artist_genre-pop","15":"first","16":"instock","17":"taxable","18":"shipping-taxable","19":"purchasable","20":"product-type-variable","21":"has-default-attributes"},"_links":{"self":[{"href":"https:\/\/grappa.no\/en\/wp-json\/wp\/v2\/product\/35237","targetHints":{"allow":["GET"]}}],"collection":[{"href":"https:\/\/grappa.no\/en\/wp-json\/wp\/v2\/product"}],"about":[{"href":"https:\/\/grappa.no\/en\/wp-json\/wp\/v2\/types\/product"}],"replies":[{"embeddable":true,"href":"https:\/\/grappa.no\/en\/wp-json\/wp\/v2\/comments?post=35237"}],"wp:featuredmedia":[{"embeddable":true,"href":"https:\/\/grappa.no\/en\/wp-json\/wp\/v2\/media\/27442"}],"wp:attachment":[{"href":"https:\/\/grappa.no\/en\/wp-json\/wp\/v2\/media?parent=35237"}],"wp:term":[{"taxonomy":"product_brand","embeddable":true,"href":"https:\/\/grappa.no\/en\/wp-json\/wp\/v2\/product_brand?post=35237"},{"taxonomy":"product_cat","embeddable":true,"href":"https:\/\/grappa.no\/en\/wp-json\/wp\/v2\/product_cat?post=35237"},{"taxonomy":"product_tag","embeddable":true,"href":"https:\/\/grappa.no\/en\/wp-json\/wp\/v2\/product_tag?post=35237"}],"curies":[{"name":"wp","href":"https:\/\/api.w.org\/{rel}","templated":true}]}}