{"id":35225,"date":"2017-01-20T00:00:00","date_gmt":"2017-01-19T23:00:00","guid":{"rendered":"http:\/\/www.grappa.no\/albums\/uncategorized\/1982-chromola\/"},"modified":"2020-08-21T09:16:33","modified_gmt":"2020-08-21T08:16:33","slug":"chromola","status":"publish","type":"product","link":"https:\/\/grappa.no\/en\/albums\/hubro\/chromola\/","title":{"rendered":"Chromola"},"content":{"rendered":"<p><\/p>\n<p>The Power of Three  There are trios, and there are trios: \u2018power\u2019 trios, \u2018feel\u2019 trios, piano, bass and drums trios. What\u2019s especially distinctive about 1982 &#8211; the trio of Nils \u00d8kland, Sigbj\u00f8rn Apeland and \u00d8yvind Skarb\u00f8 &#8211; apart from the unusual instrumentation of violin or Hardanger fiddle, harmonium and drums, is the empathy displayed by the group as a whole; the hyper-sensitivity with which each individual member appears to respond to the contributions of the others in the pursuit of a collective goal, however obscure or unknowable that goal might be. \u00a0Such extreme alertness to subtle changes of mood and nuance, and to the evolving sound-world of each, totally improvised, performance is rare in music of any type. 1982 have made it their signature. \u00a0 The new album, \u20181982: Chromola\u2019, as well as marking the group&#8217;s tenth anniversary, represents a return to the essential identity of the trio playing alone, without guests. Recorded at Sandviken church in Bergen on the day following an evening concert, the album uses material from both occasions, engineered once again by Davide Bertolini, who worked on the band\u2019s four previous recordings. As an album it is remarkable for many things, but perhaps most notably for the role of Sigbjorn Apeland, who plays pipe organ on all but one of the seven tracks rather than harmonium, which features only in the closing, seventh, piece.  But what is perhaps most striking about &#8216;1982: Chromola&#8217;, despite the variety of the music it contains, is that everything remains all of a piece. There\u2019s a governing sense of intense exploration within self-imposed limits; of going further and further into a particular sonic palette whose colours derive from the individual instruments, the recording venue, and the countless combinations between them, and whose meanings deepen and deepen as the exploration continues. As improvised music goes, this is close to state-of-the-art.  Tour: 14.01: AMR, Gen\u00e9ve (CH) 26.01: Biermannsg\u00e5rden, Oslo (N) 27.01: Earwaves, Stavanger (N) 28.01: Stord jazzklubb, Stord (N) 29.01: Kabuso, \u00d8ystese (N) 30.01: LYD, Haugesund (N) 31.01: Playdate, Bergen (N) 02.05: Arena, Moss (N) 24.05: Nutshell, Nordheimsund (N)<\/p>\n<p><!--more--><\/p>\n<p>There are trios, and there are trios: \u2018power\u2019 trios, \u2018feel\u2019 trios, piano, bass and drums trios. What\u2019s especially distinctive about 1982 &#8211; the trio of Nils \u00d8kland, Sigbj\u00f8rn Apeland and \u00d8yvind Skarb\u00f8 &#8211; apart from the unusual instrumentation of violin or Hardanger fiddle, harmonium and drums, is the empathy displayed by the group as a whole; the hyper-sensitivity with which each individual member appears to respond to the contributions of the others in the pursuit of a collective goal, however obscure or unknowable that goal might be. \u00a0Such extreme alertness to subtle changes of mood and nuance, and to the evolving sound-world of each, totally improvised, performance is rare in music of any type. 1982 have made it their signature.<\/p>\n<h4>Church organ<\/h4>\n<p>The new album, \u20181982: Chromola\u2019, as well as marking the group&#8217;s tenth anniversary, represents a return to the essential identity of the trio playing alone, without guests. Recorded at Sandviken church in Bergen on the day following an evening concert, the album uses material from both occasions, engineered once again by Davide Bertolini, who worked on the band\u2019s four previous recordings. As an album it is remarkable for many things, but perhaps most notably for the role of Sigbjorn Apeland, who plays pipe organ on all but one of the seven tracks rather than harmonium, which features only in the closing, seventh, piece.   While one might have expected the use of the organ (or organs, for Sandviken has two resident instruments, both of which Apeland played) to create a more liturgical or contemplative feel to the overall sound, the effect is much closer to prog-rock than it is to the church. On the opening two pieces (titled, as is 1982\u2019s custom, only by track number and duration), and intermittently elsewhere, Apeland\u2019s ghostly wails, drones and ornamental flourishes may even carry echoes of early Pink Floyd, accentuated by drummer Skarbo\u2019s occasional use of timpani-beaters, and heavy, unapologetically meaty pulse, or recall the proggish minimalism of Terry Riley and John Cale. Heard amidst the spacey sonic background of Apeland\u2019s atmospheric burbling, squawky interjections and impassioned mini-cadenzas, together with Skarbo\u2019s readiness to find a groove and stick to it, Nils \u00d8kland\u2019s fiddling appears to take on a new, emphatically bluesy quality. At times, playing like a man possessed, his long, arabesque, Eastern-oriented lines can seem to go on and on, reaching peak after peak, as if to demonstrate his unequalled virtuosity as a soloist, whatever the musical setting.<\/p>\n<h4>State-of-the-art<\/h4>\n<p>Subsequent tracks return to what might seem a more conventionally experimental mode, before picking up the pace again a number of times. But what is perhaps most striking about &#8216;1982: Chromola&#8217;, despite the variety of the music it contains, is that everything remains all of a piece. There\u2019s a governing sense of intense exploration within self-imposed limits; of going further and further into a particular sonic palette whose colours derive from the individual instruments, the recording venue, and the countless combinations between them, and whose meanings deepen and deepen as the exploration continues. As improvised music goes, this is close to state-of-the-art.<\/p>\n<h4>Tour<\/h4>\n<p>14.01: AMR, Gen\u00e9ve (CH) 26.01: Biermannsg\u00e5rden, Oslo (N) 27.01: Earwaves, Stavanger (N) 28.01: Stord jazzklubb, Stord (N) 29.01: Kabuso, \u00d8ystese (N) 30.01: LYD, Haugesund (N) 31.01: Playdate, Bergen (N) 02.05: Arena, Moss (N) 24.05: Nutshell, Nordheimsund (N)<\/p>\n<p><\/p>","protected":false},"excerpt":{"rendered":"<p>As improvised music goes, this is close to state-of-the-art.<\/p>\n","protected":false},"featured_media":32628,"comment_status":"closed","ping_status":"open","template":"","meta":[],"product_brand":[],"product_cat":[36],"product_tag":[],"class_list":{"0":"post-35225","1":"product","2":"type-product","3":"status-publish","4":"has-post-thumbnail","6":"product_cat-hubro","7":"product_shipping_class-cddvd-shipping","8":"uni_artist_tag-2420","9":"uni_artist_tag-andreas-risanger-meland","10":"uni_artist_tag-nils-okland","11":"uni_artist_tag-oyvind-skarbo","12":"uni_artist_tag-sigbjorn-apeland","13":"uni_main_artist_tag-5297","14":"uni_artist_genre-improvised-music","15":"uni_artist_genre-instrumental","17":"first","18":"instock","19":"taxable","20":"shipping-taxable","21":"purchasable","22":"product-type-variable","23":"has-default-attributes"},"_links":{"self":[{"href":"https:\/\/grappa.no\/en\/wp-json\/wp\/v2\/product\/35225","targetHints":{"allow":["GET"]}}],"collection":[{"href":"https:\/\/grappa.no\/en\/wp-json\/wp\/v2\/product"}],"about":[{"href":"https:\/\/grappa.no\/en\/wp-json\/wp\/v2\/types\/product"}],"replies":[{"embeddable":true,"href":"https:\/\/grappa.no\/en\/wp-json\/wp\/v2\/comments?post=35225"}],"wp:featuredmedia":[{"embeddable":true,"href":"https:\/\/grappa.no\/en\/wp-json\/wp\/v2\/media\/32628"}],"wp:attachment":[{"href":"https:\/\/grappa.no\/en\/wp-json\/wp\/v2\/media?parent=35225"}],"wp:term":[{"taxonomy":"product_brand","embeddable":true,"href":"https:\/\/grappa.no\/en\/wp-json\/wp\/v2\/product_brand?post=35225"},{"taxonomy":"product_cat","embeddable":true,"href":"https:\/\/grappa.no\/en\/wp-json\/wp\/v2\/product_cat?post=35225"},{"taxonomy":"product_tag","embeddable":true,"href":"https:\/\/grappa.no\/en\/wp-json\/wp\/v2\/product_tag?post=35225"}],"curies":[{"name":"wp","href":"https:\/\/api.w.org\/{rel}","templated":true}]}}