{"id":35198,"date":"2014-09-12T00:00:00","date_gmt":"2014-09-11T23:00:00","guid":{"rendered":"http:\/\/www.grappa.no\/albums\/uncategorized\/moster-inner-earth-cd\/"},"modified":"2020-08-21T09:16:16","modified_gmt":"2020-08-21T08:16:16","slug":"inner-earth-cd","status":"publish","type":"product","link":"https:\/\/grappa.no\/en\/albums\/hubro\/inner-earth-cd\/","title":{"rendered":"Inner Earth CD"},"content":{"rendered":"<p><\/p>\n<p>Psychedelic and slow-moving voyage  After a hectic summer, touring the festivals with artists such as R\u00f6yksopp\/Robyn, Lars Vaular, Datarock and Bushman\u2019s Revenge, saxophonist and bandleader Kjetil M\u00f8ster is now releasing album number two with M\u00f8ster!, his favourite project. \u201cInner Earth\u201d is an acerbic and inquisitive masterpiece that is in many ways a clear contrast to the band\u2019s critically acclaimed first album.  This time he is joined by the legendary Hans Magnus \u201cSnah\u201d Ryan, guitarist\/vocalist in Motorpsycho; Nikolai H\u00e6ngsle Eilertsen, bass player in Elephan9 and BigBang; and the ubiquitous drummer Kenneth Kapstad, also from Motorpsycho and Grand General. The band was formed in connection with a commission for the Kongsberg Jazz Festival in 2010, and released their first album, \u201cEdvard Lygre M\u00f8ster\u201d, in March 2013 to unanimously glowing reviews.  The debut album \u201cEdvard Lygre M\u00f8ster\u201d was a powerful, ecstasy-inducing live album, and according to Kjetil M\u00f8ster this was the sound of a band that \u201cfound itself\u201d on stage in front of an audience. \u201cIt was a lucky break that we could record it properly,\u201d he says. With this follow-up the band are moving in another direction. Where the debut album was extremely spontaneous, direct and fierce, this follow-up is a more searching, prog-influenced, psychedelic and slow-moving voyage, like riding on lava flowing to the earth\u2019s core.   The album will be released both as a CD and as a 180g LP in 500 copies with a gatefold cover, with a CD included.  Concerts: 13 September: Bl\u00e6st, Trondheim (N) 17 September: Bl\u00e5, Oslo (N) 19 September: Sardinen, Bergen (N) 20 September: Consul80, Stavanger (N) 08 October: Enjoy Jazz, Mannheim (DE) 09 October: Rumor Festival, Utrecht (NL)<\/p>\n<p><!--more--><\/p>\n<p>After a hectic summer, touring the festivals with artists such as R\u00f6yksopp\/Robyn, Lars Vaular, Datarock and Bushman\u2019s Revenge, saxophonist and bandleader Kjetil M\u00f8ster is now releasing album number two with M\u00f8ster!, his favourite project. \u201cInner Earth\u201d is an acerbic and inquisitive masterpiece that is in many ways a clear contrast to the band\u2019s critically acclaimed first album.<\/p>\n<h4>Like riding on lava flowing to the earth\u2019s core<\/h4>\n<p>The debut album \u201cEdvard Lygre M\u00f8ster\u201d was a powerful, ecstasy-inducing live album, and according to Kjetil M\u00f8ster this was the sound of a band that \u201cfound itself\u201d on stage in front of an audience. \u201cIt was a lucky break that we could record it properly,\u201d he says. With this follow-up the band are moving in another direction. \u201cInner Earth\u201d was recorded with J\u00f8rgen Tr\u00e6en at Duper Studio in Bergen, a few storeys away from Kjetil M\u00f8ster\u2019s rehearsal room in the creative melting pot of Bergen Kj\u00f8tt. \u201cAs the title indicates, we\u2019ve taken a major step over to the prog camp on the new album,\u201d says Kjetil, although the jazz influence is not particularly difficult to identify this time, either. Where the debut album was extremely spontaneous, direct and fierce, this follow-up is a more searching, prog-influenced, psychedelic and slow-moving voyage, like riding on lava flowing to the earth\u2019s core.   The album will be released both as a CD and as a 180g LP in 500 copies with a gatefold cover, with a CD included.  Concerts: 13 September: Bl\u00e6st, Trondheim (N) 17 September: Bl\u00e5, Oslo (N) 19 September: Sardinen, Bergen (N) 20 September: Consul80, Stavanger (N) 08 October: Enjoy Jazz, Mannheim (DE) 09 October: Rumor Festival, Utrecht (NL)<\/p>\n<h4><\/h4>\n<\/p>\n<h4><\/h4>\n<\/p>\n<p><\/p>","protected":false},"excerpt":{"rendered":"<p>Where the debut album was extremely spontaneous, direct and fierce, this follow-up is a more searching, prog-influenced, psychedelic and slow-moving voyage, like riding on lava flowing to the earth\u2019s core.<\/p>\n","protected":false},"featured_media":27423,"comment_status":"closed","ping_status":"open","template":"","meta":[],"product_brand":[],"product_cat":[36],"product_tag":[],"class_list":{"0":"post-35198","1":"product","2":"type-product","3":"status-publish","4":"has-post-thumbnail","6":"product_cat-hubro","7":"product_shipping_class-cddvd-shipping","8":"uni_artist_tag-hans-magnus-ryan","9":"uni_artist_tag-jorgen-traeen","10":"uni_artist_tag-kenneth-kapstad","11":"uni_artist_tag-kjetil-moster","12":"uni_artist_tag-moster","13":"uni_artist_tag-nikolai-haengsle-eilertsen","14":"uni_main_artist_tag-moster","15":"uni_artist_genre-improvised-music","16":"uni_artist_genre-instrumental","17":"uni_artist_genre-jazz","18":"uni_artist_genre-rock","20":"first","21":"instock","22":"taxable","23":"shipping-taxable","24":"purchasable","25":"product-type-variable","26":"has-default-attributes"},"_links":{"self":[{"href":"https:\/\/grappa.no\/en\/wp-json\/wp\/v2\/product\/35198","targetHints":{"allow":["GET"]}}],"collection":[{"href":"https:\/\/grappa.no\/en\/wp-json\/wp\/v2\/product"}],"about":[{"href":"https:\/\/grappa.no\/en\/wp-json\/wp\/v2\/types\/product"}],"replies":[{"embeddable":true,"href":"https:\/\/grappa.no\/en\/wp-json\/wp\/v2\/comments?post=35198"}],"wp:featuredmedia":[{"embeddable":true,"href":"https:\/\/grappa.no\/en\/wp-json\/wp\/v2\/media\/27423"}],"wp:attachment":[{"href":"https:\/\/grappa.no\/en\/wp-json\/wp\/v2\/media?parent=35198"}],"wp:term":[{"taxonomy":"product_brand","embeddable":true,"href":"https:\/\/grappa.no\/en\/wp-json\/wp\/v2\/product_brand?post=35198"},{"taxonomy":"product_cat","embeddable":true,"href":"https:\/\/grappa.no\/en\/wp-json\/wp\/v2\/product_cat?post=35198"},{"taxonomy":"product_tag","embeddable":true,"href":"https:\/\/grappa.no\/en\/wp-json\/wp\/v2\/product_tag?post=35198"}],"curies":[{"name":"wp","href":"https:\/\/api.w.org\/{rel}","templated":true}]}}