{"id":35180,"date":"2013-10-04T00:00:00","date_gmt":"2013-10-03T23:00:00","guid":{"rendered":"http:\/\/www.grappa.no\/albums\/uncategorized\/skadedyr-kongekrabbe\/"},"modified":"2020-08-21T08:58:06","modified_gmt":"2020-08-21T07:58:06","slug":"kongekrabbe","status":"publish","type":"product","link":"https:\/\/grappa.no\/en\/albums\/hubro\/kongekrabbe\/","title":{"rendered":"Kongekrabbe"},"content":{"rendered":"<p><\/p>\n<p>Debut album from one of Norway\u00b4s most exciting young bands  Kongekrabbe is the democratic\/anarchistic band Skadedyr\u2019s debut album. They have swiftly gained a reputation as one of Norway\u2019s most exciting ensembles. Skadedyr consists of a total of 12 musicians and an even larger assortment of instruments. With a brass section, guitars, keyboards, vocals, two drummers, strings and an accordion, the musical images and narratives just pour out of them.   Skadedyr was founded by Hei\u00f0a Karine J\u00f3hannesd\u00f3ttir Mobeck and Anja Lauvdal, who also played in the now disbanded group Your Headlights Are On. These two musicians are also the driving force behind the inventive material on Skadedyr\u2019s debut album. The members of the band rehearse and arrange all the music jointly \u2013 without notes, but with wide-open ears and eyes. Young, promising musicians from bands such as Moskus, Broen \u00d3sk, Karokh, Sn\u00f8skred, Skrap and Hullyboo are also part of the ensemble.  The album was recorded live in the studio in the course of only one day with producer Andreas Mj\u00f8s (Jaga Jazzist), and bears witness to an extraordinarily coherent and original band with an appreciation of both the psychedelic, progressive and outrageous and the earthy and melodious aspects of music. The musicians in Skadedyr accept no limits and deny themselves nothing. They derive inspiration from every type of music that they love, and the large number of players enables them to let themselves loose in a correspondingly broad musical landscape.   Kongekrabbe is the first album from a band that we can guarantee will appeal to a wide variety of musical audiences with its uncompromising and captivating music. Highly recommended!<\/p>\n<p><!--more--><\/p>\n<p>Kongekrabbe is the democratic\/anarchistic band Skadedyr\u2019s debut album. They have swiftly gained a reputation as one of Norway\u2019s most exciting ensembles. Skadedyr consists of a total of 12 musicians and an even larger assortment of instruments. With a brass section, guitars, keyboards, vocals, two drummers, strings and an accordion, the musical images and narratives just pour out of them.<\/p>\n<h4>Live in studio<\/h4>\n<p>The album was recorded live in the studio in the course of only one day with producer Andreas Mj\u00f8s (Jaga Jazzist), and bears witness to an extraordinarily coherent and original band with an appreciation of both the psychedelic, progressive and outrageous and the earthy and melodious aspects of music. The musicians in Skadedyr accept no limits and deny themselves nothing. They derive inspiration from every type of music that they love, and the large number of players enables them to let themselves loose in a correspondingly broad musical landscape.   Kongekrabbe is the first album from a band that we can guarantee will appeal to a wide variety of musical audiences with its uncompromising and captivating music. Highly recommended!<\/p>\n<h4><\/h4>\n<\/p>\n<h4><\/h4>\n<\/p>\n<p><\/p>","protected":false},"excerpt":{"rendered":"<p>The first album from a band that we can guarantee will appeal to a wide variety of musical audiences with its uncompromising and captivating music.<\/p>\n","protected":false},"featured_media":27402,"comment_status":"closed","ping_status":"open","template":"","meta":[],"product_brand":[],"product_cat":[36],"product_tag":[],"class_list":{"0":"post-35180","1":"product","2":"type-product","3":"status-publish","4":"has-post-thumbnail","6":"product_cat-hubro","7":"product_shipping_class-cddvd-shipping","8":"uni_artist_tag-adrian-loseth-waade","9":"uni_artist_tag-andreas-mjos","10":"uni_artist_tag-anja-lauvdal","11":"uni_artist_tag-fredrik-luhr-dietrichson","12":"uni_artist_tag-hans-hulbaekmo","13":"uni_artist_tag-heida-katine-johannesdottir-mobeck","14":"uni_artist_tag-henrik-munkeby-norstebo","15":"uni_artist_tag-ida-lovli-hidle","16":"uni_artist_tag-ina-sagstuen","17":"uni_artist_tag-joakim-heibo","18":"uni_artist_tag-lars-ove-fossheim","19":"uni_artist_tag-marius-klovning","20":"uni_artist_tag-skadedyr","21":"uni_artist_tag-torstein-lavik-larsen","22":"uni_main_artist_tag-skadedyr","23":"uni_artist_genre-instrumental","24":"uni_artist_genre-jazz","25":"uni_artist_genre-rock","27":"first","28":"instock","29":"taxable","30":"shipping-taxable","31":"purchasable","32":"product-type-variable","33":"has-default-attributes"},"_links":{"self":[{"href":"https:\/\/grappa.no\/en\/wp-json\/wp\/v2\/product\/35180","targetHints":{"allow":["GET"]}}],"collection":[{"href":"https:\/\/grappa.no\/en\/wp-json\/wp\/v2\/product"}],"about":[{"href":"https:\/\/grappa.no\/en\/wp-json\/wp\/v2\/types\/product"}],"replies":[{"embeddable":true,"href":"https:\/\/grappa.no\/en\/wp-json\/wp\/v2\/comments?post=35180"}],"wp:featuredmedia":[{"embeddable":true,"href":"https:\/\/grappa.no\/en\/wp-json\/wp\/v2\/media\/27402"}],"wp:attachment":[{"href":"https:\/\/grappa.no\/en\/wp-json\/wp\/v2\/media?parent=35180"}],"wp:term":[{"taxonomy":"product_brand","embeddable":true,"href":"https:\/\/grappa.no\/en\/wp-json\/wp\/v2\/product_brand?post=35180"},{"taxonomy":"product_cat","embeddable":true,"href":"https:\/\/grappa.no\/en\/wp-json\/wp\/v2\/product_cat?post=35180"},{"taxonomy":"product_tag","embeddable":true,"href":"https:\/\/grappa.no\/en\/wp-json\/wp\/v2\/product_tag?post=35180"}],"curies":[{"name":"wp","href":"https:\/\/api.w.org\/{rel}","templated":true}]}}