{"id":35174,"date":"2015-09-18T00:00:00","date_gmt":"2015-09-17T23:00:00","guid":{"rendered":"http:\/\/www.grappa.no\/albums\/uncategorized\/geir-sundstol-furulund\/"},"modified":"2020-09-22T07:10:33","modified_gmt":"2020-09-22T06:10:33","slug":"furulund","status":"publish","type":"product","link":"https:\/\/grappa.no\/en\/albums\/hubro\/furulund\/","title":{"rendered":"Furulund"},"content":{"rendered":"<p><\/p>\n<p>Original, eccentric and lovely Solo debut album from a Norwegian guitar player that has played on more than 260 albums so far &#8211; with artists ranging from Jimmy Dale Gilmoure to Nils Petter Molv\u00e6r. \u201cFurulund\u201d is a collection of atmospheric, low-key and evocative instrumental pieces, recorded in analogue at Geir Sundst\u00f8l\u2019s home studio, Studio Intim. His music draws inspiration from jazz, blues, roots and country, but can be characterised most of all as original, eccentric and lovely. Sundst\u00f8l is an avid collector of instruments, and his home studio is full of rare and unusual finds. He plays most of the instruments on the record himself, but has also enjoyed the input of a few colleagues representing what can without exaggeration be called the upper echelon.<\/p>\n<p><!--more--><\/p>\n<p>\u201cFurulund\u201d is a collection of atmospheric, low-key and evocative instrumental pieces, recorded in analogue at Geir Sundst\u00f8l\u2019s home studio, Studio Intim.<\/p>\n<h4><\/h4>\n<p>Sundst\u00f8l has toured all over the world, and has been the most frequently played performer on Norwegian radio for several years. A concert he held with country artist Jimmie Dale Gilmore in the USA in the 1990s gave film directors and brothers Joel and Ethan Coen the inspiration for Gaear Grimsrud, Peter Stormare\u2019s character in the film \u201cFargo\u201d.<\/p>\n<h4><\/h4>\n<p>His music draws inspiration from jazz, blues, roots and country, but can be characterised most of all as original, eccentric and lovely. Sundst\u00f8l is an avid collector of instruments, and his home studio is full of rare and unusual finds. He plays most of the instruments on the record himself, but has also enjoyed the input of a few colleagues representing what can without exaggeration be called the upper echelon: keyboardist David Wallumr\u00f8d (Bernhoft) and drummers Erland Dahlen and Michael Blair (Tom Waits, Elvis Costello, Lou Reed). Dahlen and Sundst\u00f8l have played together in a number of contexts, including Nils Petter Molv\u00e6r\u2019s group and the band Morris.<\/p>\n<h4><\/h4>\n<p>\u201cFurulund\u201d was mixed by B\u00e5rd Ingebrigtsen at Amper Tone Studio, and mastered by Helge Sten at Audio Virus Lab. \u201cFurulund\u201d is available both as a CD and as a deluxe, limited edition 180g LP with a CD included.<\/p>\n<p><\/p>","protected":false},"excerpt":{"rendered":"<p>\u201cFurulund\u201d is available both as a CD and as a deluxe, limited edition 180g LP with a download code.<\/p>\n","protected":false},"featured_media":27395,"comment_status":"closed","ping_status":"closed","template":"","meta":[],"product_brand":[],"product_cat":[36],"product_tag":[],"class_list":{"0":"post-35174","1":"product","2":"type-product","3":"status-publish","4":"has-post-thumbnail","6":"product_cat-hubro","7":"product_shipping_class-cddvd-shipping","8":"uni_artist_tag-david-wallumrod","9":"uni_artist_tag-erland-dahlen","10":"uni_artist_tag-geir-sundstol","11":"uni_artist_tag-michael-blair","12":"uni_main_artist_tag-geir-sundstol","13":"uni_artist_genre-blues","14":"uni_artist_genre-instrumental","15":"uni_artist_genre-jazz","17":"first","18":"instock","19":"taxable","20":"shipping-taxable","21":"purchasable","22":"product-type-variable","23":"has-default-attributes"},"_links":{"self":[{"href":"https:\/\/grappa.no\/en\/wp-json\/wp\/v2\/product\/35174","targetHints":{"allow":["GET"]}}],"collection":[{"href":"https:\/\/grappa.no\/en\/wp-json\/wp\/v2\/product"}],"about":[{"href":"https:\/\/grappa.no\/en\/wp-json\/wp\/v2\/types\/product"}],"replies":[{"embeddable":true,"href":"https:\/\/grappa.no\/en\/wp-json\/wp\/v2\/comments?post=35174"}],"wp:featuredmedia":[{"embeddable":true,"href":"https:\/\/grappa.no\/en\/wp-json\/wp\/v2\/media\/27395"}],"wp:attachment":[{"href":"https:\/\/grappa.no\/en\/wp-json\/wp\/v2\/media?parent=35174"}],"wp:term":[{"taxonomy":"product_brand","embeddable":true,"href":"https:\/\/grappa.no\/en\/wp-json\/wp\/v2\/product_brand?post=35174"},{"taxonomy":"product_cat","embeddable":true,"href":"https:\/\/grappa.no\/en\/wp-json\/wp\/v2\/product_cat?post=35174"},{"taxonomy":"product_tag","embeddable":true,"href":"https:\/\/grappa.no\/en\/wp-json\/wp\/v2\/product_tag?post=35174"}],"curies":[{"name":"wp","href":"https:\/\/api.w.org\/{rel}","templated":true}]}}