{"id":35162,"date":"2013-03-15T00:00:00","date_gmt":"2013-03-14T23:00:00","guid":{"rendered":"http:\/\/www.grappa.no\/albums\/uncategorized\/moster-edvard-lygre-moster\/"},"modified":"2024-10-07T09:34:10","modified_gmt":"2024-10-07T08:34:10","slug":"edvard-lygre-moster","status":"publish","type":"product","link":"https:\/\/grappa.no\/en\/albums\/hubro\/edvard-lygre-moster\/","title":{"rendered":"Edvard Lygre M\u00f8ster"},"content":{"rendered":"<p><\/p>\n<p>Powerful live debut album Saxophonist Kjetil M\u00f8ster has been one of our very favourite musicians for a long time. In the band M\u00f8ster he is fronting a dream team of Norwegian musicians: St\u00e5le Storl\u00f8kken (Supersilent), Nikolai Eilertsen (Elephant 9, Big Bang) and Kenneth Kapstad (Motorpsycho). We are proud to be able to release Edvard Lygre M\u00f8ster, a powerful live album recorded at the Victoria in Oslo in December 2011. Kjetil M\u00f8ster\u2019s tenor sax playing in bands such as Ultralyd, Zaussi Five and The Core, and in collaboration with Chick Corea and the Trondheim Jazzorkester, has placed him firmly on the map. He was voted \u201cInternational Young Jazz Talent\u201d in 2006 by the organisations IJFO and IAJE. The band \u201cM\u00f8ster\u201d was formed when he was invited to the Kongsberg Jazzfestival in 2010, and marked Kjetil\u2019s return to jazz after extensive tours of several years\u2019 duration with the electro-rock band Datarock. The group\u2019s musical idiom is energetic, rock-inspired and dark, and according to Kjetil his goal with the band is to place the artistic style and intensity of his hero John Coltrane in a modern context. For me, this album is a personal expression of the music I have listened to and what I have been thinking about since I was a child.\u201d Kjetil M\u00f8ster was given free rein when putting his new band together, and all the musicians he chose have a personal relationship with much of the music of the 1960s and 70s, and are trying to convey these traditions to a new landscape. He describes the group\u2019s musicians individually: Keyboard player St\u00e5le Storl\u00f8kken operates in an exquisite and colourful universe of sound, while at the same time he is an encyclopaedia of prog-rock and has explored early jazz-rock thoroughly. Bassist Nikolai Eilertsen, in addition to being among the few who have kept the warm, deep groove of 1970s funk and soul, is a virtuoso of the highest order, with both an excellent overview of harmony and a sense of freedom in his improvisations. Kenneth Kapstad is an immensely flexible drummer, with exceptional tenacity and technique. It is not without reason that the band M\u00f8ster\u2019s first album is a live recording. \u201cI think that every band discovers itself on stage, in front of an audience,\u201d says Kjetil. \u201cIt was at the concert presented on this album that we found our voice as a band, and it was a lucky coincidence that we were able to have it recorded so successfully.\u201d<\/p>\n<p><!--more--><\/p>\n<p>Saxophonist Kjetil M\u00f8ster has been one of our very favourite musicians for a long time. In the band M\u00f8ster he is fronting a dream team of Norwegian musicians: St\u00e5le Storl\u00f8kken (Supersilent), Nikolai Eilertsen (Elephant 9, Big Bang) and Kenneth Kapstad (Motorpsycho). We are proud to be able to release Edvard Lygre M\u00f8ster, a powerful live album recorded at the Victoria in Oslo in December 2011.<\/p>\n<h4>Free rein<\/h4>\n<p>Kjetil M\u00f8ster was given free rein when putting his new band together, and all the musicians he chose have a personal relationship with much of the music of the 1960s and 70s, and are trying to convey these traditions to a new landscape. He describes the group\u2019s musicians individually: Keyboard player St\u00e5le Storl\u00f8kken operates in an exquisite and colourful universe of sound, while at the same time he is an encyclopaedia of prog-rock and has explored early jazz-rock thoroughly. Bassist Nikolai Eilertsen, in addition to being among the few who have kept the warm, deep groove of 1970s funk and soul, is a virtuoso of the highest order, with both an excellent overview of harmony and a sense of freedom in his improvisations. Kenneth Kapstad is an immensely flexible drummer, with exceptional tenacity and technique. It is not without reason that the band M\u00f8ster\u2019s first album is a live recording. \u201cI think that every band discovers itself on stage, in front of an audience,\u201d says Kjetil. \u201cIt was at the concert presented on this album that we found our voice as a band, and it was a lucky coincidence that we were able to have it recorded so successfully.\u201d<\/p>\n<h4><\/h4>\n<h4><\/h4>\n<p><\/p>","protected":false},"excerpt":{"rendered":"<p>\u201cIt was at the concert presented on this album that we found our voice as a band, and it was a lucky coincidence that we were able to have it recorded so successfully.\u201d<\/p>\n","protected":false},"featured_media":27389,"comment_status":"closed","ping_status":"closed","template":"","meta":[],"product_brand":[],"product_cat":[36],"product_tag":[],"class_list":{"0":"post-35162","1":"product","2":"type-product","3":"status-publish","4":"has-post-thumbnail","6":"product_cat-hubro","7":"product_shipping_class-cddvd-shipping","8":"uni_artist_tag-kenneth-kapstad","9":"uni_artist_tag-kjetil-moster","10":"uni_artist_tag-moster","11":"uni_artist_tag-nikolai-haengsle-eilertsen","12":"uni_artist_tag-stale-storlokken","13":"uni_main_artist_tag-moster","14":"uni_artist_genre-jazz","15":"uni_artist_genre-rock","17":"first","18":"instock","19":"taxable","20":"shipping-taxable","21":"purchasable","22":"product-type-variable","23":"has-default-attributes"},"_links":{"self":[{"href":"https:\/\/grappa.no\/en\/wp-json\/wp\/v2\/product\/35162","targetHints":{"allow":["GET"]}}],"collection":[{"href":"https:\/\/grappa.no\/en\/wp-json\/wp\/v2\/product"}],"about":[{"href":"https:\/\/grappa.no\/en\/wp-json\/wp\/v2\/types\/product"}],"replies":[{"embeddable":true,"href":"https:\/\/grappa.no\/en\/wp-json\/wp\/v2\/comments?post=35162"}],"wp:featuredmedia":[{"embeddable":true,"href":"https:\/\/grappa.no\/en\/wp-json\/wp\/v2\/media\/27389"}],"wp:attachment":[{"href":"https:\/\/grappa.no\/en\/wp-json\/wp\/v2\/media?parent=35162"}],"wp:term":[{"taxonomy":"product_brand","embeddable":true,"href":"https:\/\/grappa.no\/en\/wp-json\/wp\/v2\/product_brand?post=35162"},{"taxonomy":"product_cat","embeddable":true,"href":"https:\/\/grappa.no\/en\/wp-json\/wp\/v2\/product_cat?post=35162"},{"taxonomy":"product_tag","embeddable":true,"href":"https:\/\/grappa.no\/en\/wp-json\/wp\/v2\/product_tag?post=35162"}],"curies":[{"name":"wp","href":"https:\/\/api.w.org\/{rel}","templated":true}]}}