{"id":35153,"date":"2013-03-01T00:00:00","date_gmt":"2013-02-28T23:00:00","guid":{"rendered":"http:\/\/www.grappa.no\/albums\/uncategorized\/bly-de-blyant-abc\/"},"modified":"2020-08-21T08:57:49","modified_gmt":"2020-08-21T07:57:49","slug":"abc","status":"publish","type":"product","link":"https:\/\/grappa.no\/en\/albums\/hubro\/abc\/","title":{"rendered":"ABC"},"content":{"rendered":"<p><\/p>\n<p>ABC  Bly de Blyant\u2019s debut album offers inspired, imaginative and rock-oriented music from a trio of improvisers that denies itself nothing. \u201cFree improvisation is a method, not a genre,\u201d wrote drummer \u00d8yvind Skarb\u00f8 (1982, H\u00e5kon Kornstad Tenor Battle) in the cover text. \u201cAs soon as it becomes a genre, you lose all your freedom.\u201d  In addition to Skarb\u00f8 the trio comprises Brooklyn-based multi-instrumentalist Shahzad Ismaily (Marc Ribot, Will Oldham, John Zorn) and Icelandic guitarist Hilmar Jensson (Tyft, Jim Black, Trevor Dunn). Skarb\u00f8 had collaborated with both Jensson and Ismaily on several previous occasions, but Bly de Blyant is the first project where all three are playing together.  Freedom and the desire to release control are essential elements of ABC, an album that offers music ranging from jazz, math rock and unexpected miniatures to a Prince cover.   The album was recorded at Grieghallen Studio, in Skarb\u00f8\u2019s home city of Bergen, together with technician Davide Bertolini. Inspired by the old-fashioned method of recording music, they decided to place all the musicians in the same room, without headphones.<\/p>\n<p><!--more--><\/p>\n<p>Bly de Blyant\u2019s debut album offers inspired, imaginative and rock-oriented music from a trio of improvisers that denies itself nothing. \u201cFree improvisation is a method, not a genre,\u201d wrote drummer \u00d8yvind Skarb\u00f8 (1982, H\u00e5kon Kornstad Tenor Battle) in the cover text. \u201cAs soon as it becomes a genre, you lose all your freedom.\u201d<\/p>\n<h4>Release control<\/h4>\n<p>Freedom and the desire to release control are essential elements of ABC, an album that offers music ranging from jazz, math rock and unexpected miniatures to a Prince cover.   The album was recorded at Grieghallen Studio, in Skarb\u00f8\u2019s home city of Bergen, together with technician Davide Bertolini. Inspired by the old-fashioned method of recording music, they decided to place all the musicians in the same room, without headphones.  \u201cShahzad had his corner, with a recently restored Hammond organ, an ancient Moog synth, and a beautiful Fender Precision bass from the early 70s that Davide let him borrow. Hilmar had his usual rig with a guitar and an extremely ingenious, meticulously thought-out pedal system, and I had my drums with calfskin heads and only two mikes for the whole set. So everything was touched with a little bit of nostalgia, which was more of an inspiration than a hindrance,\u201d recalls Skarb\u00f8.<\/p>\n<h4><\/h4>\n<\/p>\n<h4><\/h4>\n<\/p>\n<p><\/p>","protected":false},"excerpt":{"rendered":"<p>Inspired, imaginative and rock-oriented music from a trio of improvisers that denies itself nothing<\/p>\n","protected":false},"featured_media":27378,"comment_status":"closed","ping_status":"open","template":"","meta":[],"product_brand":[],"product_cat":[36],"product_tag":[],"class_list":{"0":"post-35153","1":"product","2":"type-product","3":"status-publish","4":"has-post-thumbnail","6":"product_cat-hubro","7":"product_shipping_class-cddvd-shipping","8":"uni_artist_tag-bly-de-blyant","9":"uni_artist_tag-hilmar-jensson","10":"uni_artist_tag-oyvind-skarbo","11":"uni_artist_tag-shahzad-ismaily","12":"uni_artist_tag-willie-dixon","13":"uni_main_artist_tag-bly-de-blyant","14":"uni_artist_genre-improvised-music","15":"uni_artist_genre-instrumental","17":"first","18":"instock","19":"taxable","20":"shipping-taxable","21":"purchasable","22":"product-type-variable","23":"has-default-attributes"},"_links":{"self":[{"href":"https:\/\/grappa.no\/en\/wp-json\/wp\/v2\/product\/35153","targetHints":{"allow":["GET"]}}],"collection":[{"href":"https:\/\/grappa.no\/en\/wp-json\/wp\/v2\/product"}],"about":[{"href":"https:\/\/grappa.no\/en\/wp-json\/wp\/v2\/types\/product"}],"replies":[{"embeddable":true,"href":"https:\/\/grappa.no\/en\/wp-json\/wp\/v2\/comments?post=35153"}],"wp:featuredmedia":[{"embeddable":true,"href":"https:\/\/grappa.no\/en\/wp-json\/wp\/v2\/media\/27378"}],"wp:attachment":[{"href":"https:\/\/grappa.no\/en\/wp-json\/wp\/v2\/media?parent=35153"}],"wp:term":[{"taxonomy":"product_brand","embeddable":true,"href":"https:\/\/grappa.no\/en\/wp-json\/wp\/v2\/product_brand?post=35153"},{"taxonomy":"product_cat","embeddable":true,"href":"https:\/\/grappa.no\/en\/wp-json\/wp\/v2\/product_cat?post=35153"},{"taxonomy":"product_tag","embeddable":true,"href":"https:\/\/grappa.no\/en\/wp-json\/wp\/v2\/product_tag?post=35153"}],"curies":[{"name":"wp","href":"https:\/\/api.w.org\/{rel}","templated":true}]}}