{"id":35150,"date":"2012-10-12T00:00:00","date_gmt":"2012-10-11T23:00:00","guid":{"rendered":"http:\/\/www.grappa.no\/albums\/uncategorized\/1982-bj-cole\/"},"modified":"2020-08-21T08:57:47","modified_gmt":"2020-08-21T07:57:47","slug":"1982-bj-cole","status":"publish","type":"product","link":"https:\/\/grappa.no\/en\/albums\/hubro\/1982-bj-cole\/","title":{"rendered":"1982 + BJ Cole"},"content":{"rendered":"<p><\/p>\n<p>First meeting   BJ Cole can without a doubt be called a living legend. He has been an active musician since the early 1970s within a wide range of genres from pop and rock to jazz and more experimental music. His list of credits is substantial and impressive, to say the least. He has played on albums and toured with Sting, T. Rex, Bj\u00f8rk, Emmylou Harris, Elton John, Iggy Pop, REM, Brian Eno, Luke Vibert, David Sylvian, Roy Harper and countless others. The group 1982 had discussed often, over a long period of time, that it would be exciting to invite a guest to play with them. This would help them develop as a band and explore new terrain. Nils \u00d8kland suggested BJ Cole. They had played together by chance a few years earlier on the initiative of BBC 3 Late Junction presenter Fiona Talkington. Without having played together before, the four musicians entered the Grieg Hall studio after a light lunch and recorded for an entire day. All the musicians were placed in the same room, the same way 1982 had recorded their previous albums. BJ Cole brings a new sound dimension to the music of 1982, and the soundscape plays perhaps a greater role on this album than on previous ones. But above all, this is intriguing music with a solid basis at the point of intersection of many different genres.<\/p>\n<p><!--more--><\/p>\n<p>BJ Cole can without a doubt be called a living legend. He has been an active musician since the early 1970s within a wide range of genres from pop and rock to jazz and more experimental music. His list of credits is substantial and impressive, to say the least. He has played on albums and toured with Sting, T. Rex, Bj\u00f8rk, Emmylou Harris, Elton John, Iggy Pop, REM, Brian Eno, Luke Vibert, David Sylvian, Roy Harper and countless others.<\/p>\n<h4>First meeting<\/h4>\n<p>\u201cWe thought this was a good and, not least, unusual choice,\u201d says drummer and producer \u00d8yvind Skarb\u00f8. Without having played together before, the four musicians entered the Grieg Hall studio after a light lunch and recorded for an entire day. All the musicians were placed in the same room, the same way 1982 had recorded their previous albums. According to Skarb\u00f8, \u201cWe had never played together before, and I hadn\u2019t even met him. Mainly, we improvised freely for a few hours. At intervals we tried more concrete things, for instance a special fiddle tuning, or we recorded an entire track based on one random idea somebody had during one of the freer sessions.\u201d<\/p>\n<h4>New dimensions<\/h4>\n<p>BJ Cole brings a new sound dimension to the music of 1982, and the soundscape plays perhaps a greater role on this album than on previous ones. But above all, this is intriguing music with a solid basis at the point of intersection of many different genres.<\/p>\n<h4>About 1982<\/h4>\n<p>Fiddler Nils \u00d8kland comes from the world of folk music, and is internationally recognised for his innovative style of playing. He has released solo albums on the ECM and Rune Grammofon labels to rave reviews, and was a member of the Christian Wallumr\u00f8d Ensemble for many years.  Sigbj\u00f8rn Apeland plays church organ and harmonium, and holds Norway\u2019s only doctorate in ethnomusicology. He is renowned for operating in the borderland between folk music, church music and improvisation, and has played with musicians such as H\u00e5kon Kornstad, John Stevens, folk singers \u00c5sne Valland Nordli, Berit Opheim Versto and Agnes Buen Garn\u00e5s, electronica innovators Alog, and noise duo Golden Serenades.  Drummer \u00d8yvind Skarb\u00f8 studied with Terje Isungset and has made study trips to Nigeria and Cuba. He currently plays with Bly de Blyant, BMX and H\u00e5kon Kornstad.  The album was recorded and mixed at the Grieg Hall together with technician Davide Bertolini.<\/p>\n<p><\/p>","protected":false},"excerpt":{"rendered":"<p>This is intriguing music with a solid basis at the point of intersection of many different genres.<\/p>\n","protected":false},"featured_media":27376,"comment_status":"closed","ping_status":"open","template":"","meta":[],"product_brand":[],"product_cat":[36],"product_tag":[],"class_list":{"0":"post-35150","1":"product","2":"type-product","3":"status-publish","4":"has-post-thumbnail","6":"product_cat-hubro","7":"product_shipping_class-cddvd-shipping","8":"uni_artist_genre-improvised-music","9":"uni_artist_genre-instrumental","11":"first","12":"instock","13":"taxable","14":"shipping-taxable","15":"purchasable","16":"product-type-variable","17":"has-default-attributes"},"_links":{"self":[{"href":"https:\/\/grappa.no\/en\/wp-json\/wp\/v2\/product\/35150","targetHints":{"allow":["GET"]}}],"collection":[{"href":"https:\/\/grappa.no\/en\/wp-json\/wp\/v2\/product"}],"about":[{"href":"https:\/\/grappa.no\/en\/wp-json\/wp\/v2\/types\/product"}],"replies":[{"embeddable":true,"href":"https:\/\/grappa.no\/en\/wp-json\/wp\/v2\/comments?post=35150"}],"wp:featuredmedia":[{"embeddable":true,"href":"https:\/\/grappa.no\/en\/wp-json\/wp\/v2\/media\/27376"}],"wp:attachment":[{"href":"https:\/\/grappa.no\/en\/wp-json\/wp\/v2\/media?parent=35150"}],"wp:term":[{"taxonomy":"product_brand","embeddable":true,"href":"https:\/\/grappa.no\/en\/wp-json\/wp\/v2\/product_brand?post=35150"},{"taxonomy":"product_cat","embeddable":true,"href":"https:\/\/grappa.no\/en\/wp-json\/wp\/v2\/product_cat?post=35150"},{"taxonomy":"product_tag","embeddable":true,"href":"https:\/\/grappa.no\/en\/wp-json\/wp\/v2\/product_tag?post=35150"}],"curies":[{"name":"wp","href":"https:\/\/api.w.org\/{rel}","templated":true}]}}