{"id":35138,"date":"2011-11-18T00:00:00","date_gmt":"2011-11-17T23:00:00","guid":{"rendered":"http:\/\/www.grappa.no\/albums\/uncategorized\/tore-brunborg-kirsti-huke-scent-of-soil\/"},"modified":"2020-08-21T08:57:39","modified_gmt":"2020-08-21T07:57:39","slug":"scent-of-soil","status":"publish","type":"product","link":"https:\/\/grappa.no\/en\/albums\/hubro\/scent-of-soil\/","title":{"rendered":"Scent of Soil"},"content":{"rendered":"<p><\/p>\n<p>Exciting and accessible debut album  The band Scent of Soil is fronted by vocalist Kirsti Huke and saxophonist Tore Brunborg. On this, their first album, they make use of material from a critically acclaimed commissioned work they wrote together for the Vossa Jazz Festival in 2010. The nine powerful and visually rich songs they present here are all related to nature, each in its own way. Kirsti Huke has worked in both rock and jazz genres, and has released two highly praised albums under her own name. Her voice has been described as both \u201ca honey jar\u201d and \u201ca powerhouse\u201d, which indicates the breadth of her approach to jazz standards, pop and rock. Tore Brunborg is undoubtedly one of the most important Norwegian saxophonists in the generation that followed Jan Garbarek. He had his breakthrough in the 1980s with the group Masqualero, which also featured Nils Petter Molv\u00e6r, Arild Andersen and Jon Christensen. During the past few years he has worked with Mathias Eick, Manu Katch\u00e9, the Tord Gustavsen Ensemble and Ketil Bj\u00f8rnstad. He also plays a key role on two of Mats Eilertsen\u2019s records on the HUBRO label: Radio Yonder and Sky Dive. Scent of Soil\u2019s music ranges from energetic rock to tender ballads in which the group\u2019s jazz roots emerge more distinctly. Huke and Brunborg have put together an exciting band with musicians who have all worked extensively with boundary-defying music, and their references to the alternative rock scene are very much in evidence.<\/p>\n<p><!--more--><\/p>\n<p>The band Scent of Soil is fronted by vocalist Kirsti Huke and saxophonist Tore Brunborg. On this, their first album, they make use of material from a critically acclaimed commissioned work they wrote together for the Vossa Jazz Festival in 2010. The nine powerful and visually rich songs they present here are all related to nature, each in its own way.<\/p>\n<h4>About the project<\/h4>\n<p>Kirsti Huke has worked in both rock and jazz genres, and has released two highly praised albums under her own name. Her voice has been described as both \u201ca honey jar\u201d and \u201ca powerhouse\u201d, which indicates the breadth of her approach to jazz standards, pop and rock.  Tore Brunborg is undoubtedly one of the most important Norwegian saxophonists in the generation that followed Jan Garbarek. He had his breakthrough in the 1980s with the group Masqualero, which also featured Nils Petter Molv\u00e6r, Arild Andersen and Jon Christensen. During the past few years he has worked with Mathias Eick, Manu Katch\u00e9, the Tord Gustavsen Ensemble and Ketil Bj\u00f8rnstad. He also plays a key role on two of Mats Eilertsen\u2019s records on the HUBRO label: Radio Yonder and Sky Dive.<\/p>\n<h4>Jazz and rock<\/h4>\n<p>Scent of Soil\u2019s music ranges from energetic rock to tender ballads in which the group\u2019s jazz roots emerge more distinctly. Huke and Brunborg have put together an exciting band with musicians who have all worked extensively with boundary-defying music, and their references to the alternative rock scene are very much in evidence.  Guitarist Petter V\u00e5gan plays together with Huke in the rock band \u2013phy, and is also known as a member of Marvel Machine, Eyewaterlilies, Vertex and Petter O Hanna. Bassist Rune Nergaard and drummer Gard Nilssen have performed together in several different bands, but are perhaps best known from the free rock band Bushman\u2019s Revenge. Nilssen also plays with Susanne Sundf\u00f8r, Puma and Mathias Eick.  Scent of Soil\u2019s debut album is both exciting and accessible \u2013 a record abounding in musical high points. Highly recommended!<\/p>\n<h4><\/h4>\n<\/p>\n<p><\/p>","protected":false},"excerpt":{"rendered":"<p>Scent of Soil\u2019s debut album is both exciting and accessible \u2013 a record abounding in musical high points. Highly recommended!<\/p>\n","protected":false},"featured_media":27358,"comment_status":"closed","ping_status":"open","template":"","meta":[],"product_brand":[],"product_cat":[36],"product_tag":[],"class_list":{"0":"post-35138","1":"product","2":"type-product","3":"status-publish","4":"has-post-thumbnail","6":"product_cat-hubro","7":"product_shipping_class-cddvd-shipping","8":"uni_artist_tag-gard-nilssen","9":"uni_artist_tag-kirsti-huke","10":"uni_artist_tag-petter-vagan","11":"uni_artist_tag-rune-nergaard","12":"uni_artist_tag-tore-brunborg","13":"uni_main_artist_tag-kirsti-huke","14":"uni_artist_genre-jazz","15":"uni_artist_genre-pop","16":"uni_artist_genre-rock","18":"first","19":"instock","20":"taxable","21":"shipping-taxable","22":"purchasable","23":"product-type-variable","24":"has-default-attributes"},"_links":{"self":[{"href":"https:\/\/grappa.no\/en\/wp-json\/wp\/v2\/product\/35138","targetHints":{"allow":["GET"]}}],"collection":[{"href":"https:\/\/grappa.no\/en\/wp-json\/wp\/v2\/product"}],"about":[{"href":"https:\/\/grappa.no\/en\/wp-json\/wp\/v2\/types\/product"}],"replies":[{"embeddable":true,"href":"https:\/\/grappa.no\/en\/wp-json\/wp\/v2\/comments?post=35138"}],"wp:featuredmedia":[{"embeddable":true,"href":"https:\/\/grappa.no\/en\/wp-json\/wp\/v2\/media\/27358"}],"wp:attachment":[{"href":"https:\/\/grappa.no\/en\/wp-json\/wp\/v2\/media?parent=35138"}],"wp:term":[{"taxonomy":"product_brand","embeddable":true,"href":"https:\/\/grappa.no\/en\/wp-json\/wp\/v2\/product_brand?post=35138"},{"taxonomy":"product_cat","embeddable":true,"href":"https:\/\/grappa.no\/en\/wp-json\/wp\/v2\/product_cat?post=35138"},{"taxonomy":"product_tag","embeddable":true,"href":"https:\/\/grappa.no\/en\/wp-json\/wp\/v2\/product_tag?post=35138"}],"curies":[{"name":"wp","href":"https:\/\/api.w.org\/{rel}","templated":true}]}}