{"id":35132,"date":"2011-09-30T00:00:00","date_gmt":"2011-09-29T23:00:00","guid":{"rendered":"http:\/\/www.grappa.no\/albums\/uncategorized\/1982-pintura\/"},"modified":"2020-08-21T08:57:35","modified_gmt":"2020-08-21T07:57:35","slug":"pintura","status":"publish","type":"product","link":"https:\/\/grappa.no\/en\/albums\/hubro\/pintura\/","title":{"rendered":"Pintura"},"content":{"rendered":"<p><\/p>\n<p>Pintura  Pintura is the second album by the original trio 1982. Their eponymous debut LP, released by NORCD in 2008, was one of our absolute favourites that year. On their new album, Pintura, they lift their interaction and experimentation to a new level. 1982 must be designated as a supergroup within the genre of modern, improvised chamber music. The group\u2019s instrumentation is unusual. As far as we know there is no other ensemble playing improvised music using the combination of harmonium, drums and Hardanger fiddle. This gives 1982 a distinctive sound, but in a purely musical sense, too, the group follows its own path.  \u00d8yvind Skarb\u00f8 found the inspiration for the name of the album Pintura when he visited the Joan Mir\u00f3 museum in Barcelona. \u201cWhen you see the picture with the same name, the first thing that grabs your attention is a rough, monochromatic figure, which must have been painted with a broad brush. Then, when you get closer, you notice that the background, in contrast, is very detailed and nuanced. I don\u2019t know if this can function as a description of our music, but I did think it was significant.\u201d   The album was recorded at Grieg Hall studio in Bergen with technician Davide Bertolini.<\/p>\n<p><!--more--><\/p>\n<p>Pintura is the second album by the original trio 1982. Their eponymous debut LP, released by NORCD in 2008, was one of our absolute favourites that year. On their new album, Pintura, they lift their interaction and experimentation to a new level.<\/p>\n<h4>About the musicians<\/h4>\n<p>Fiddler Nils \u00d8kland has a background as a folk musician, and is renowned internationally for his innovative playing style. His solo albums on the ECM and Rune Grammofon labels have received glowing reviews. \u00d8kland was a member of the Christian Wallumr\u00f8d Ensemble for several years.      Sigbj\u00f8rn Apeland plays church organ and harmonium, and holds Norway\u2019s only doctorate in ethnomusicology. He is known for operating at the point where folk music, church music and improvisational music intersect. In 2010 he released his first solo album with solo harmonium improvisations, Glossolalia (HUBROCD2503). While studying organ he became involved in learning from and playing free jazz with the legendary British drummer John Stevens, and his list of recording credits includes albums with Sigrid Moldestad, folk singers \u00c5sne Valland Nordli, Berit Opheim Versto and Agnes Buen Garn\u00e5s, electronica innovator Alog, and noise duo Golden Serenades.      Sigbj\u00f8rn Apeland and Nils \u00d8kland have also collaborated as a duo for decades, and this past spring they released a critically acclaimed record on ECM inspired by Norwegian violinist Ole Bull and his home at Lys\u00f8en.      Drummer \u00d8yvind Skarb\u00f8 has studied with Terje Isungset and has undertaken study tours to Nigeria and Cuba. He plays with BMX, Kresten Osgood, Per J\u00f8rgensen and the Icelandic guitarist Hilmar Jensson, in addition to working with a solo project under the name of DIE, Allroundhandwerker! Skarb\u00f8 has operated the concert club \u00d8yvind Jazzforum in Bergen since 2006.<\/p>\n<h4>Pintura<\/h4>\n<p>\u00d8yvind Skarb\u00f8 found the inspiration for the name of the album Pintura when he visited the Joan Mir\u00f3 museum in Barcelona. \u201cWhen you see the picture with the same name, the first thing that grabs your attention is a rough, monochromatic figure, which must have been painted with a broad brush. Then, when you get closer, you notice that the background, in contrast, is very detailed and nuanced. I don\u2019t know if this can function as a description of our music, but I did think it was significant.\u201d   The album was recorded at Grieg Hall studio in Bergen with technician Davide Bertolini.<\/p>\n<h4><\/h4>\n<\/p>\n<p><\/p>","protected":false},"excerpt":{"rendered":"<p>1982 must be designated as a supergroup within the genre of modern, improvised chamber music.<\/p>\n","protected":false},"featured_media":27348,"comment_status":"closed","ping_status":"open","template":"","meta":[],"product_brand":[],"product_cat":[36],"product_tag":[],"class_list":{"0":"post-35132","1":"product","2":"type-product","3":"status-publish","4":"has-post-thumbnail","6":"product_cat-hubro","7":"product_shipping_class-cddvd-shipping","8":"uni_artist_tag-2420","9":"uni_artist_tag-andreas-risanger-meland","10":"uni_artist_tag-nils-okland","11":"uni_artist_tag-oyvind-skarbo","12":"uni_artist_tag-sigbjorn-apeland","13":"uni_main_artist_tag-5297","14":"uni_artist_genre-contemporary-music","15":"uni_artist_genre-folk-music","16":"uni_artist_genre-improvised-music","17":"uni_artist_genre-instrumental","18":"uni_artist_genre-jazz","20":"first","21":"instock","22":"taxable","23":"shipping-taxable","24":"purchasable","25":"product-type-variable","26":"has-default-attributes"},"_links":{"self":[{"href":"https:\/\/grappa.no\/en\/wp-json\/wp\/v2\/product\/35132","targetHints":{"allow":["GET"]}}],"collection":[{"href":"https:\/\/grappa.no\/en\/wp-json\/wp\/v2\/product"}],"about":[{"href":"https:\/\/grappa.no\/en\/wp-json\/wp\/v2\/types\/product"}],"replies":[{"embeddable":true,"href":"https:\/\/grappa.no\/en\/wp-json\/wp\/v2\/comments?post=35132"}],"wp:featuredmedia":[{"embeddable":true,"href":"https:\/\/grappa.no\/en\/wp-json\/wp\/v2\/media\/27348"}],"wp:attachment":[{"href":"https:\/\/grappa.no\/en\/wp-json\/wp\/v2\/media?parent=35132"}],"wp:term":[{"taxonomy":"product_brand","embeddable":true,"href":"https:\/\/grappa.no\/en\/wp-json\/wp\/v2\/product_brand?post=35132"},{"taxonomy":"product_cat","embeddable":true,"href":"https:\/\/grappa.no\/en\/wp-json\/wp\/v2\/product_cat?post=35132"},{"taxonomy":"product_tag","embeddable":true,"href":"https:\/\/grappa.no\/en\/wp-json\/wp\/v2\/product_tag?post=35132"}],"curies":[{"name":"wp","href":"https:\/\/api.w.org\/{rel}","templated":true}]}}