{"id":35123,"date":"2017-03-10T00:00:00","date_gmt":"2017-03-09T23:00:00","guid":{"rendered":"http:\/\/www.grappa.no\/albums\/uncategorized\/erlend-viken-trio-nykomlingen\/"},"modified":"2020-08-21T08:57:31","modified_gmt":"2020-08-21T07:57:31","slug":"nykomlingen","status":"publish","type":"product","link":"https:\/\/grappa.no\/en\/albums\/heilo\/nykomlingen\/","title":{"rendered":"Nykomlingen"},"content":{"rendered":"<p><\/p>\n<p>Bursting with enthusiasm  Erlend Viken enjoyed great success with his trio album \u201cFrie T\u00f8yler\u201d in 2014. Now, three years later, a year after winning first prize in the elite Category A in the National Contest for Traditional Music, Viken is returning with a new album and a new trio. The instrumentation is the same as before \u2013 fiddle, guitar and cello \u2013 but the music takes us to constantly new places. The wide-ranging experience these three musicians have from a number of different genres is clearly evident. On three of the tracks the group is augmented by drummer and percussionist \u00d8yvind Skarb\u00f8 (1982, H\u00e5kon Kornstad Tenor Battle). \u201cNykomlingen\u201d emerges as yet another original album that is bursting with enthusiasm, interaction and musical inquisitiveness. Also available on vinyl.<\/p>\n<p><!--more--><\/p>\n<p>Erlend Viken enjoyed great success with his trio album \u201cFrie T\u00f8yler\u201d in 2014. Now, three years later, a year after winning first prize in the elite Category A in the National Contest for Traditional Music, Viken is returning with a new album and a new trio. The instrumentation is the same as before \u2013 fiddle, guitar and cello \u2013 but the music takes us to constantly new places. The wide-ranging experience these three musicians have from a number of different genres is clearly evident. On three of the tracks the group is augmented by drummer and percussionist \u00d8yvind Skarb\u00f8 (1982, H\u00e5kon Kornstad Tenor Battle). \u201cNykomlingen\u201d emerges as yet another original album that is bursting with enthusiasm, interaction and musical inquisitiveness.<\/p>\n<h4>Original mode of expression<\/h4>\n<p>Fiddler and composer Erlend Viken was already an established and prize-winning musician when he released his debut album, the critically acclaimed \u201cFrie T\u00f8yler\u201d, in 2014. The Norwegian newspaper Adresseavisen called the album \u201cthe most exciting folk music album this year\u201d, and wrote that \u201cthis is music that will touch you whether you are a folk, rock or blues fan\u201d. According to the Norwegian Broadcasting Corporation\u2019s radio station P2, \u201cThe Erlend Viken trio has created an original mode of expression that stands out from the crowd\u201d, and the newspaper Dagbladet wrote that the album \u201clike a lot of good music is virtually impossible to define as belonging to a specific genre\u201d.<\/p>\n<h4>Uncharted waters<\/h4>\n<p>Erlend wants all the musicians to have free rein in their approach to the music. \u201cIt\u2019s important for me to have a certain amount of openness in the music, with space for variations and impulsive ideas, and I think we have managed to move out into more uncharted waters on this album. The tunes are more or less based on melodies on this album, too, but on several of them we have worked in a more fragmentary and improvisational way than before,\u201d says Viken. All three members of the trio propose material, and all of them contribute ideas for the arrangements.  Part of the material on \u201cNykomlingen\u201d is traditional music, hand-picked from sources in Norway, Sweden and North America. The music Alf Cranner composed for Henrik Ibsen\u2019s poem \u201cBorte\u201d, which first appeared on Cranner\u2019s classic album \u201cRosemalt Sound\u201d, is presented here in a different version, as is Magnus Stinnerbom\u2019s composition \u201cFossegangar\u201d, which was composed for the play \u201cFossegrimen\u201d at Det Norske Teatret. Leo Svensson Sander has contributed his own tune, \u201cVakaren\u201d, and Erlend Viken presents five freshly written tunes. \u201cWhen I look for something and can\u2019t find it in the existing material, I get the urge to create it myself. I\u2019m inspired and influenced by personal relationships, social themes and the great outdoors. I\u2019m very fond of the various types of dance tunes and the formal structures of traditional music, and am often inspired by specific dance forms. At the same time I try to liberate myself from the rules and standards that exist in nearly all musical genres, while I also want to avoid making new rules for what I myself can create.\u201d Viken is an outstanding musical storyteller with a unique ability to write gripping and catchy tunes.   \u201cNykomling\u201d was recorded in Ocean Sound Recordings on the island of Giske, off the west coast of Norway, with technician Roar Nilsen and producer Sjur Viken. The recording was mixed by Roar Nilsen at Nabolaget and mastered by Georg Tander\u00f8 at Livingroom Studios.<\/p>\n<h4>About Erlend Viken<\/h4>\n<p>Fiddler Erlend Viken (b. in Oppdal, 1984) has won awards for his recordings together with Aslak Brimi. In 2012 Viken won the prestigious INTRO-folk prize, after which he formed his own trio. He was a member of the now defunct bluegrass band Earlybird Stringband. Viken composes music for dance and theatre productions, and has collaborated with Frikar Dance Company among others. He has played on a long list of recordings and has collaborated with artists such as Onkl P og de fjerne slektningene, Erlend Ropstad and the Mathias Eick Quintet.  Album release concert tour 9 March: Caf\u00e9 H\u00e4ngmattan, Gothenburg  10 March: Sm\u00e5 Vesen Bryggeri, Aurdal 11 March: Vognildsbua, Oppdal 12 March: Ivaregga, Tolga 15 March: Ibsenhuset, Skien 16 March: Riksscenen, Oslo 17 March: Dokkhuset, Trondheim 18 March: Caf\u00e9 Stift, Lillehammer 28 March: Prelaten, Troms\u00f8 29 March: Stallet, Stockholm 30 March: Folkmusikens hus, R\u00e4ttvik 31 March: St.Croix-huset, Fredrikstad 21 April: Hardanger Folk Museum, Utne 22 April: TBA Haugesund 23 April: Logen Bar, Bergen 25 April: Tre Br\u00f8r, Voss<\/p>\n<p><\/p>","protected":false},"excerpt":{"rendered":"<p>&#8216;It\u2019s important for me to have a certain amount of openness in the music, with space for variations and impulsive ideas, and I think we have managed to move out into more uncharted waters on this album.&#8217;<\/p>\n","protected":false},"featured_media":33129,"comment_status":"closed","ping_status":"open","template":"","meta":[],"product_brand":[],"product_cat":[35],"product_tag":[],"class_list":{"0":"post-35123","1":"product","2":"type-product","3":"status-publish","4":"has-post-thumbnail","6":"product_cat-heilo","7":"product_shipping_class-cddvd-shipping","8":"uni_artist_tag-alf-cranner","9":"uni_artist_tag-erlend-viken","10":"uni_artist_tag-erlend-viken-trio","11":"uni_artist_tag-leo-svensson","12":"uni_artist_tag-magnus-stinnerbom","13":"uni_artist_tag-marius-graff","14":"uni_artist_tag-oyvind-skarbo","15":"uni_artist_tag-sjur-viken","16":"uni_artist_tag-trad","17":"uni_main_artist_tag-erlend-viken-trio","18":"uni_artist_genre-folk-music","20":"first","21":"instock","22":"taxable","23":"shipping-taxable","24":"purchasable","25":"product-type-variable","26":"has-default-attributes"},"_links":{"self":[{"href":"https:\/\/grappa.no\/en\/wp-json\/wp\/v2\/product\/35123","targetHints":{"allow":["GET"]}}],"collection":[{"href":"https:\/\/grappa.no\/en\/wp-json\/wp\/v2\/product"}],"about":[{"href":"https:\/\/grappa.no\/en\/wp-json\/wp\/v2\/types\/product"}],"replies":[{"embeddable":true,"href":"https:\/\/grappa.no\/en\/wp-json\/wp\/v2\/comments?post=35123"}],"wp:featuredmedia":[{"embeddable":true,"href":"https:\/\/grappa.no\/en\/wp-json\/wp\/v2\/media\/33129"}],"wp:attachment":[{"href":"https:\/\/grappa.no\/en\/wp-json\/wp\/v2\/media?parent=35123"}],"wp:term":[{"taxonomy":"product_brand","embeddable":true,"href":"https:\/\/grappa.no\/en\/wp-json\/wp\/v2\/product_brand?post=35123"},{"taxonomy":"product_cat","embeddable":true,"href":"https:\/\/grappa.no\/en\/wp-json\/wp\/v2\/product_cat?post=35123"},{"taxonomy":"product_tag","embeddable":true,"href":"https:\/\/grappa.no\/en\/wp-json\/wp\/v2\/product_tag?post=35123"}],"curies":[{"name":"wp","href":"https:\/\/api.w.org\/{rel}","templated":true}]}}