{"id":35108,"date":"2017-12-01T00:00:00","date_gmt":"2017-11-30T23:00:00","guid":{"rendered":"http:\/\/www.grappa.no\/albums\/uncategorized\/ola-kvernberg-steamdome-cd\/"},"modified":"2020-06-26T13:10:03","modified_gmt":"2020-06-26T12:10:03","slug":"ola-kvernberg-steamdome","status":"publish","type":"product","link":"https:\/\/grappa.no\/en\/albums\/grappa\/ola-kvernberg-steamdome\/","title":{"rendered":"Ola Kvernberg: Steamdome"},"content":{"rendered":"<p><\/p>\n<p>Rythmic deluge.<\/p>\n<p>Three years after releasing the masterpiece The Mechanical Fair, Ola Kvernberg returns with a new magnificent, imaginative, rhythmic deluge of an album: Steamdome. The title of Kvernberg\u2019s latest project was not chosen at random. Steamdome presents thoroughly percussive music. It lunges brutally ahead like a runaway train. As enthusiastic, surrealistic and swelling as Sergio Leone\u2019s spaghetti westerns. <\/p>\n<p>Fiddle ace Ola Kvernberg has held a prominent place in the Norwegian music community since his early teens. His family is full of folk musicians, but Ola has carved his own distinctive path. So far he has composed the music for seven films, has been remixed by Todd Terje, and has collaborated with saxophonist Joshua Redman, crime writer Jo Nesb\u00f8, Stian Carstensen, Mathias Eick, Motorpsycho, Pat Metheny and Jimmy Carl Black from the Mothers of Invention \u2013 to name just a few.<\/p>\n<p>\u201cSteamdome is both more limitless and more brazen than my previous projects. The time was ripe to wield the broadest paintbrush and stir up the biggest emotions with this band,\u201d says Ola. \u201cMaybe a lot of what I have done before appealed to a dedicated audience of listeners, but Steamdome is to a much greater degree a physical experience.\u201d <\/p>\n<p>Steamdome changes track, and barrels along into a landscape where rhythmical patterns, beat and groove are the dominant elements. The Mechanical Fair was described as belonging to a \u201cmutton western\u201d genre, and this description is, if anything, even more appropriate now. With three of the country\u2019s most innovative drummers on board, the bows, strings and resin have been replaced by sticks, metal and a variety of drums. Steamdome is seething with visual energy. The music winds its way through steep cliffs, far-ranging vistas, sharp curves, sheer drops and nocturnal landscapes where the only anchoring point is the suggestive rhythm of a train that never stops.<\/p>\n<p><!--more--><\/p>\n<p>Three years after releasing the masterpiece The Mechanical Fair, Ola Kvernberg returns with a new magnificent, imaginative, rhythmic deluge of an album: Steamdome. The title of Kvernberg\u2019s latest project was not chosen at random. Steamdome presents thoroughly percussive music. It lunges brutally ahead like a runaway train. As enthusiastic, surrealistic and swelling as Sergio Leone\u2019s spaghetti westerns.<\/p>\n<h4>Three drummers<\/h4>\n<p>Steamdome changes track, and barrels along into a landscape where rhythmical patterns, beat and groove are the dominant elements. The Mechanical Fair was described as belonging to a \u201cmutton western\u201d genre, and this description is, if anything, even more appropriate now. With three of the country\u2019s most innovative drummers on board, the bows, strings and resin have been replaced by sticks, metal and a variety of drums. Steamdome is seething with visual energy. The music winds its way through steep cliffs, far-ranging vistas, sharp curves, sheer drops and nocturnal landscapes where the only anchoring point is the suggestive rhythm of a train that never stops.<\/p>\n<h4>Hard-hitting team<\/h4>\n<p>Ola Kvernberg has hand-picked a hard-hitting team of musicians for Steamdome. The locomotive is propelled by drummer Erik Nylander (Mechanical Fair, Liarbird), B\u00f8rge Fjordheim (Sivert H\u00f8yem, Monical Heldal) and Hans Hulb\u00e6kmo (Broen, Atomic, Moskus) along with bassist Nikolai H\u00e6ngsle Eilertsen (Elephant9, Band of Gold). In addition to Ola Kvernberg himself on fiddle, viola, etc., the music is kept at the boiling point by guitarist and jack-of-all-trades \u00d8yvind Blomstr\u00f8m (El Cuero, Odd Nordstoga) and the innovative organist Daniel Buner Formo (Trondheim Jazzorkester).<\/p>\n<h4>About Ola Kvernberg<\/h4>\n<p>Fiddle ace Ola Kvernberg has held a prominent place in the Norwegian music community since his early teens. His family is full of folk musicians, but Ola has carved his own distinctive path. So far he has composed the music for seven films, has been remixed by Todd Terje, and has collaborated with saxophonist Joshua Redman, crime writer Jo Nesb\u00f8, Stian Carstensen, Mathias Eick, Motorpsycho, Pat Metheny and Jimmy Carl Black from the Mothers of Invention \u2013 to name just a few. He received a Spellemannspris (Norwegian Grammy) for Liarbird in 2012 and the Amanda Award and the Kanon Award for the film music for \u201cJag Etter Vind\u201d in 2013. He has been nominated for an additional Spellemannspris (The Mechanical Fair), a Kanon Award and an international Grand Scores prize for best film music (&#8216;Two Raging Grannies&#8217;).<\/p>\n<p><\/p>","protected":false},"excerpt":{"rendered":"<p>Three years after releasing the masterpiece The Mechanical Fair, Ola Kvernberg returns with a new magnificent, imaginative, rhythmic deluge of an album: Steamdome.<\/p>\n","protected":false},"featured_media":34729,"comment_status":"closed","ping_status":"open","template":"","meta":[],"product_brand":[],"product_cat":[6],"product_tag":[],"class_list":{"0":"post-35108","1":"product","2":"type-product","3":"status-publish","4":"has-post-thumbnail","6":"product_cat-grappa","7":"product_shipping_class-cddvd-shipping","8":"uni_artist_tag-borge-fjordheim","9":"uni_artist_tag-daniel-buner-formo","10":"uni_artist_tag-erik-nylander","11":"uni_artist_tag-hans-hulbaekmo","12":"uni_artist_tag-nikolai-haengsle-eilertsen","13":"uni_artist_tag-ola-kvernberg","14":"uni_artist_tag-oyvind-blomstrom","15":"uni_main_artist_tag-ola-kvernberg","16":"uni_artist_genre-instrumental","17":"uni_artist_genre-jazz","18":"uni_artist_genre-rock","20":"first","21":"instock","22":"taxable","23":"shipping-taxable","24":"purchasable","25":"product-type-variable"},"_links":{"self":[{"href":"https:\/\/grappa.no\/en\/wp-json\/wp\/v2\/product\/35108","targetHints":{"allow":["GET"]}}],"collection":[{"href":"https:\/\/grappa.no\/en\/wp-json\/wp\/v2\/product"}],"about":[{"href":"https:\/\/grappa.no\/en\/wp-json\/wp\/v2\/types\/product"}],"replies":[{"embeddable":true,"href":"https:\/\/grappa.no\/en\/wp-json\/wp\/v2\/comments?post=35108"}],"wp:featuredmedia":[{"embeddable":true,"href":"https:\/\/grappa.no\/en\/wp-json\/wp\/v2\/media\/34729"}],"wp:attachment":[{"href":"https:\/\/grappa.no\/en\/wp-json\/wp\/v2\/media?parent=35108"}],"wp:term":[{"taxonomy":"product_brand","embeddable":true,"href":"https:\/\/grappa.no\/en\/wp-json\/wp\/v2\/product_brand?post=35108"},{"taxonomy":"product_cat","embeddable":true,"href":"https:\/\/grappa.no\/en\/wp-json\/wp\/v2\/product_cat?post=35108"},{"taxonomy":"product_tag","embeddable":true,"href":"https:\/\/grappa.no\/en\/wp-json\/wp\/v2\/product_tag?post=35108"}],"curies":[{"name":"wp","href":"https:\/\/api.w.org\/{rel}","templated":true}]}}