{"id":35096,"date":"2017-09-29T00:00:00","date_gmt":"2017-09-28T23:00:00","guid":{"rendered":"http:\/\/www.grappa.no\/albums\/uncategorized\/tore-renberg-ein-dag-te\/"},"modified":"2020-08-21T08:56:53","modified_gmt":"2020-08-21T07:56:53","slug":"ein-dag-te","status":"publish","type":"product","link":"https:\/\/grappa.no\/en\/albums\/grappa\/ein-dag-te\/","title":{"rendered":"Ein dag te"},"content":{"rendered":"<p><\/p>\n<p>The joy of storytelling  A year and a half after Tore Renberg released his recording debut, Ingen n\u00e5de, and on the same day as he is publishing a new book in his series about the Hillev\u00e5g gang, Skada gods, his second album is coming out. Ein dag te presents a collection of songs and lyrics that are imbued with the joy of storytelling, where deep solemnity and gloom and pure fun and pleasure throw each other into sharp relief.   Whereas Ingen n\u00e5de was a shot from the hip, recorded in the course of a few intense weeks, Ein dag te has had a longer period to mature, and its musical and lyrical range is even broader. This time Renberg is looking ahead, behind and inwards.   The album was recorded at Oslo Klang with technician and producer Bjarne Stensli. Guitarist Alexander Flotve is a carryover from the previous album, while all the other participating musicians are new: Olav Christer Rosseb\u00f8, Erlend Viken, \u00d8ystein Frantzv\u00e5g, Gjermund Silset, Olaf Olsen, Erland Dahlen, Cato Thommasen, Morten Abel, Petra Renberg and Anne Lise Fr\u00f8kedal. The soundscape is also very different \u2013 more buoyant, acoustic and folk-oriented than his debut album.   The lyrics always come first for Renberg. As an author he has a good portion of self-confidence and energy, and is not afraid of stretching boundaries and taking chances. Renberg\u2019s song lyrics also diverge from the \u201cstandard\u201d and feel fresh, colloquial and dynamic.  The title track, \u201cEin dag te\u201d, was produced by Odd Nordstoga, and sets the tone for an album with a big heart. At the other end of the spectrum is \u201cThomas fra blokkene\u201d, a dark, desolate and rock-infused tale of a man whose life has been shattered.<\/p>\n<p><!--more--><\/p>\n<p>A year and a half after Tore Renberg released his recording debut, Ingen n\u00e5de, and on the same day as he is publishing a new book in his series about the Hillev\u00e5g gang, Skada gods, his second album is coming out. Ein dag te presents a collection of songs and lyrics that are imbued with the joy of storytelling, where deep solemnity and gloom and pure fun and pleasure throw each other into sharp relief.<\/p>\n<h4>Buoyant, acoustic and folk-oriented<\/h4>\n<p>The album was recorded at Oslo Klang with sound engineer and producer Bjarne Stensli. Guitarist Alexander Flotve is a carryover from the previous album, while all the other participating musicians are new: Olav Christer Rosseb\u00f8, Erlend Viken, \u00d8ystein Frantzv\u00e5g, Gjermund Silset, Olaf Olsen, Erland Dahlen, Cato Thommasen, Morten Abel, Petra Renberg and Anne Lise Fr\u00f8kedal. The soundscape is also very different \u2013 more buoyant, acoustic and folk-oriented than his debut album.<\/p>\n<h4>Lyrics first<\/h4>\n<p>The lyrics always come first for Renberg. As an author he has a good portion of self-confidence and energy, and is not afraid of stretching boundaries and taking chances. Renberg\u2019s song lyrics also diverge from the &#8216;standard&#8217; and feel fresh, colloquial and dynamic.  The title track, &#8216;Ein dag te&#8217;, was produced by Odd Nordstoga, and sets the tone for an album with a big heart. At the other end of the spectrum is &#8216;Thomas fra blokkene&#8217;, a dark, desolate and rock-infused tale of a man whose life has been shattered.<\/p>\n<h4><\/h4>\n<\/p>\n<p><\/p>","protected":false},"excerpt":{"rendered":"<p>&#8216;Ein dag te&#8217; presents a collection of songs and lyrics that are imbued with the joy of storytelling, where deep solemnity and gloom and pure fun and pleasure throw each other into sharp relief.<\/p>\n","protected":false},"featured_media":35020,"comment_status":"closed","ping_status":"open","template":"","meta":[],"product_brand":[],"product_cat":[6],"product_tag":[],"class_list":{"0":"post-35096","1":"product","2":"type-product","3":"status-publish","4":"has-post-thumbnail","6":"product_cat-grappa","7":"product_shipping_class-cddvd-shipping","8":"uni_artist_tag-alexander-flotve","9":"uni_artist_tag-anne-lise-frokedal","10":"uni_artist_tag-bjarne-stensli","11":"uni_artist_tag-cato-thomassen","12":"uni_artist_tag-david-wallumrod","13":"uni_artist_tag-erland-dahlen","14":"uni_artist_tag-erlend-viken","15":"uni_artist_tag-gjermund-silset","16":"uni_artist_tag-morten-abel","17":"uni_artist_tag-odd-nordstoga","18":"uni_artist_tag-olaf-olsen","19":"uni_artist_tag-olav-christer-rossebo","20":"uni_artist_tag-oystein-frantzvag","21":"uni_artist_tag-petra-renberg","22":"uni_artist_tag-tor-martin-boe","23":"uni_artist_tag-tore-renberg","24":"uni_main_artist_tag-tore-renberg","25":"uni_artist_genre-norwegian-lyrics","26":"uni_artist_genre-pop","28":"first","29":"instock","30":"taxable","31":"shipping-taxable","32":"purchasable","33":"product-type-variable","34":"has-default-attributes"},"_links":{"self":[{"href":"https:\/\/grappa.no\/en\/wp-json\/wp\/v2\/product\/35096","targetHints":{"allow":["GET"]}}],"collection":[{"href":"https:\/\/grappa.no\/en\/wp-json\/wp\/v2\/product"}],"about":[{"href":"https:\/\/grappa.no\/en\/wp-json\/wp\/v2\/types\/product"}],"replies":[{"embeddable":true,"href":"https:\/\/grappa.no\/en\/wp-json\/wp\/v2\/comments?post=35096"}],"wp:featuredmedia":[{"embeddable":true,"href":"https:\/\/grappa.no\/en\/wp-json\/wp\/v2\/media\/35020"}],"wp:attachment":[{"href":"https:\/\/grappa.no\/en\/wp-json\/wp\/v2\/media?parent=35096"}],"wp:term":[{"taxonomy":"product_brand","embeddable":true,"href":"https:\/\/grappa.no\/en\/wp-json\/wp\/v2\/product_brand?post=35096"},{"taxonomy":"product_cat","embeddable":true,"href":"https:\/\/grappa.no\/en\/wp-json\/wp\/v2\/product_cat?post=35096"},{"taxonomy":"product_tag","embeddable":true,"href":"https:\/\/grappa.no\/en\/wp-json\/wp\/v2\/product_tag?post=35096"}],"curies":[{"name":"wp","href":"https:\/\/api.w.org\/{rel}","templated":true}]}}