{"id":35072,"date":"2014-10-17T00:00:00","date_gmt":"2014-10-16T23:00:00","guid":{"rendered":"http:\/\/www.grappa.no\/albums\/uncategorized\/in-the-country-frida-annevik-skogenes-sang\/"},"modified":"2020-08-21T08:56:36","modified_gmt":"2020-08-21T07:56:36","slug":"skogenes-sang","status":"publish","type":"product","link":"https:\/\/grappa.no\/en\/albums\/grappa\/skogenes-sang\/","title":{"rendered":"Skogenes sang"},"content":{"rendered":"<p><\/p>\n<p>Skogenes sang  The members of In the Country have carved out their own personal ledge in the piano trio mountain. With pianist and composer Morten Qvenild (Susanna &amp; the Magical Orchestra, Jaga Jazzist, sPacemoNkey) as frontman, they have tread paths that no other piano trio before them has ventured to walk. After a series of critically acclaimed releases on Rune Grammofon and the German label ACT, they are now releasing their first whole album together with a vocalist, featuring Norwegian lyrics by poet and lumberjack Hans B\u00f8rli.   On \u201cSkogenes Sang\u201d (\u201cThe Song of the Forests\u201d) they are joined by the British pedal steel legend BJ Cole and vocalist Frida \u00c5nnevik, one of the most talented and highly praised of the new generation of young singer-songwriters. \u00c5nnevik has already released two critically acclaimed solo records, and has won a Spellemannspris (Norwegian Grammy) as well as other prestigious prizes.<\/p>\n<p><!--more--><\/p>\n<p>The members of In the Country have carved out their own personal ledge in the piano trio mountain. With pianist and composer Morten Qvenild (Susanna &amp; the Magical Orchestra, Jaga Jazzist, sPacemoNkey) as frontman, they have tread paths that no other piano trio before them has ventured to walk. After a series of critically acclaimed releases on Rune Grammofon and the German label ACT, they are now releasing their first whole album together with a vocalist, featuring Norwegian lyrics by poet and lumberjack Hans B\u00f8rli.<\/p>\n<h4><\/h4>\n<p>Hans B\u00f8rli (1918-1989), from Eidskog, worked as a lumberjack his entire life, while at the same time he was a prolific writer. For this reason he was called \u201cthe poet of the forest\u201d. He is known primarily as a poet, but he also wrote novels, short stories and plays. B\u00f8rli\u2019s point of departure was the forest and forest life, while his poetry also bears witness to his interest in politics and his increasing focus on existential problems such as fear, faith and death. B\u00f8rli received a number of literary awards, including the Norwegian Critics Prize for Literature in 1970 and the Dobloug Prize in 1972. He was nominated for the Nordic Council Literature Prize in 1972. His poems have previously been set to music by Erik Lukashagen and Sinikka Langeland, among others.<\/p>\n<h4><\/h4>\n<p>Morten Qvenild has felt a strong connection to Hans B\u00f8rli\u2019s poems for a long time, and has composed the music for all the poems on \u201cSkogenes Sang\u201d. When BBC journalist Fiona Talkington invited the trio to participate in the concert series \u201cConexions\u201d at the National Jazz Scene in 2012, it was natural to include these pieces. Talkington\u2019s objective in this concert series was to stimulate collaboration between Norwegian and British musicians. Pedal steel guitarist BJ Cole was teamed up with In the Country, and the band itself invited Frida \u00c5nnevik to join forces with them. \u201cShe was  actually an obvious choice for us when it came to performing these down-to-earth poems,\u201d according to the band.  The choice proved to be an excellent one. \u201cPlaying with Frida has been a very natural process, and it feels as though we\u2019ve been working together for years when we see how similar our views of the music and lyrics are.\u201d  As an artist, \u00c5nnevik has received particular attention for her lyrics. As she hails from Hedmark, she also has a certain amount of familiarity with B\u00f8rli\u2019s poetry. \u201cB\u00f8rli is part of the four-leaf clover of exceptional Hedmark poets: Alf Pr\u00f8ysen, Rolf Jacobsen, Kjell Aukrust and Hans B\u00f8rli.\u201d<\/p>\n<h4><\/h4>\n<p>Although In the Country is mainly an instrumental trio, vocals and lyrics have also played a role in its universe. \u201cWe have always been a vocal band,\u201d says bass player Roger Arntzen, \u201cand we have had a go at everything from growling to bel canto on previous albums.\u201d Qvenild and drummer P\u00e5l Hausken have sung on several of the group\u2019s albums, and Swedish cult singer-songwriter Stefan Sundstr\u00f6m also guested on the album \u201cLosing Stones, Collecting Bones\u201d. In the past few years the band has held a number of concerts together with author and lyricist Frode Grytten. All three band members have, independently of the trio, played with vocalists known for their powerful lyrics: Morten Qvenild with Susanna Wallumr\u00f8d and Solveig Slettahjell, Roger Arntzen with Heidi Skjerve and Julie Dahle Aag\u00e5rd, and drummer P\u00e5l Hausken with Hilde Marie Kjersem and Ida Jenshus, among others.  BJ Cole can undoubtedly be called a living legend. He has been active as a musician since the early 1970s within a variety of genres, from pop and rock to jazz and more experimental music. He has played on albums and participated in tours with Sting, T. Rex, Bj\u00f6rk, Emmylou Harris, Elton John, Iggy Pop, REM, Brian Eno, Luke Vibert, David Sylvian, Roy Harper, and countless others.    \u201cSkogenes Sang\u201d was recorded at Ocean Sound Studio in Giske, Norway, in the course of a weekend in January 2013, and was later mixed by Johnny Skalleberg at Oslo Klang.<\/p>\n<p><\/p>","protected":false},"excerpt":{"rendered":"<p>Morten Qvenild has felt a strong connection to Hans B\u00f8rli\u2019s poems for a long time, and has composed the music for all the poems on \u201cSkogenes Sang\u201d.<\/p>\n","protected":false},"featured_media":27142,"comment_status":"closed","ping_status":"open","template":"","meta":[],"product_brand":[],"product_cat":[6],"product_tag":[],"class_list":{"0":"post-35072","1":"product","2":"type-product","3":"status-publish","4":"has-post-thumbnail","6":"product_cat-grappa","7":"product_shipping_class-cddvd-shipping","8":"uni_artist_tag-bj-cole","9":"uni_artist_tag-frida-annevik","10":"uni_artist_tag-in-the-country","11":"uni_artist_tag-morten-qvenild","12":"uni_artist_tag-pal-hausken","13":"uni_artist_tag-roger-arntzen","14":"uni_main_artist_tag-frida-annevik","15":"uni_artist_genre-improvised-music","16":"uni_artist_genre-jazz","18":"first","19":"instock","20":"taxable","21":"shipping-taxable","22":"purchasable","23":"product-type-variable","24":"has-default-attributes"},"_links":{"self":[{"href":"https:\/\/grappa.no\/en\/wp-json\/wp\/v2\/product\/35072","targetHints":{"allow":["GET"]}}],"collection":[{"href":"https:\/\/grappa.no\/en\/wp-json\/wp\/v2\/product"}],"about":[{"href":"https:\/\/grappa.no\/en\/wp-json\/wp\/v2\/types\/product"}],"replies":[{"embeddable":true,"href":"https:\/\/grappa.no\/en\/wp-json\/wp\/v2\/comments?post=35072"}],"wp:featuredmedia":[{"embeddable":true,"href":"https:\/\/grappa.no\/en\/wp-json\/wp\/v2\/media\/27142"}],"wp:attachment":[{"href":"https:\/\/grappa.no\/en\/wp-json\/wp\/v2\/media?parent=35072"}],"wp:term":[{"taxonomy":"product_brand","embeddable":true,"href":"https:\/\/grappa.no\/en\/wp-json\/wp\/v2\/product_brand?post=35072"},{"taxonomy":"product_cat","embeddable":true,"href":"https:\/\/grappa.no\/en\/wp-json\/wp\/v2\/product_cat?post=35072"},{"taxonomy":"product_tag","embeddable":true,"href":"https:\/\/grappa.no\/en\/wp-json\/wp\/v2\/product_tag?post=35072"}],"curies":[{"name":"wp","href":"https:\/\/api.w.org\/{rel}","templated":true}]}}