{"id":34708,"date":"2017-11-24T00:00:00","date_gmt":"2017-11-23T23:00:00","guid":{"rendered":"http:\/\/www.grappa.no\/no\/albums\/ukategorisert\/kvedarkvintetten-julesong\/"},"modified":"2017-12-20T17:52:05","modified_gmt":"2017-12-20T16:52:05","slug":"kvedarkvintetten-julesong","status":"publish","type":"product","link":"https:\/\/grappa.no\/en\/albums\/heilo\/kvedarkvintetten-julesong\/","title":{"rendered":"Kvedarkvintetten: Julesong"},"content":{"rendered":"<p><\/p>\n<p>Christmas in Hallingdal<\/p>\n<p>The folk music vocal group Kvedarkvintetten from the small village Torpo in Hallingdal\u00b4s celebrates their tenth year of existence with an album of unknown and well-known Christmas songs from their local music tradition. The album was recorded in the intimate and warm acoustics of Maridalen Kirke, and the group is joined by a stellar cast of musicians: guitarist Geir Sundst\u00f8l, double bass player Fredrik Luhr Dietrichson (Moskus) and the drummer Hans Hulb\u00e6kmo (Broen, Atomic, Skadedyr). &quot;Julesong&quot; is produced by singer-songwriter Frida \u00c5nnevik who also has written new lyrics for one of the tracks<\/p>\n<p><!--more--><\/p>\n<h4><\/h4>\n<\/p>\n<h4><\/h4>\n<\/p>\n<h4><\/h4>\n<\/p>\n<p><\/p>","protected":false},"excerpt":{"rendered":"<p>The folk music vocal group Kvedarkvintetten from the small village Torpo in Hallingdal\u00b4s celebrates their tenth year of existence with an album of unknown and well-known Christmas songs from their local music tradition.<\/p>\n","protected":false},"featured_media":34710,"comment_status":"closed","ping_status":"open","template":"","meta":[],"product_brand":[],"product_cat":[35],"product_tag":[],"class_list":{"0":"post-34708","1":"product","2":"type-product","3":"status-publish","4":"has-post-thumbnail","6":"product_cat-heilo","7":"product_shipping_class-cddvd-shipping","8":"uni_artist_tag-fredrik-luhr-dietrichson","9":"uni_artist_tag-frida-annevik","10":"uni_artist_tag-geir-sundstol","11":"uni_artist_tag-hans-hulbaekmo","12":"uni_artist_tag-helga-myhr","13":"uni_artist_tag-kvedarkvintetten","14":"uni_artist_tag-margit-myhr","15":"uni_artist_tag-silje-risdal-liahagen","16":"uni_artist_tag-sina-myhr","17":"uni_artist_tag-tonje-risdal-liahagen","18":"uni_artist_tag-trad","19":"uni_main_artist_tag-kvedarkvintetten","20":"uni_artist_genre-christmas-music","21":"uni_artist_genre-folk-music","23":"first","24":"instock","25":"taxable","26":"shipping-taxable","27":"purchasable","28":"product-type-simple"},"_links":{"self":[{"href":"https:\/\/grappa.no\/en\/wp-json\/wp\/v2\/product\/34708","targetHints":{"allow":["GET"]}}],"collection":[{"href":"https:\/\/grappa.no\/en\/wp-json\/wp\/v2\/product"}],"about":[{"href":"https:\/\/grappa.no\/en\/wp-json\/wp\/v2\/types\/product"}],"replies":[{"embeddable":true,"href":"https:\/\/grappa.no\/en\/wp-json\/wp\/v2\/comments?post=34708"}],"wp:featuredmedia":[{"embeddable":true,"href":"https:\/\/grappa.no\/en\/wp-json\/wp\/v2\/media\/34710"}],"wp:attachment":[{"href":"https:\/\/grappa.no\/en\/wp-json\/wp\/v2\/media?parent=34708"}],"wp:term":[{"taxonomy":"product_brand","embeddable":true,"href":"https:\/\/grappa.no\/en\/wp-json\/wp\/v2\/product_brand?post=34708"},{"taxonomy":"product_cat","embeddable":true,"href":"https:\/\/grappa.no\/en\/wp-json\/wp\/v2\/product_cat?post=34708"},{"taxonomy":"product_tag","embeddable":true,"href":"https:\/\/grappa.no\/en\/wp-json\/wp\/v2\/product_tag?post=34708"}],"curies":[{"name":"wp","href":"https:\/\/api.w.org\/{rel}","templated":true}]}}