{"id":34676,"date":"2017-11-17T00:00:00","date_gmt":"2017-11-16T23:00:00","guid":{"rendered":"http:\/\/www.grappa.no\/no\/albums\/ukategorisert\/vegar-vardal-ikkje-ver-blug-kyss-meg\/"},"modified":"2017-11-29T15:18:14","modified_gmt":"2017-11-29T14:18:14","slug":"vegar-vardal-ikkje-ver-blug-kyss-meg","status":"publish","type":"product","link":"https:\/\/grappa.no\/en\/albums\/heilo\/vegar-vardal-ikkje-ver-blug-kyss-meg\/","title":{"rendered":"Vegar V\u00e5rdal &#8211; Ikkje ver blug, kyss meg"},"content":{"rendered":"<p><\/p>\n<p>Music from the living local tradition of V\u00e5g\u00e5.<\/p>\n<p>&#8216;Ikkje ver blug, kyss meg!&#8217; came about as an idea for a record through the commission for \u00abthe National Games in Traditional Folk Music and Folk Dance\u00bb in V\u00e5g\u00e5 in 2016. The commission resulted in a performance with the same name, and led to composition workshops, concerts, sheet music and a music video. The project leading to this record was quite out of the ordinary, where people from every generation in the local community\u2013 both young and old \u2013 worked together.  The great fiddler Vegar V\u00e5rdal was responsible for the commission, where old and new local traditional music from V\u00e5g\u00e5, traditional tunes, new arrangements and new compositions, are presented. The musical output has a wide artistic span and is above all a result of a local community with a living tradition and performers with great musical surplus and joy.<\/p>\n<p><!--more--><\/p>\n<h4><\/h4>\n<\/p>\n<h4><\/h4>\n<\/p>\n<h4><\/h4>\n<\/p>\n<p><\/p>","protected":false},"excerpt":{"rendered":"<p>The musical output has a wide artistic span and is above all a result of a local community with a living tradition and performers with great musical surplus and joy.<\/p>\n","protected":false},"featured_media":34679,"comment_status":"closed","ping_status":"open","template":"","meta":[],"product_brand":[],"product_cat":[35],"product_tag":[],"class_list":{"0":"post-34676","1":"product","2":"type-product","3":"status-publish","4":"has-post-thumbnail","6":"product_cat-heilo","7":"product_shipping_class-cddvd-shipping","8":"uni_artist_tag-aasmund-nordstoga","9":"uni_artist_tag-ashild-aasgaard","10":"uni_artist_tag-asmund-reistad","11":"uni_artist_tag-camilla-granlien","12":"uni_artist_tag-eirik-schjolberg","13":"uni_artist_tag-kenneth-ekornes","14":"uni_artist_tag-ragna-valde-sletten","15":"uni_artist_tag-thomas-bakke","16":"uni_artist_tag-tone-jorunn-tveito","17":"uni_artist_tag-torunn-elise-kveen","18":"uni_artist_tag-trad","19":"uni_artist_tag-vegar-vardal","20":"uni_artist_tag-vegard-moshagen","21":"uni_artist_genre-folk-music","22":"uni_artist_genre-norwegian-lyrics","23":"uni_artist_genre-traditional","25":"first","26":"instock","27":"taxable","28":"shipping-taxable","29":"purchasable","30":"product-type-simple"},"_links":{"self":[{"href":"https:\/\/grappa.no\/en\/wp-json\/wp\/v2\/product\/34676","targetHints":{"allow":["GET"]}}],"collection":[{"href":"https:\/\/grappa.no\/en\/wp-json\/wp\/v2\/product"}],"about":[{"href":"https:\/\/grappa.no\/en\/wp-json\/wp\/v2\/types\/product"}],"replies":[{"embeddable":true,"href":"https:\/\/grappa.no\/en\/wp-json\/wp\/v2\/comments?post=34676"}],"wp:featuredmedia":[{"embeddable":true,"href":"https:\/\/grappa.no\/en\/wp-json\/wp\/v2\/media\/34679"}],"wp:attachment":[{"href":"https:\/\/grappa.no\/en\/wp-json\/wp\/v2\/media?parent=34676"}],"wp:term":[{"taxonomy":"product_brand","embeddable":true,"href":"https:\/\/grappa.no\/en\/wp-json\/wp\/v2\/product_brand?post=34676"},{"taxonomy":"product_cat","embeddable":true,"href":"https:\/\/grappa.no\/en\/wp-json\/wp\/v2\/product_cat?post=34676"},{"taxonomy":"product_tag","embeddable":true,"href":"https:\/\/grappa.no\/en\/wp-json\/wp\/v2\/product_tag?post=34676"}],"curies":[{"name":"wp","href":"https:\/\/api.w.org\/{rel}","templated":true}]}}