{"id":34315,"date":"2017-10-06T00:00:00","date_gmt":"2017-10-05T23:00:00","guid":{"rendered":"http:\/\/www.grappa.no\/no\/albums\/ukategorisert\/elin-furubotn-ikkje-ga-deg-vill\/"},"modified":"2017-12-20T17:51:52","modified_gmt":"2017-12-20T16:51:52","slug":"elin-furubotn-ikkje-ga-deg-vill","status":"publish","type":"product","link":"https:\/\/grappa.no\/en\/albums\/grappa\/elin-furubotn-ikkje-ga-deg-vill\/","title":{"rendered":"Elin Furubotn: Ikkje g\u00e5 deg vill"},"content":{"rendered":"<p><\/p>\n<p><!--more--><\/p>\n<h4><\/h4>\n<\/p>\n<h4><\/h4>\n<\/p>\n<h4><\/h4>\n<\/p>\n<p><\/p>","protected":false},"excerpt":{"rendered":"<p class=\"qtranxs-available-languages-message qtranxs-available-languages-message-en\">Sorry, this entry is only available in <a href=\"https:\/\/grappa.no\/no\/wp-json\/wp\/v2\/product\/34315\" class=\"qtranxs-available-language-link qtranxs-available-language-link-no\" title=\"Norsk\">Norsk<\/a>.<\/p>\n<p>Tekstene beskriver den underfundige\u00a0hverdagen, med humor, alvor og\u00a0ettertenksomhet. Vi f\u00e5r h\u00f8re\u00a0blant annet hva en nyutflyttet s\u00f8nn ber om hvis\u00a0moren\u00a0ringer litt for ofte, at man slettes ikke alltid \u00f8nsker r\u00e5d fra\u00a0sin ledsager, at\u00a0tiden plutselig gikk fortere enn man hadde tenkt seg, eller hvor farlig\u00a0det kan v\u00e6re hvis mennesket g\u00e5r p\u00e5 ville veier og unnlater \u00e5 hjelpe andre.<\/p>\n","protected":false},"featured_media":34316,"comment_status":"closed","ping_status":"open","template":"","meta":[],"product_brand":[],"product_cat":[6],"product_tag":[],"class_list":{"0":"post-34315","1":"product","2":"type-product","3":"status-publish","4":"has-post-thumbnail","6":"product_cat-grappa","7":"product_shipping_class-cddvd-shipping","8":"uni_artist_tag-borge-fjordheim","9":"uni_artist_tag-elin-furubotn","10":"uni_artist_tag-magnus-rod-haugland","11":"uni_artist_tag-morten-abel","12":"uni_artist_tag-renate-engevold","13":"uni_artist_tag-torbjorn-okland","14":"uni_main_artist_tag-elin-furubotn","15":"uni_artist_genre-norwegian-lyrics","16":"uni_artist_genre-singersongwriter","18":"first","19":"instock","20":"taxable","21":"shipping-taxable","22":"purchasable","23":"product-type-simple"},"_links":{"self":[{"href":"https:\/\/grappa.no\/en\/wp-json\/wp\/v2\/product\/34315","targetHints":{"allow":["GET"]}}],"collection":[{"href":"https:\/\/grappa.no\/en\/wp-json\/wp\/v2\/product"}],"about":[{"href":"https:\/\/grappa.no\/en\/wp-json\/wp\/v2\/types\/product"}],"replies":[{"embeddable":true,"href":"https:\/\/grappa.no\/en\/wp-json\/wp\/v2\/comments?post=34315"}],"wp:featuredmedia":[{"embeddable":true,"href":"https:\/\/grappa.no\/en\/wp-json\/wp\/v2\/media\/34316"}],"wp:attachment":[{"href":"https:\/\/grappa.no\/en\/wp-json\/wp\/v2\/media?parent=34315"}],"wp:term":[{"taxonomy":"product_brand","embeddable":true,"href":"https:\/\/grappa.no\/en\/wp-json\/wp\/v2\/product_brand?post=34315"},{"taxonomy":"product_cat","embeddable":true,"href":"https:\/\/grappa.no\/en\/wp-json\/wp\/v2\/product_cat?post=34315"},{"taxonomy":"product_tag","embeddable":true,"href":"https:\/\/grappa.no\/en\/wp-json\/wp\/v2\/product_tag?post=34315"}],"curies":[{"name":"wp","href":"https:\/\/api.w.org\/{rel}","templated":true}]}}