{"id":33939,"date":"1987-03-09T00:00:00","date_gmt":"1987-03-08T23:00:00","guid":{"rendered":"http:\/\/www.grappa.no\/no\/albums\/ukategorisert\/bjoro-haland-87\/"},"modified":"2017-07-10T11:18:22","modified_gmt":"2017-07-10T10:18:22","slug":"bjoro-haland-87","status":"publish","type":"product","link":"https:\/\/grappa.no\/en\/albums\/grappa\/bjoro-haland-87\/","title":{"rendered":"BJ\u00d8RO H\u00c5LAND &#8217;87"},"content":{"rendered":"<p><\/p>\n<p>Another classic from Norway&#8217;s king of country<\/p>\n<p>On &#8216;Bj\u00f8ro H\u00e5land &#8217;87&#8217;, Bj\u00f8ro is once again backed by the mighty Jonas Fjeld Band. The songs are in Norwegian, and includes several classics translated from English, as well as one original written by Bj\u00f8ro himself.<\/p>\n<p><!--more--><\/p>\n<h4><\/h4>\n<\/p>\n<h4><\/h4>\n<\/p>\n<h4><\/h4>\n<\/p>\n<p><\/p>","protected":false},"excerpt":{"rendered":"<p>On &#8216;Bj\u00f8ro H\u00e5land &#8217;87&#8217;, Bj\u00f8ro is once again backed by the mighty Jonas Fjeld Band.<\/p>\n","protected":false},"featured_media":33941,"comment_status":"closed","ping_status":"open","template":"","meta":[],"product_brand":[],"product_cat":[6],"product_tag":[],"class_list":{"0":"post-33939","1":"product","2":"type-product","3":"status-publish","4":"has-post-thumbnail","6":"product_cat-grappa","7":"product_shipping_class-none","8":"uni_artist_tag-arne-vigeland","9":"uni_artist_tag-arve-sigvaldsen","10":"uni_artist_tag-asbjorn-arntsen","11":"uni_artist_tag-ben-peters","12":"uni_artist_tag-berit-faberg","13":"uni_artist_tag-bjorg-stray","14":"uni_artist_tag-bjoro-haland","15":"uni_artist_tag-don-robertsen","16":"uni_artist_tag-fred-koller","17":"uni_artist_tag-geir-langslet","18":"uni_artist_tag-gunnar-jorstad","19":"uni_artist_tag-hakon-iversen","20":"uni_artist_tag-hege-rimestad","21":"uni_artist_tag-hilde-heltberg","22":"uni_artist_tag-ingvar-moe","23":"uni_artist_tag-ivar-skippervold","24":"uni_artist_tag-johnny-russel","25":"uni_artist_tag-jonas-fjeld","26":"uni_artist_tag-kari-iveland","27":"uni_artist_tag-max-d-barnes","28":"uni_artist_tag-mike-newburry","29":"uni_artist_tag-nick-borgen","30":"uni_artist_tag-pal-reinertsen","31":"uni_artist_tag-per-hillestad","32":"uni_artist_tag-per-kolstad","33":"uni_artist_tag-rayburn-anthony","34":"uni_artist_tag-sigurd-kohn","35":"uni_artist_tag-sigvart-dagsland","36":"uni_artist_tag-solfrid-stene","37":"uni_artist_tag-sonny-throckmorton","38":"uni_artist_tag-svein-dag-hauge","39":"uni_artist_tag-svein-gundersen","40":"uni_artist_tag-trygve-hoff","41":"uni_main_artist_tag-bjoro-haland","42":"uni_artist_genre-country","43":"uni_artist_genre-norwegian-lyrics","44":"uni_artist_genre-roots","45":"uni_artist_genre-scandinavian","47":"first","48":"instock","49":"taxable","50":"shipping-taxable","51":"product-type-simple"},"_links":{"self":[{"href":"https:\/\/grappa.no\/en\/wp-json\/wp\/v2\/product\/33939","targetHints":{"allow":["GET"]}}],"collection":[{"href":"https:\/\/grappa.no\/en\/wp-json\/wp\/v2\/product"}],"about":[{"href":"https:\/\/grappa.no\/en\/wp-json\/wp\/v2\/types\/product"}],"replies":[{"embeddable":true,"href":"https:\/\/grappa.no\/en\/wp-json\/wp\/v2\/comments?post=33939"}],"wp:featuredmedia":[{"embeddable":true,"href":"https:\/\/grappa.no\/en\/wp-json\/wp\/v2\/media\/33941"}],"wp:attachment":[{"href":"https:\/\/grappa.no\/en\/wp-json\/wp\/v2\/media?parent=33939"}],"wp:term":[{"taxonomy":"product_brand","embeddable":true,"href":"https:\/\/grappa.no\/en\/wp-json\/wp\/v2\/product_brand?post=33939"},{"taxonomy":"product_cat","embeddable":true,"href":"https:\/\/grappa.no\/en\/wp-json\/wp\/v2\/product_cat?post=33939"},{"taxonomy":"product_tag","embeddable":true,"href":"https:\/\/grappa.no\/en\/wp-json\/wp\/v2\/product_tag?post=33939"}],"curies":[{"name":"wp","href":"https:\/\/api.w.org\/{rel}","templated":true}]}}