{"id":33779,"date":"2017-06-23T00:00:00","date_gmt":"2017-06-22T23:00:00","guid":{"rendered":"http:\/\/www.grappa.no\/no\/albums\/ukategorisert\/lillebror\/"},"modified":"2017-08-22T08:33:31","modified_gmt":"2017-08-22T07:33:31","slug":"lillebror","status":"publish","type":"product","link":"https:\/\/grappa.no\/en\/albums\/grappa\/lillebror\/","title":{"rendered":"Lillebror"},"content":{"rendered":"<p><\/p>\n<p>Pr\u00f8ysen-songs in a new style.<\/p>\n<p>There are many recordings of Pr\u00f8ysen&#8217;s songs. Artists have felt the call and made their interpretations, and the great thing is that you are never completly done with them.<br \/>\nPr\u00f8ysen&#8217;s songs can be played in so many different ways, and there are still coming more. This time it&#8217;s Lillebror&#8217;s turn! They&#8217;re doing it their own way, with love for the melodies and lyrics, and with all the fun they get from playing these songs together.<\/p>\n<p><!--more--><\/p>\n<p>Pr\u00f8ysen-songs in a new style.<\/p>\n<h4>Lillebror<\/h4>\n<p>Pr\u00f8ysen&#8217;s songs can be played in so many different ways, and there are still coming more. This time it&#8217;s Lillebror&#8217;s turn! They&#8217;re doing it their own way, with love for the melodies and lyrics, and with all the fun they get from playing these songs together. <\/p>\n<p>The members of the group met each other during studies, at Den Gyldne Omvei at Inder\u00f8y in 2011. Today they play in the band Lillebror, and with others in a number of projects. The band consists of Siril Malmedal Hauge, Alf Hulb\u00e6kmo, Martin Miguel Almagro Tonne, Martin Lie Svendsen og Henrik L\u00f8d\u00f8en.<\/p>\n<h4><\/h4>\n<\/p>\n<h4><\/h4>\n<\/p>\n<p><\/p>","protected":false},"excerpt":{"rendered":"<p>Pr\u00f8ysen-songs in a brand new style.<\/p>\n","protected":false},"featured_media":33780,"comment_status":"closed","ping_status":"open","template":"","meta":[],"product_brand":[],"product_cat":[6],"product_tag":[],"class_list":{"0":"post-33779","1":"product","2":"type-product","3":"status-publish","4":"has-post-thumbnail","6":"product_cat-grappa","7":"product_shipping_class-cddvd-shipping","8":"uni_artist_tag-alf-hulbaekmo","9":"uni_artist_tag-arthur-hogstedt","10":"uni_artist_tag-bjarne-amdahl","11":"uni_artist_tag-egil-monn-iversen","12":"uni_artist_tag-finn-ludt","13":"uni_artist_tag-henrik-lodoen","14":"uni_artist_tag-johan-oian","15":"uni_artist_tag-lillebror","16":"uni_artist_tag-martin-lie-svendsen","17":"uni_artist_tag-martin-miguel-almagro-tonne","18":"uni_artist_tag-otto-nielsen","19":"uni_artist_tag-siril-malmedal-hauge","20":"uni_artist_tag-trad","21":"uni_artist_genre-debut","22":"uni_artist_genre-folk","23":"uni_artist_genre-norwegian-lyrics","24":"uni_artist_genre-pop","26":"first","27":"instock","28":"taxable","29":"shipping-taxable","30":"purchasable","31":"product-type-simple"},"_links":{"self":[{"href":"https:\/\/grappa.no\/en\/wp-json\/wp\/v2\/product\/33779","targetHints":{"allow":["GET"]}}],"collection":[{"href":"https:\/\/grappa.no\/en\/wp-json\/wp\/v2\/product"}],"about":[{"href":"https:\/\/grappa.no\/en\/wp-json\/wp\/v2\/types\/product"}],"replies":[{"embeddable":true,"href":"https:\/\/grappa.no\/en\/wp-json\/wp\/v2\/comments?post=33779"}],"wp:featuredmedia":[{"embeddable":true,"href":"https:\/\/grappa.no\/en\/wp-json\/wp\/v2\/media\/33780"}],"wp:attachment":[{"href":"https:\/\/grappa.no\/en\/wp-json\/wp\/v2\/media?parent=33779"}],"wp:term":[{"taxonomy":"product_brand","embeddable":true,"href":"https:\/\/grappa.no\/en\/wp-json\/wp\/v2\/product_brand?post=33779"},{"taxonomy":"product_cat","embeddable":true,"href":"https:\/\/grappa.no\/en\/wp-json\/wp\/v2\/product_cat?post=33779"},{"taxonomy":"product_tag","embeddable":true,"href":"https:\/\/grappa.no\/en\/wp-json\/wp\/v2\/product_tag?post=33779"}],"curies":[{"name":"wp","href":"https:\/\/api.w.org\/{rel}","templated":true}]}}