{"id":33641,"date":"2017-05-12T00:00:00","date_gmt":"2017-05-11T23:00:00","guid":{"rendered":"http:\/\/www.grappa.no\/no\/albums\/ukategorisert\/rasmus-og-verdens-beste-band-banjo-pa-badet\/"},"modified":"2017-10-27T12:18:26","modified_gmt":"2017-10-27T11:18:26","slug":"rasmus-og-verdens-beste-band-banjo-pa-badet","status":"publish","type":"product","link":"https:\/\/grappa.no\/en\/albums\/grappa\/rasmus-og-verdens-beste-band-banjo-pa-badet\/","title":{"rendered":"Rasmus Og Verdens Beste Band: Banjo p\u00e5 badet"},"content":{"rendered":"<p><\/p>\n<p>Ten years <\/p>\n<p>Rasmus og Verdens Beste Band are celebrating their 10th anniversary with sold-out birthday concerts at Tr\u00f8ndelag Teater and the release of a brand-new children\u2019s album. The group\u2019s fifth album, Banjo p\u00e5 badet, is a cornucopia filled with musical creativity, and offers a wealth of wonderful songs with lyrics that are both humorous and serious. The album was produced by K\u00e5re Vestrheim (Highasakite, Frida \u00c5nnevik) and is definitely their best product ever! The universe of Rasmus\u2019s lyrics is as broad and rich as it\u2019s possible to be, and ranges from funny songs about garden hoses and how the life of a cowboy changes when he has a baby to texts that address important and serious themes, such as the last track on the album, \u201cGutten p\u00e5 stranda\u201d.<\/p>\n<p>Banjo p\u00e5 badet was recorded at Propeller Studio with producer K\u00e5re Vestrheim, and features guest artists including drummer P\u00e5l Hausken, accordion master Stian Carstensen and the choir Steinerskolens Jentekor.<\/p>\n<p><!--more--><\/p>\n<p>Rasmus og Verdens Beste Band are celebrating their 10th anniversary with sold-out birthday concerts at Tr\u00f8ndelag Teater and the release of a brand-new children\u2019s album. The group\u2019s fifth album, Banjo p\u00e5 badet, is a cornucopia filled with musical creativity, and offers a wealth of wonderful songs with lyrics that are both humorous and serious. The album was produced by K\u00e5re Vestrheim (Highasakite, Frida \u00c5nnevik) and is definitely their best product ever!<\/p>\n<h4>About Rasmus og Verdens Beste Band<\/h4>\n<p>Rasmus og Verdens Beste Band are famous after appearing for four seasons on the Norwegian Broadcasting Corporation series Kosinus. Two of the band\u2019s previous releases \u2013 Kyssing e h\u00e6sli (2007) and Puppan te pappa (2010) \u2013 received a Spellemannspris (Norwegian Grammy) as the best children\u2019s recordings of their respective years, while Gul sn\u00f8 (2012) was also nominated in the same category. The band has played with most Norwegian artists, from \u00d8ystein (Knutsen) Dolmen to the Norwegian Radio Orchestra, and is known for creating untraditional children\u2019s music of exceptionally high quality. They have sold over 20 000 records.<br \/>\nIn 2014 Rasmus Rohde &amp; co produced the family musical Puppan te pappa at Tr\u00f8ndelag Teater. <\/p>\n<p>The production \u201cRasmus og Verdens Beste Bursdag\u201d will be presented on the Old Stage at Tr\u00f8ndelag Teater on 16-20 May and on 8 and 9 June.<\/p>\n<h4><\/h4>\n<\/p>\n<h4><\/h4>\n<\/p>\n<p><\/p>","protected":false},"excerpt":{"rendered":"<p>The group\u2019s fifth album, Banjo p\u00e5 badet, is a cornucopia filled with musical creativity, and offers a wealth of wonderful songs with lyrics that are both humorous and serious. The album was produced by K\u00e5re Vestrheim (Highasakite, Frida \u00c5nnevik) and is definitely their best product ever!<\/p>\n","protected":false},"featured_media":33642,"comment_status":"closed","ping_status":"open","template":"","meta":[],"product_brand":[],"product_cat":[6],"product_tag":[],"class_list":{"0":"post-33641","1":"product","2":"type-product","3":"status-publish","4":"has-post-thumbnail","6":"product_cat-grappa","7":"product_shipping_class-cddvd-shipping","8":"uni_artist_tag-erlend-smalas","9":"uni_artist_tag-kare-chr-vestrheim","10":"uni_artist_tag-pal-hausken","11":"uni_artist_tag-rasmus-og-verdens-beste-band","12":"uni_artist_tag-rasmus-rohde","13":"uni_artist_genre-children","14":"uni_artist_genre-norwegian-lyrics","16":"first","17":"instock","18":"taxable","19":"shipping-taxable","20":"purchasable","21":"product-type-simple"},"_links":{"self":[{"href":"https:\/\/grappa.no\/en\/wp-json\/wp\/v2\/product\/33641","targetHints":{"allow":["GET"]}}],"collection":[{"href":"https:\/\/grappa.no\/en\/wp-json\/wp\/v2\/product"}],"about":[{"href":"https:\/\/grappa.no\/en\/wp-json\/wp\/v2\/types\/product"}],"replies":[{"embeddable":true,"href":"https:\/\/grappa.no\/en\/wp-json\/wp\/v2\/comments?post=33641"}],"wp:featuredmedia":[{"embeddable":true,"href":"https:\/\/grappa.no\/en\/wp-json\/wp\/v2\/media\/33642"}],"wp:attachment":[{"href":"https:\/\/grappa.no\/en\/wp-json\/wp\/v2\/media?parent=33641"}],"wp:term":[{"taxonomy":"product_brand","embeddable":true,"href":"https:\/\/grappa.no\/en\/wp-json\/wp\/v2\/product_brand?post=33641"},{"taxonomy":"product_cat","embeddable":true,"href":"https:\/\/grappa.no\/en\/wp-json\/wp\/v2\/product_cat?post=33641"},{"taxonomy":"product_tag","embeddable":true,"href":"https:\/\/grappa.no\/en\/wp-json\/wp\/v2\/product_tag?post=33641"}],"curies":[{"name":"wp","href":"https:\/\/api.w.org\/{rel}","templated":true}]}}