{"id":33148,"date":"1995-06-12T00:00:00","date_gmt":"1995-06-11T23:00:00","guid":{"rendered":"http:\/\/www.grappa.no\/no\/albums\/ukategorisert\/flickan-fran-fjarran\/"},"modified":"2017-03-15T16:02:02","modified_gmt":"2017-03-15T15:02:02","slug":"flickan-fran-fjarran","status":"publish","type":"product","link":"https:\/\/grappa.no\/en\/albums\/grappa\/flickan-fran-fjarran\/","title":{"rendered":"Flickan fr\u00e5n fj\u00e4rran"},"content":{"rendered":"<p><\/p>\n<p>Fristorp. <\/p>\n<p>On &#8216;Flickan fr\u00e5n Fj\u00e4rran&#8217;, G\u00f6ran Fristorp has written music to poems by Swedish and Finnish-Swedish writers. The record was recorded in Rainbow Studio in Oslo, where Fristorp brought together a star team of Norwegian musicians.<\/p>\n<p><!--more--><\/p>\n<h4><\/h4>\n<\/p>\n<h4><\/h4>\n<\/p>\n<h4><\/h4>\n<\/p>\n<p><\/p>","protected":false},"excerpt":{"rendered":"<p>On &#8216;Flickan fr\u00e5n Fj\u00e4rran&#8217;, G\u00f6ran Fristorp has written music to poems by Swedish and Finnish-Swedish writers.<\/p>\n","protected":false},"featured_media":33151,"comment_status":"closed","ping_status":"open","template":"","meta":[],"product_brand":[],"product_cat":[6],"product_tag":[],"class_list":{"0":"post-33148","1":"product","2":"type-product","3":"status-publish","4":"has-post-thumbnail","6":"product_cat-grappa","7":"product_shipping_class-cddvd-shipping","8":"uni_artist_tag-arild-andersen","9":"uni_artist_tag-berit-vaernes","10":"uni_artist_tag-bjorg-vaernes","11":"uni_artist_tag-egil-johansen","12":"uni_artist_tag-eivind-aarset","13":"uni_artist_tag-goran-fristorp","14":"uni_artist_tag-henning-batnes","15":"uni_artist_tag-kjetil-bjerkestrand","16":"uni_artist_tag-ole-edvard-antonsen","17":"uni_artist_tag-paolo-vinaccia","18":"uni_artist_tag-the-brazz-brothers","19":"uni_main_artist_tag-goran-fristorp","20":"uni_artist_genre-pop","21":"uni_artist_genre-singersongwriter","22":"uni_artist_genre-swedish-lyrics","23":"uni_artist_genre-traditional","25":"first","26":"instock","27":"taxable","28":"shipping-taxable","29":"purchasable","30":"product-type-simple"},"_links":{"self":[{"href":"https:\/\/grappa.no\/en\/wp-json\/wp\/v2\/product\/33148","targetHints":{"allow":["GET"]}}],"collection":[{"href":"https:\/\/grappa.no\/en\/wp-json\/wp\/v2\/product"}],"about":[{"href":"https:\/\/grappa.no\/en\/wp-json\/wp\/v2\/types\/product"}],"replies":[{"embeddable":true,"href":"https:\/\/grappa.no\/en\/wp-json\/wp\/v2\/comments?post=33148"}],"wp:featuredmedia":[{"embeddable":true,"href":"https:\/\/grappa.no\/en\/wp-json\/wp\/v2\/media\/33151"}],"wp:attachment":[{"href":"https:\/\/grappa.no\/en\/wp-json\/wp\/v2\/media?parent=33148"}],"wp:term":[{"taxonomy":"product_brand","embeddable":true,"href":"https:\/\/grappa.no\/en\/wp-json\/wp\/v2\/product_brand?post=33148"},{"taxonomy":"product_cat","embeddable":true,"href":"https:\/\/grappa.no\/en\/wp-json\/wp\/v2\/product_cat?post=33148"},{"taxonomy":"product_tag","embeddable":true,"href":"https:\/\/grappa.no\/en\/wp-json\/wp\/v2\/product_tag?post=33148"}],"curies":[{"name":"wp","href":"https:\/\/api.w.org\/{rel}","templated":true}]}}