{"id":33146,"date":"1999-05-08T00:00:00","date_gmt":"1999-05-07T23:00:00","guid":{"rendered":"http:\/\/www.grappa.no\/no\/albums\/ukategorisert\/riktning\/"},"modified":"2017-03-16T13:16:02","modified_gmt":"2017-03-16T12:16:02","slug":"riktning","status":"publish","type":"product","link":"https:\/\/grappa.no\/en\/albums\/grappa\/riktning\/","title":{"rendered":"Riktning"},"content":{"rendered":"<p><\/p>\n<p>G\u00f6ran Fristorp &#8211; Riktning<\/p>\n<p>On &#8216;Rikting&#8217; G\u00f6ran Fristorp has written music to texts by Lillebj\u00f8rn Nilsen, Anders Fritorp and Lotta Fristorp. You will also find songs by H\u00e4ndel, Evert Taube and George Munro on the record, which was recorded at Rainbow Studio in Oslo in 1986. G\u00f6ran Fristorp on vocals, guitar, piano and synth programming, Per Lindvall on drums and percussion and Arild Anderson og bass.<\/p>\n<p><!--more--><\/p>\n<h4><\/h4>\n<\/p>\n<h4><\/h4>\n<\/p>\n<h4><\/h4>\n<\/p>\n<p><\/p>","protected":false},"excerpt":{"rendered":"<p>On &#8216;Rikting&#8217; (Direction) G\u00f6ran Fristorp has written music to texts by Lillebj\u00f8rn Nilsen, Anders Fritorp and Lotta Fristorp.<\/p>\n","protected":false},"featured_media":33149,"comment_status":"closed","ping_status":"open","template":"","meta":[],"product_brand":[],"product_cat":[6],"product_tag":[],"class_list":{"0":"post-33146","1":"product","2":"type-product","3":"status-publish","4":"has-post-thumbnail","6":"product_cat-grappa","7":"product_shipping_class-cddvd-shipping","8":"uni_artist_tag-anna-lotta-larsson","9":"uni_artist_tag-arild-andersen","10":"uni_artist_tag-evert-taube","11":"uni_artist_tag-georg-friedrich-handel","12":"uni_artist_tag-george-munro","13":"uni_artist_tag-goran-fristorp","14":"uni_artist_tag-lillebjorn-nilsen","15":"uni_artist_tag-nils-petter-molvaer","16":"uni_artist_tag-per-lindvall","17":"uni_artist_tag-roar-engelberg","18":"uni_artist_tag-tore-brunborg","19":"uni_main_artist_tag-goran-fristorp","20":"uni_artist_genre-lyric-poetry","21":"uni_artist_genre-pop","22":"uni_artist_genre-scandinavian","23":"uni_artist_genre-singersongwriter","24":"uni_artist_genre-traditional","26":"first","27":"instock","28":"taxable","29":"shipping-taxable","30":"purchasable","31":"product-type-simple"},"_links":{"self":[{"href":"https:\/\/grappa.no\/en\/wp-json\/wp\/v2\/product\/33146","targetHints":{"allow":["GET"]}}],"collection":[{"href":"https:\/\/grappa.no\/en\/wp-json\/wp\/v2\/product"}],"about":[{"href":"https:\/\/grappa.no\/en\/wp-json\/wp\/v2\/types\/product"}],"replies":[{"embeddable":true,"href":"https:\/\/grappa.no\/en\/wp-json\/wp\/v2\/comments?post=33146"}],"wp:featuredmedia":[{"embeddable":true,"href":"https:\/\/grappa.no\/en\/wp-json\/wp\/v2\/media\/33149"}],"wp:attachment":[{"href":"https:\/\/grappa.no\/en\/wp-json\/wp\/v2\/media?parent=33146"}],"wp:term":[{"taxonomy":"product_brand","embeddable":true,"href":"https:\/\/grappa.no\/en\/wp-json\/wp\/v2\/product_brand?post=33146"},{"taxonomy":"product_cat","embeddable":true,"href":"https:\/\/grappa.no\/en\/wp-json\/wp\/v2\/product_cat?post=33146"},{"taxonomy":"product_tag","embeddable":true,"href":"https:\/\/grappa.no\/en\/wp-json\/wp\/v2\/product_tag?post=33146"}],"curies":[{"name":"wp","href":"https:\/\/api.w.org\/{rel}","templated":true}]}}