{"id":33051,"date":"1999-10-11T00:00:00","date_gmt":"1999-10-10T23:00:00","guid":{"rendered":"http:\/\/www.grappa.no\/no\/albums\/ukategorisert\/kamma-no\/"},"modified":"2017-03-01T11:18:02","modified_gmt":"2017-03-01T10:18:02","slug":"kamma-no","status":"publish","type":"product","link":"https:\/\/grappa.no\/en\/albums\/heilo\/kamma-no\/","title":{"rendered":"K\u00e5mm\u00e5 no\u2026"},"content":{"rendered":"<p><\/p>\n<p>Award-winning debut<\/p>\n<p>&quot;K\u00e5mm\u00e5 no&#8230;&quot;, Tone Hulb\u00e6kmo&#8217;s solo debut, received a Spellemann award for best folk music in 1983.<\/p>\n<p><!--more--><\/p>\n<h4><\/h4>\n<\/p>\n<h4><\/h4>\n<\/p>\n<h4><\/h4>\n<\/p>\n<p><\/p>","protected":false},"excerpt":{"rendered":"<p>&quot;K\u00e5mm\u00e5 no&#8230;&quot;, Tone Hulb\u00e6kmo&#8217;s solo debut, received a Spellemann award for best folk music in 1983.<\/p>\n","protected":false},"featured_media":33054,"comment_status":"closed","ping_status":"open","template":"","meta":[],"product_brand":[],"product_cat":[35],"product_tag":[],"class_list":{"0":"post-33051","1":"product","2":"type-product","3":"status-publish","4":"has-post-thumbnail","6":"product_cat-heilo","7":"product_shipping_class-cddvd-shipping","8":"uni_artist_tag-arild-plassen","9":"uni_artist_tag-hallvard-kvale","10":"uni_artist_tag-hans-fredrik-jacobsen","11":"uni_artist_tag-leiv-solberg","12":"uni_artist_tag-sverre-jensen","13":"uni_artist_tag-tone-hulbaekmo","14":"uni_main_artist_tag-tone-hulbaekmo","15":"uni_artist_genre-folk-music","16":"uni_artist_genre-traditional","18":"first","19":"outofstock","20":"taxable","21":"shipping-taxable","22":"product-type-simple"},"_links":{"self":[{"href":"https:\/\/grappa.no\/en\/wp-json\/wp\/v2\/product\/33051","targetHints":{"allow":["GET"]}}],"collection":[{"href":"https:\/\/grappa.no\/en\/wp-json\/wp\/v2\/product"}],"about":[{"href":"https:\/\/grappa.no\/en\/wp-json\/wp\/v2\/types\/product"}],"replies":[{"embeddable":true,"href":"https:\/\/grappa.no\/en\/wp-json\/wp\/v2\/comments?post=33051"}],"wp:featuredmedia":[{"embeddable":true,"href":"https:\/\/grappa.no\/en\/wp-json\/wp\/v2\/media\/33054"}],"wp:attachment":[{"href":"https:\/\/grappa.no\/en\/wp-json\/wp\/v2\/media?parent=33051"}],"wp:term":[{"taxonomy":"product_brand","embeddable":true,"href":"https:\/\/grappa.no\/en\/wp-json\/wp\/v2\/product_brand?post=33051"},{"taxonomy":"product_cat","embeddable":true,"href":"https:\/\/grappa.no\/en\/wp-json\/wp\/v2\/product_cat?post=33051"},{"taxonomy":"product_tag","embeddable":true,"href":"https:\/\/grappa.no\/en\/wp-json\/wp\/v2\/product_tag?post=33051"}],"curies":[{"name":"wp","href":"https:\/\/api.w.org\/{rel}","templated":true}]}}