{"id":32358,"date":"2003-11-10T00:00:00","date_gmt":"2003-11-09T23:00:00","guid":{"rendered":"http:\/\/www.grappa.no\/no\/albums\/ukategorisert\/julemorgen-barnas-egne-sanger\/"},"modified":"2016-12-09T11:18:04","modified_gmt":"2016-12-09T10:18:04","slug":"julemorgen-barnas-egne-sanger","status":"publish","type":"product","link":"https:\/\/grappa.no\/en\/albums\/barne\/julemorgen-barnas-egne-sanger\/","title":{"rendered":"JULEMORGEN &#8211; BARNAS EGNE SANGER"},"content":{"rendered":"<p><\/p>\n<p><!--more--><\/p>\n<h4><\/h4>\n<\/p>\n<h4><\/h4>\n<\/p>\n<h4><\/h4>\n<\/p>\n<p><\/p>","protected":false},"excerpt":{"rendered":"<p class=\"qtranxs-available-languages-message qtranxs-available-languages-message-en\">Sorry, this entry is only available in <a href=\"https:\/\/grappa.no\/no\/wp-json\/wp\/v2\/product\/32358\" class=\"qtranxs-available-language-link qtranxs-available-language-link-no\" title=\"Norsk\">Norsk<\/a>.<\/p>\n<p>&amp;quot;Julemorgen-CD&#8217;en oppfyller et av julens viktigste m\u00e5l: \u00c5 spre glede! Det er en CD for hele familien &#8211; rett og slett til \u00e5 bli i godt hum\u00f8r av. Bedre kan det ikke bli!&amp;quot; [\u00d8yvind Woie \/ V\u00e5rt Land]<\/p>\n","protected":false},"featured_media":32371,"comment_status":"closed","ping_status":"open","template":"","meta":[],"product_brand":[],"product_cat":[15],"product_tag":[],"class_list":{"0":"post-32358","1":"product","2":"type-product","3":"status-publish","4":"has-post-thumbnail","6":"product_cat-barne","7":"product_shipping_class-cddvd-shipping","8":"uni_artist_tag-jens-petter-antonsen","9":"uni_artist_tag-jorgen-gjerde","10":"uni_artist_tag-marian-lisland","11":"uni_artist_tag-morten-halle","12":"uni_artist_tag-nissa-nyberget","13":"uni_artist_tag-ole-marius-melhus","14":"uni_artist_tag-per-hillestad","15":"uni_artist_tag-per-kolstad","16":"uni_artist_tag-per-oystein-sorensen","17":"uni_main_artist_tag-nissa-nyberget","18":"uni_artist_genre-children","19":"uni_artist_genre-norwegian-lyrics","21":"first","22":"outofstock","23":"taxable","24":"shipping-taxable","25":"product-type-simple"},"_links":{"self":[{"href":"https:\/\/grappa.no\/en\/wp-json\/wp\/v2\/product\/32358","targetHints":{"allow":["GET"]}}],"collection":[{"href":"https:\/\/grappa.no\/en\/wp-json\/wp\/v2\/product"}],"about":[{"href":"https:\/\/grappa.no\/en\/wp-json\/wp\/v2\/types\/product"}],"replies":[{"embeddable":true,"href":"https:\/\/grappa.no\/en\/wp-json\/wp\/v2\/comments?post=32358"}],"wp:featuredmedia":[{"embeddable":true,"href":"https:\/\/grappa.no\/en\/wp-json\/wp\/v2\/media\/32371"}],"wp:attachment":[{"href":"https:\/\/grappa.no\/en\/wp-json\/wp\/v2\/media?parent=32358"}],"wp:term":[{"taxonomy":"product_brand","embeddable":true,"href":"https:\/\/grappa.no\/en\/wp-json\/wp\/v2\/product_brand?post=32358"},{"taxonomy":"product_cat","embeddable":true,"href":"https:\/\/grappa.no\/en\/wp-json\/wp\/v2\/product_cat?post=32358"},{"taxonomy":"product_tag","embeddable":true,"href":"https:\/\/grappa.no\/en\/wp-json\/wp\/v2\/product_tag?post=32358"}],"curies":[{"name":"wp","href":"https:\/\/api.w.org\/{rel}","templated":true}]}}