{"id":32305,"date":"2011-11-18T00:00:00","date_gmt":"2011-11-17T23:00:00","guid":{"rendered":"http:\/\/www.grappa.no\/no\/albums\/ukategorisert\/blafjell-2-jakten-pa-det-magiske-horn\/"},"modified":"2017-09-29T09:01:33","modified_gmt":"2017-09-29T08:01:33","slug":"blafjell-2-jakten-pa-det-magiske-horn","status":"publish","type":"product","link":"https:\/\/grappa.no\/en\/albums\/barne\/blafjell-2-jakten-pa-det-magiske-horn\/","title":{"rendered":"Bl\u00e5fjell 2 &#8211; Jakten P\u00e5 Det Magiske Horn"},"content":{"rendered":"<p><\/p>\n<p><!--more--><\/p>\n<h4><\/h4>\n<\/p>\n<h4><\/h4>\n<\/p>\n<h4><\/h4>\n<\/p>\n<p><\/p>","protected":false},"excerpt":{"rendered":"<p class=\"qtranxs-available-languages-message qtranxs-available-languages-message-en\">Sorry, this entry is only available in <a href=\"https:\/\/grappa.no\/no\/wp-json\/wp\/v2\/product\/32305\" class=\"qtranxs-available-language-link qtranxs-available-language-link-no\" title=\"Norsk\">Norsk<\/a>.<\/p>\n<p>Dette er musikken fra eventyrfilmen Bl\u00e5fjell 2 &#8211; Jakten P\u00e5 Det Magiske Horn, oppf\u00f8lgeren til kjempesuksessen Julenatt I Bl\u00e5fjell som i 2009 trakk 350.000 mennesker til norske kinosaler.<\/p>\n","protected":false},"featured_media":32310,"comment_status":"closed","ping_status":"open","template":"","meta":[],"product_brand":[],"product_cat":[15],"product_tag":[],"class_list":{"0":"post-32305","1":"product","2":"type-product","3":"status-publish","4":"has-post-thumbnail","6":"product_cat-barne","7":"product_shipping_class-cddvd-shipping","8":"uni_artist_tag-magnus-beite","9":"uni_artist_tag-tellef-kvifte","10":"uni_artist_genre-children","11":"uni_artist_genre-norwegian-lyrics","13":"first","14":"instock","15":"taxable","16":"shipping-taxable","17":"purchasable","18":"product-type-simple"},"_links":{"self":[{"href":"https:\/\/grappa.no\/en\/wp-json\/wp\/v2\/product\/32305","targetHints":{"allow":["GET"]}}],"collection":[{"href":"https:\/\/grappa.no\/en\/wp-json\/wp\/v2\/product"}],"about":[{"href":"https:\/\/grappa.no\/en\/wp-json\/wp\/v2\/types\/product"}],"replies":[{"embeddable":true,"href":"https:\/\/grappa.no\/en\/wp-json\/wp\/v2\/comments?post=32305"}],"wp:featuredmedia":[{"embeddable":true,"href":"https:\/\/grappa.no\/en\/wp-json\/wp\/v2\/media\/32310"}],"wp:attachment":[{"href":"https:\/\/grappa.no\/en\/wp-json\/wp\/v2\/media?parent=32305"}],"wp:term":[{"taxonomy":"product_brand","embeddable":true,"href":"https:\/\/grappa.no\/en\/wp-json\/wp\/v2\/product_brand?post=32305"},{"taxonomy":"product_cat","embeddable":true,"href":"https:\/\/grappa.no\/en\/wp-json\/wp\/v2\/product_cat?post=32305"},{"taxonomy":"product_tag","embeddable":true,"href":"https:\/\/grappa.no\/en\/wp-json\/wp\/v2\/product_tag?post=32305"}],"curies":[{"name":"wp","href":"https:\/\/api.w.org\/{rel}","templated":true}]}}