{"id":32300,"date":"2015-04-17T00:00:00","date_gmt":"2015-04-16T23:00:00","guid":{"rendered":"http:\/\/www.grappa.no\/no\/albums\/ukategorisert\/halvdan-sivertsen-gjor-det-sa-gjerne\/"},"modified":"2016-11-30T12:02:04","modified_gmt":"2016-11-30T11:02:04","slug":"halvdan-sivertsen-gjor-det-sa-gjerne","status":"publish","type":"product","link":"https:\/\/grappa.no\/en\/albums\/grappa\/halvdan-sivertsen-gjor-det-sa-gjerne\/","title":{"rendered":"Halvdan Sivertsen: Gj\u00f8r det s\u00e5 gjerne"},"content":{"rendered":"<p><\/p>\n<p>One of Norway&#8217;s most popular artists<\/p>\n<p>Halvdan Sivertsen has long been one of Norway\u2019s most popular artists both live and on album, and his already considerable fan base has grown even bigger after he participated on the popular Norwegian TV-programme Hver Gang Vi M\u00f8tes. On Gj\u00f8r Det S\u00e5 Gjerne, his first studio album since the award-winning Mellom Oss from 2008, he has recorded eleven new songs \u2013 undoubtedly some of his best!<\/p>\n<p><!--more--><\/p>\n<h4><\/h4>\n<\/p>\n<h4><\/h4>\n<\/p>\n<h4><\/h4>\n<\/p>\n<p><\/p>","protected":false},"excerpt":{"rendered":"<p>Halvdan Sivertsen&#8217;s first studio album since the award-winning Mellom Oss from 2008.<\/p>\n","protected":false},"featured_media":32301,"comment_status":"closed","ping_status":"open","template":"","meta":[],"product_brand":[],"product_cat":[6],"product_tag":[],"class_list":{"0":"post-32300","1":"product","2":"type-product","3":"status-publish","4":"has-post-thumbnail","6":"product_cat-grappa","7":"product_shipping_class-cddvd-shipping","8":"uni_artist_tag-dag-erik-oksvold","9":"uni_artist_tag-daniel-hovik","10":"uni_artist_tag-eirik-are-oanes-andersen","11":"uni_artist_tag-halvdan-sivertsen","12":"uni_artist_tag-henning-gravrok","13":"uni_artist_tag-jan-gunnar-hoff","14":"uni_artist_tag-rune-mathisen","15":"uni_artist_tag-sveinung-lillebjerka","16":"uni_artist_tag-trond-viggo-solas","17":"uni_main_artist_tag-halvdan-sivertsen","18":"uni_artist_genre-norwegian-lyrics","19":"uni_artist_genre-pop","20":"uni_artist_genre-singersongwriter","22":"first","23":"instock","24":"taxable","25":"shipping-taxable","26":"purchasable","27":"product-type-simple"},"_links":{"self":[{"href":"https:\/\/grappa.no\/en\/wp-json\/wp\/v2\/product\/32300","targetHints":{"allow":["GET"]}}],"collection":[{"href":"https:\/\/grappa.no\/en\/wp-json\/wp\/v2\/product"}],"about":[{"href":"https:\/\/grappa.no\/en\/wp-json\/wp\/v2\/types\/product"}],"replies":[{"embeddable":true,"href":"https:\/\/grappa.no\/en\/wp-json\/wp\/v2\/comments?post=32300"}],"wp:featuredmedia":[{"embeddable":true,"href":"https:\/\/grappa.no\/en\/wp-json\/wp\/v2\/media\/32301"}],"wp:attachment":[{"href":"https:\/\/grappa.no\/en\/wp-json\/wp\/v2\/media?parent=32300"}],"wp:term":[{"taxonomy":"product_brand","embeddable":true,"href":"https:\/\/grappa.no\/en\/wp-json\/wp\/v2\/product_brand?post=32300"},{"taxonomy":"product_cat","embeddable":true,"href":"https:\/\/grappa.no\/en\/wp-json\/wp\/v2\/product_cat?post=32300"},{"taxonomy":"product_tag","embeddable":true,"href":"https:\/\/grappa.no\/en\/wp-json\/wp\/v2\/product_tag?post=32300"}],"curies":[{"name":"wp","href":"https:\/\/api.w.org\/{rel}","templated":true}]}}