{"id":32242,"date":"2005-12-05T00:00:00","date_gmt":"2005-12-04T23:00:00","guid":{"rendered":"http:\/\/www.grappa.no\/no\/albums\/ukategorisert\/tommy-og-elefanten-karius-og-baktus-ole-jakop-pa-bytur-da-per-var-ku\/"},"modified":"2017-06-07T10:18:28","modified_gmt":"2017-06-07T09:18:28","slug":"tommy-og-elefanten-karius-og-baktus-ole-jakop-pa-bytur-da-per-var-ku","status":"publish","type":"product","link":"https:\/\/grappa.no\/en\/albums\/barne\/tommy-og-elefanten-karius-og-baktus-ole-jakop-pa-bytur-da-per-var-ku\/","title":{"rendered":"TOMMY OG ELEFANTEN &#8211; KARIUS OG BAKTUS &#8211; OLE JAKOP P\u00c5 BYTUR &#8211; DA PER VAR KU"},"content":{"rendered":"<p><\/p>\n<p><!--more--><\/p>\n<h4><\/h4>\n<\/p>\n<h4><\/h4>\n<\/p>\n<h4><\/h4>\n<\/p>\n<p><\/p>","protected":false},"excerpt":{"rendered":"<p class=\"qtranxs-available-languages-message qtranxs-available-languages-message-en\">Sorry, this entry is only available in <a href=\"https:\/\/grappa.no\/no\/wp-json\/wp\/v2\/product\/32242\" class=\"qtranxs-available-language-link qtranxs-available-language-link-no\" title=\"Norsk\">Norsk<\/a>.<\/p>\n<p>Vi fortsetter suksessen med \u00e5 b\u00f8rste st\u00f8v av arkivmateriale fra Barnetimen, og utgir en ny lydbok av og med Thorbj\u00f8rn Egner i samarbeid med Egner-familien.<\/p>\n","protected":false},"featured_media":32244,"comment_status":"closed","ping_status":"open","template":"","meta":[],"product_brand":[],"product_cat":[15],"product_tag":[],"class_list":{"0":"post-32242","1":"product","2":"type-product","3":"status-publish","4":"has-post-thumbnail","6":"product_cat-barne","7":"product_shipping_class-none","8":"uni_artist_tag-terje-formoe","9":"uni_artist_tag-thorbjorn-egner","10":"uni_artist_genre-audio-book","11":"uni_artist_genre-children","13":"first","14":"outofstock","15":"taxable","16":"shipping-taxable","17":"product-type-simple"},"_links":{"self":[{"href":"https:\/\/grappa.no\/en\/wp-json\/wp\/v2\/product\/32242","targetHints":{"allow":["GET"]}}],"collection":[{"href":"https:\/\/grappa.no\/en\/wp-json\/wp\/v2\/product"}],"about":[{"href":"https:\/\/grappa.no\/en\/wp-json\/wp\/v2\/types\/product"}],"replies":[{"embeddable":true,"href":"https:\/\/grappa.no\/en\/wp-json\/wp\/v2\/comments?post=32242"}],"wp:featuredmedia":[{"embeddable":true,"href":"https:\/\/grappa.no\/en\/wp-json\/wp\/v2\/media\/32244"}],"wp:attachment":[{"href":"https:\/\/grappa.no\/en\/wp-json\/wp\/v2\/media?parent=32242"}],"wp:term":[{"taxonomy":"product_brand","embeddable":true,"href":"https:\/\/grappa.no\/en\/wp-json\/wp\/v2\/product_brand?post=32242"},{"taxonomy":"product_cat","embeddable":true,"href":"https:\/\/grappa.no\/en\/wp-json\/wp\/v2\/product_cat?post=32242"},{"taxonomy":"product_tag","embeddable":true,"href":"https:\/\/grappa.no\/en\/wp-json\/wp\/v2\/product_tag?post=32242"}],"curies":[{"name":"wp","href":"https:\/\/api.w.org\/{rel}","templated":true}]}}