{"id":32231,"date":"1995-01-01T00:00:00","date_gmt":"1994-12-31T23:00:00","guid":{"rendered":"http:\/\/www.grappa.no\/no\/albums\/ukategorisert\/postmann-pat\/"},"modified":"2023-08-29T13:09:35","modified_gmt":"2023-08-29T12:09:35","slug":"postmann-pat","status":"publish","type":"product","link":"https:\/\/grappa.no\/en\/albums\/barne\/postmann-pat\/","title":{"rendered":"POSTMANN PAT"},"content":{"rendered":"<p>Postmann Pat<\/p>\n<p>Trond Br\u00e6nne har l\u00e5nt bort stemmen sin til den popul\u00e6re Barne-TV-serien Postmann Pat. Her f\u00e5r du alle sangene og musikken fra den kjente og kj\u00e6re serien.<\/p>\n<p><!--more--><\/p>\n<h4><\/h4>\n<h4><\/h4>\n<h4><\/h4>\n","protected":false},"excerpt":{"rendered":"<p>Trond Br\u00e6nne har l\u00e5nt bort stemmen sin til den popul\u00e6re Barne-TV-serien Postmann Pat.<\/p>\n","protected":false},"featured_media":32237,"comment_status":"closed","ping_status":"closed","template":"","meta":[],"product_brand":[],"product_cat":[15],"product_tag":[],"class_list":{"0":"post-32231","1":"product","2":"type-product","3":"status-publish","4":"has-post-thumbnail","6":"product_cat-barne","7":"product_shipping_class-cddvd-shipping","8":"uni_artist_tag-trond-braenne","9":"uni_main_artist_tag-trond-braenne","10":"uni_artist_genre-children","11":"uni_artist_genre-norwegian-lyrics","13":"first","14":"outofstock","15":"taxable","16":"shipping-taxable","17":"purchasable","18":"product-type-simple"},"_links":{"self":[{"href":"https:\/\/grappa.no\/en\/wp-json\/wp\/v2\/product\/32231","targetHints":{"allow":["GET"]}}],"collection":[{"href":"https:\/\/grappa.no\/en\/wp-json\/wp\/v2\/product"}],"about":[{"href":"https:\/\/grappa.no\/en\/wp-json\/wp\/v2\/types\/product"}],"replies":[{"embeddable":true,"href":"https:\/\/grappa.no\/en\/wp-json\/wp\/v2\/comments?post=32231"}],"wp:featuredmedia":[{"embeddable":true,"href":"https:\/\/grappa.no\/en\/wp-json\/wp\/v2\/media\/32237"}],"wp:attachment":[{"href":"https:\/\/grappa.no\/en\/wp-json\/wp\/v2\/media?parent=32231"}],"wp:term":[{"taxonomy":"product_brand","embeddable":true,"href":"https:\/\/grappa.no\/en\/wp-json\/wp\/v2\/product_brand?post=32231"},{"taxonomy":"product_cat","embeddable":true,"href":"https:\/\/grappa.no\/en\/wp-json\/wp\/v2\/product_cat?post=32231"},{"taxonomy":"product_tag","embeddable":true,"href":"https:\/\/grappa.no\/en\/wp-json\/wp\/v2\/product_tag?post=32231"}],"curies":[{"name":"wp","href":"https:\/\/api.w.org\/{rel}","templated":true}]}}