{"id":31720,"date":"2007-10-08T00:00:00","date_gmt":"2007-10-07T23:00:00","guid":{"rendered":"http:\/\/www.grappa.no\/no\/albums\/ukategorisert\/klin-kokos-bananas\/"},"modified":"2016-12-05T14:18:17","modified_gmt":"2016-12-05T13:18:17","slug":"klin-kokos-bananas","status":"publish","type":"product","link":"https:\/\/grappa.no\/en\/albums\/barne\/klin-kokos-bananas\/","title":{"rendered":"KLIN KOKOS BANANAS"},"content":{"rendered":"<p><\/p>\n<p><!--more--><\/p>\n<h4><\/h4>\n<\/p>\n<h4><\/h4>\n<\/p>\n<h4><\/h4>\n<\/p>\n<p><\/p>","protected":false},"excerpt":{"rendered":"<p class=\"qtranxs-available-languages-message qtranxs-available-languages-message-en\">Sorry, this entry is only available in <a href=\"https:\/\/grappa.no\/no\/wp-json\/wp\/v2\/product\/31720\" class=\"qtranxs-available-language-link qtranxs-available-language-link-no\" title=\"Norsk\">Norsk<\/a>.<\/p>\n<p>Klin kokos bananas er en samleplate for de lekne. Tull og t\u00f8ys og rampemusikk fra ende til annen, fra noen av v\u00e5re st\u00f8rste artister og barne-favoritter.<\/p>\n","protected":false},"featured_media":31728,"comment_status":"closed","ping_status":"open","template":"","meta":[],"product_brand":[],"product_cat":[15],"product_tag":[],"class_list":{"0":"post-31720","1":"product","2":"type-product","3":"status-publish","4":"has-post-thumbnail","6":"product_cat-barne","7":"product_shipping_class-cddvd-shipping","8":"uni_artist_tag-alf-proysen","9":"uni_artist_tag-anita-skorgan","10":"uni_artist_tag-anne-kari-harnes","11":"uni_artist_tag-arne-bendiksen","12":"uni_artist_tag-barnas-supershow","13":"uni_artist_tag-bjarne-amdal","14":"uni_artist_tag-geir-holmsen","15":"uni_artist_tag-hanne-krogh","16":"uni_artist_tag-jan-nielsen","17":"uni_artist_tag-kare-grottum","18":"uni_artist_tag-lillebjorn-nilsen","19":"uni_artist_tag-maj-britt-andersen","20":"uni_artist_tag-nissa-nyberget","21":"uni_artist_tag-odd-borretzen","22":"uni_artist_tag-oystein-sunde","23":"uni_artist_tag-sigvald-tveit","24":"uni_artist_tag-svenn-erik-kristoffersen","25":"uni_artist_tag-trad","26":"uni_artist_tag-trond-braenne","27":"uni_artist_genre-children","28":"uni_artist_genre-norwegian-lyrics","30":"first","31":"outofstock","32":"taxable","33":"shipping-taxable","34":"purchasable","35":"product-type-simple"},"_links":{"self":[{"href":"https:\/\/grappa.no\/en\/wp-json\/wp\/v2\/product\/31720","targetHints":{"allow":["GET"]}}],"collection":[{"href":"https:\/\/grappa.no\/en\/wp-json\/wp\/v2\/product"}],"about":[{"href":"https:\/\/grappa.no\/en\/wp-json\/wp\/v2\/types\/product"}],"replies":[{"embeddable":true,"href":"https:\/\/grappa.no\/en\/wp-json\/wp\/v2\/comments?post=31720"}],"wp:featuredmedia":[{"embeddable":true,"href":"https:\/\/grappa.no\/en\/wp-json\/wp\/v2\/media\/31728"}],"wp:attachment":[{"href":"https:\/\/grappa.no\/en\/wp-json\/wp\/v2\/media?parent=31720"}],"wp:term":[{"taxonomy":"product_brand","embeddable":true,"href":"https:\/\/grappa.no\/en\/wp-json\/wp\/v2\/product_brand?post=31720"},{"taxonomy":"product_cat","embeddable":true,"href":"https:\/\/grappa.no\/en\/wp-json\/wp\/v2\/product_cat?post=31720"},{"taxonomy":"product_tag","embeddable":true,"href":"https:\/\/grappa.no\/en\/wp-json\/wp\/v2\/product_tag?post=31720"}],"curies":[{"name":"wp","href":"https:\/\/api.w.org\/{rel}","templated":true}]}}