{"id":31380,"date":"2016-09-23T00:00:00","date_gmt":"2016-09-22T23:00:00","guid":{"rendered":"http:\/\/www.grappa.no\/no\/albums\/ukategorisert\/bla-glede\/"},"modified":"2016-11-21T11:32:37","modified_gmt":"2016-11-21T10:32:37","slug":"bla-glede","status":"publish","type":"product","link":"https:\/\/grappa.no\/en\/albums\/grappa\/bla-glede\/","title":{"rendered":"Bl\u00e5 glede"},"content":{"rendered":"<p><\/p>\n<p>New album from Rune Larsen. \t<\/p>\n<p>For all those who know Rune Larsen as the \u201cLollipop-General\u201d, his new album \u201cBl\u00e5 glede\u201d might be a little surprise. Of course, it\u2019s also this time some cuts from the 60s, but the main focus on this release are songs in Norwegian.<br \/>\nIt all started when he attended the memorial service for his good friend Gustav Lorentzen a number of years ago, and heard Marit Volds\u00e6ter perform a song with lyrics by Gustav. On \u201cBl\u00e5 glede\u201d there are collected several texts written by Lorentzen, which he never released himself, in addition to contributions from Jon Martin Skauge and Tore Nys\u00e6ther.<br \/>\nRune believes that this album is his most personal recording since \u201cCinderella\u201d in 1965<\/p>\n<p><!--more--><\/p>\n<p>New album from Rune Larsen<\/p>\n<h4><\/h4>\n<\/p>\n<h4><\/h4>\n<\/p>\n<h4><\/h4>\n<\/p>\n<p><\/p>","protected":false},"excerpt":{"rendered":"<p class=\"qtranxs-available-languages-message qtranxs-available-languages-message-en\">Sorry, this entry is only available in <a href=\"https:\/\/grappa.no\/no\/wp-json\/wp\/v2\/product\/31380\" class=\"qtranxs-available-language-link qtranxs-available-language-link-no\" title=\"Norsk\">Norsk<\/a>.<\/p>\n<p>For alle dem som kjenner bergenseren mest som \u201dLollipop-general\u201d, vil kanskje inneholdet p\u00e5 \u201dBl\u00e5 glede\u201d v\u00e6re en liten overraskelse. Visst er det ogs\u00e5 denne gangen noen kutt fra 60-tallet, men hovedvekten p\u00e5 Rune Larsens nye album er sanger p\u00e5 norsk.<\/p>\n","protected":false},"featured_media":31381,"comment_status":"closed","ping_status":"open","template":"","meta":[],"product_brand":[],"product_cat":[6],"product_tag":[],"class_list":{"0":"post-31380","1":"product","2":"type-product","3":"status-publish","4":"has-post-thumbnail","6":"product_cat-grappa","7":"product_shipping_class-cddvd-shipping","8":"uni_artist_tag-bjarte-hjelmeland","9":"uni_artist_tag-bob-dylan","10":"uni_artist_tag-gustav-lorentzen","11":"uni_artist_tag-hayato-naka","12":"uni_artist_tag-herivelto-martens","13":"uni_artist_tag-herman-wildenvey","14":"uni_artist_tag-johan-sebastian-blum","15":"uni_artist_tag-johnny-tillotson","16":"uni_artist_tag-jon-martin-skauge","17":"uni_artist_tag-kristin-skauge","18":"uni_artist_tag-kurt-baumer","19":"uni_artist_tag-lars-soraas-d-e","20":"uni_artist_tag-leonard-lipton","21":"uni_artist_tag-oystein-barlau","22":"uni_artist_tag-paul-simon","23":"uni_artist_tag-per-sivle","24":"uni_artist_tag-peter-yarrow","25":"uni_artist_tag-rune-larsen","26":"uni_artist_tag-songkoret-albatross","27":"uni_artist_tag-stephen-foster","28":"uni_artist_tag-terje-kleppe","29":"uni_artist_tag-tom-paxton","30":"uni_artist_tag-tore-nysaether","31":"uni_artist_tag-tove-kragset","32":"uni_artist_tag-will-holt","33":"uni_main_artist_tag-rune-larsen","34":"uni_artist_genre-pop","36":"first","37":"instock","38":"taxable","39":"shipping-taxable","40":"purchasable","41":"product-type-simple"},"_links":{"self":[{"href":"https:\/\/grappa.no\/en\/wp-json\/wp\/v2\/product\/31380","targetHints":{"allow":["GET"]}}],"collection":[{"href":"https:\/\/grappa.no\/en\/wp-json\/wp\/v2\/product"}],"about":[{"href":"https:\/\/grappa.no\/en\/wp-json\/wp\/v2\/types\/product"}],"replies":[{"embeddable":true,"href":"https:\/\/grappa.no\/en\/wp-json\/wp\/v2\/comments?post=31380"}],"wp:featuredmedia":[{"embeddable":true,"href":"https:\/\/grappa.no\/en\/wp-json\/wp\/v2\/media\/31381"}],"wp:attachment":[{"href":"https:\/\/grappa.no\/en\/wp-json\/wp\/v2\/media?parent=31380"}],"wp:term":[{"taxonomy":"product_brand","embeddable":true,"href":"https:\/\/grappa.no\/en\/wp-json\/wp\/v2\/product_brand?post=31380"},{"taxonomy":"product_cat","embeddable":true,"href":"https:\/\/grappa.no\/en\/wp-json\/wp\/v2\/product_cat?post=31380"},{"taxonomy":"product_tag","embeddable":true,"href":"https:\/\/grappa.no\/en\/wp-json\/wp\/v2\/product_tag?post=31380"}],"curies":[{"name":"wp","href":"https:\/\/api.w.org\/{rel}","templated":true}]}}