{"id":31341,"date":"2016-10-14T00:00:00","date_gmt":"2016-10-13T23:00:00","guid":{"rendered":"http:\/\/www.grappa.no\/no\/albums\/ukategorisert\/timeglas\/"},"modified":"2016-11-03T15:48:08","modified_gmt":"2016-11-03T14:48:08","slug":"timeglas","status":"publish","type":"product","link":"https:\/\/grappa.no\/en\/albums\/heilo\/timeglas\/","title":{"rendered":"Timeglas"},"content":{"rendered":"<p><\/p>\n<p>New album from Kim Rysstad. <\/p>\n<p>After the success with his previous album, \u201dVegen\u201d, Kim Rysstad was inspired to write more music himself. During the time in studio for his new recording, everything was open, nothing was planned or decided, other than thoughts and unfinished ideas. With Hallgrim Brattberg on guitars and various string-instruments, Helge Lien on grand piano and H\u00e5kon Iversen as the producer, they had room to record with improvisation and explore the possibilities of each track. The result became &quot;Timeglas&quot;.<\/p>\n<p><!--more--><\/p>\n<p>New album from Kim Rysstad.<\/p>\n<h4>The songs<\/h4>\n<p>When Kim chose songs for his second album, he chose to mix traditional music and lyrics with newly written songs. He also dared to put on one of his own songs on the album, \u201dAldri aleine\u201d, and several reviewers praised the track , and this inspired him to write more of his own material.<br \/>\nOn \u201dTimeglas\u201d he has written either text or melody to five of eleven songs. Other contributors includes Elin Nyg\u00e5rd, Trym Bj\u00f8nnes, Anne Takle, Ingebj\u00f8rg Bratland, Sinikka Langeland and Hans Olav Settem.<\/p>\n<h4>In the studio<\/h4>\n<p>\u201dThe third day we gathered in the studio, I\u2019ve gotten a terrible cold ant that equals vocal crisis! But we started anyway, thinking I could always add new vocals later\u201d , says Kim. <\/p>\n<p>One of the songs they recorded was \u201dSo e det no\u201d, Kim\u2019s reinterpretation of Billy Joel\u2019s \u201dAnd so it goes\u201d. It was only vocals and piano. <\/p>\n<p>\u201dWe started, and played through. When it was done, we heard the producer H\u00e5kon\u2019s voice in the talk-back, and he said: \u2019I think you should get in here and listen a little&#8230;\u2019 And that was a recording that just had to be as it was. We felt that adding new vocals would have been wrong.\u201d<\/p>\n<p>During the time in studio everything was open, nothing was planned or decided, other than thoughts and unfinished ideas. With Hallgrim Brattberg on guitars and various string-instruments, Helge Lien on grand piano and H\u00e5kon Iversen as the producer, they had room to record with improvisation and explore the possibilities of each track. <\/p>\n<p>It was difficult for Kim to find the title for this album.<br \/>\n\u201dOn previous recordings, the title was decided fairly quickly. This time I found it really difficult. One day the photographer Jens Haugen pointed out that many of the songs are about time.  The time that elapse, the time that is and the time that was. One of the texts I\u2019ve made the melody for is \u201dSekund, Minutt\u201d, and in that lyric I found the word \u201dTimeglas\u201d. I knew right away that it was the right title\u201d.<\/p>\n<h4>A voice for all times<\/h4>\n<p>Kim grew up with traditional music around him, but doesn\u2019t hesitate to cross the genre boundaries. With his beautiful, sonorous voice, he conveys traditional songs as well as pop ballads with equal credibility.<br \/>\nFor many he\u2019s known for his participation in the Norwegian Eurovision (MGP), with the song \u201dS\u00e5 vidunderlig\u201d, which also was A-listed for months on NRK P1. His debut album was named \u2019Best Solo Album\u2019 at Folkelarm, and his second album \u201dVegen\u201d was nominated for the Norwegian Grammy awards.<\/p>\n<p><\/p>","protected":false},"excerpt":{"rendered":"<p>After the success with his previous album, \u201dVegen\u201d, Kim Rysstad was inspired to write more music himself. Now he\u2019s ready with his third solo album; \u201dTimeglas\u201d (Hourglass).<\/p>\n","protected":false},"featured_media":31344,"comment_status":"closed","ping_status":"open","template":"","meta":[],"product_brand":[],"product_cat":[35],"product_tag":[],"class_list":{"0":"post-31341","1":"product","2":"type-product","3":"status-publish","4":"has-post-thumbnail","6":"product_cat-heilo","7":"product_shipping_class-cddvd-shipping","8":"uni_artist_tag-anne-takle","9":"uni_artist_tag-billy-joel","10":"uni_artist_tag-elin-nygaard","11":"uni_artist_tag-hakon-iversen","12":"uni_artist_tag-hallgrim-bratberg","13":"uni_artist_tag-hans-olav-settem","14":"uni_artist_tag-helge-lien","15":"uni_artist_tag-ingebjorg-bratland","16":"uni_artist_tag-kim-andre-rysstad","17":"uni_artist_tag-trym-bjonnes","18":"uni_main_artist_tag-kim-andre-rysstad","19":"uni_artist_genre-folk-music","20":"uni_artist_genre-norwegian-lyrics","21":"uni_artist_genre-pop","22":"uni_artist_genre-singersongwriter","24":"first","25":"instock","26":"taxable","27":"shipping-taxable","28":"purchasable","29":"product-type-simple"},"_links":{"self":[{"href":"https:\/\/grappa.no\/en\/wp-json\/wp\/v2\/product\/31341","targetHints":{"allow":["GET"]}}],"collection":[{"href":"https:\/\/grappa.no\/en\/wp-json\/wp\/v2\/product"}],"about":[{"href":"https:\/\/grappa.no\/en\/wp-json\/wp\/v2\/types\/product"}],"replies":[{"embeddable":true,"href":"https:\/\/grappa.no\/en\/wp-json\/wp\/v2\/comments?post=31341"}],"wp:featuredmedia":[{"embeddable":true,"href":"https:\/\/grappa.no\/en\/wp-json\/wp\/v2\/media\/31344"}],"wp:attachment":[{"href":"https:\/\/grappa.no\/en\/wp-json\/wp\/v2\/media?parent=31341"}],"wp:term":[{"taxonomy":"product_brand","embeddable":true,"href":"https:\/\/grappa.no\/en\/wp-json\/wp\/v2\/product_brand?post=31341"},{"taxonomy":"product_cat","embeddable":true,"href":"https:\/\/grappa.no\/en\/wp-json\/wp\/v2\/product_cat?post=31341"},{"taxonomy":"product_tag","embeddable":true,"href":"https:\/\/grappa.no\/en\/wp-json\/wp\/v2\/product_tag?post=31341"}],"curies":[{"name":"wp","href":"https:\/\/api.w.org\/{rel}","templated":true}]}}