{"id":31312,"date":"2015-04-17T00:00:00","date_gmt":"2015-04-16T23:00:00","guid":{"rendered":"http:\/\/www.grappa.no\/no\/albums\/ukategorisert\/halvdan-sivertsen-forr-ei-dame\/"},"modified":"2017-01-07T20:02:31","modified_gmt":"2017-01-07T19:02:31","slug":"halvdan-sivertsen-forr-ei-dame","status":"publish","type":"product","link":"https:\/\/grappa.no\/en\/albums\/grappa\/halvdan-sivertsen-forr-ei-dame\/","title":{"rendered":"Halvdan Sivertsen: F\u00f8rr ei dame"},"content":{"rendered":"<p><\/p>\n<p><!--more--><\/p>\n<h4><\/h4>\n<\/p>\n<h4><\/h4>\n<\/p>\n<h4><\/h4>\n<\/p>\n<p><\/p>","protected":false},"excerpt":{"rendered":"<p class=\"qtranxs-available-languages-message qtranxs-available-languages-message-en\">Sorry, this entry is only available in <a href=\"https:\/\/grappa.no\/no\/wp-json\/wp\/v2\/product\/31312\" class=\"qtranxs-available-language-link qtranxs-available-language-link-no\" title=\"Norsk\">Norsk<\/a>.<\/p>\n<p>Halvdan har gjennom mange \u00e5r og gjennom skiftende trender, befestet seg som en artist av rang som selv i voksen alder nekter \u00e5 st\u00e5 stille.<\/p>\n","protected":false},"featured_media":31315,"comment_status":"closed","ping_status":"open","template":"","meta":[],"product_brand":[],"product_cat":[6],"product_tag":[],"class_list":{"0":"post-31312","1":"product","2":"type-product","3":"status-publish","4":"has-post-thumbnail","6":"product_cat-grappa","7":"product_shipping_class-cddvd-shipping","8":"uni_artist_tag-borge-petersen-overleir","9":"uni_artist_tag-einar-thorbjornsen","10":"uni_artist_tag-geir-sorensen","11":"uni_artist_tag-hakon-iversen","12":"uni_artist_tag-halvdan-sivertsen","13":"uni_artist_tag-henning-gravrok","14":"uni_artist_tag-oystein-sunde","15":"uni_artist_tag-per-oystein-sorensen","16":"uni_artist_tag-rune-mathisen","17":"uni_artist_tag-svein-dag-hauge","18":"uni_artist_tag-svein-gundersen","19":"uni_main_artist_tag-halvdan-sivertsen","20":"uni_artist_genre-norwegian-lyrics","21":"uni_artist_genre-pop","22":"uni_artist_genre-singersongwriter","24":"first","25":"instock","26":"taxable","27":"shipping-taxable","28":"purchasable","29":"product-type-simple"},"_links":{"self":[{"href":"https:\/\/grappa.no\/en\/wp-json\/wp\/v2\/product\/31312","targetHints":{"allow":["GET"]}}],"collection":[{"href":"https:\/\/grappa.no\/en\/wp-json\/wp\/v2\/product"}],"about":[{"href":"https:\/\/grappa.no\/en\/wp-json\/wp\/v2\/types\/product"}],"replies":[{"embeddable":true,"href":"https:\/\/grappa.no\/en\/wp-json\/wp\/v2\/comments?post=31312"}],"wp:featuredmedia":[{"embeddable":true,"href":"https:\/\/grappa.no\/en\/wp-json\/wp\/v2\/media\/31315"}],"wp:attachment":[{"href":"https:\/\/grappa.no\/en\/wp-json\/wp\/v2\/media?parent=31312"}],"wp:term":[{"taxonomy":"product_brand","embeddable":true,"href":"https:\/\/grappa.no\/en\/wp-json\/wp\/v2\/product_brand?post=31312"},{"taxonomy":"product_cat","embeddable":true,"href":"https:\/\/grappa.no\/en\/wp-json\/wp\/v2\/product_cat?post=31312"},{"taxonomy":"product_tag","embeddable":true,"href":"https:\/\/grappa.no\/en\/wp-json\/wp\/v2\/product_tag?post=31312"}],"curies":[{"name":"wp","href":"https:\/\/api.w.org\/{rel}","templated":true}]}}