{"id":30967,"date":"2016-08-26T00:00:00","date_gmt":"2016-08-25T23:00:00","guid":{"rendered":"http:\/\/www.grappa.no\/no\/albums\/ukategorisert\/moon-relay-full-stop-etc-lp\/"},"modified":"2018-08-30T09:09:49","modified_gmt":"2018-08-30T08:09:49","slug":"full-stop-etc-lp","status":"publish","type":"product","link":"https:\/\/grappa.no\/en\/albums\/hubro\/full-stop-etc-lp\/","title":{"rendered":"Full Stop Etc. LP"},"content":{"rendered":"<p><\/p>\n<p>Hallucinations, dancing and noisy guitars<\/p>\n<p>The rock quartet Moon Relay plays instrumental music that evokes hallucinations, dancing and thought forays into a fairy-tale world. In 2013 the band released a now long-sold-out 12-inch disc on the HUBRO label, and the following year their album debut on the Fysisk Format label received critical acclaim. With their new album, Full Stop Etc, they have returned to HUBRO with a record that takes the band in an even more creative and distinctive direction. The band\u2019s members draw inspiration from a variety of genres, including the psychedelia of the 60s, krautrock, techno, no wave, surf rock, free jazz, electroacoustic music and the studio experiments of Joe Meek. <\/p>\n<p>Full Stop Etc is different from the group\u2019s eponymous debut album in a number of ways. The tunes are shorter and more stringently arranged, and the band has opened doors to new rooms. The album was created to a greater extent in the studio this time. The musicians wanted to distance themselves somewhat from a classic \u201crock band in a room\u201d sound. They wanted to take the liberty of making a more collage-like album. The album was recorded partially at Malabar Studio and partially at the band\u2019s own home studio over a long period of time, and was mixed by noise musician and producer Lasse Marhaug. The result is a creative album that is both captivating and surprising, and that represents a significant extension of the band\u2019s universe. <\/p>\n<p>Full Stop Etc is available as a DL and as an LP with a printed inner sleeve.<\/p>\n<p><!--more--><\/p>\n<p>The rock quartet Moon Relay plays instrumental music that evokes hallucinations, dancing and thought forays into a fairy-tale world. In 2013 the band released a now long-sold-out 12-inch disc on the HUBRO label, and the following year their album debut on the Fysisk Format label received critical acclaim. With their new album, Full Stop Etc, they have returned to HUBRO with a record that takes the band in an even more creative and distinctive direction.<\/p>\n<h4>Repetitive music and noisy guitars<\/h4>\n<p>Moon Relay on this album consists of Daniel Meyer Gr\u00f8nvold, \u00e5vard Volden, Ola H\u00f8yer and Martin Sm\u00e5dal Larsen, all of whom are familiar names from what one could call Oslo\u2019s noise, jazz and experimental rock scene. The members of the band also play with Jenny Hval, Cortex, Syntax TerrOrkester and Now We\u2019ve got Members, and had played together in various constellations since 2006 before finally gathering around a drum machine, quite literally, and starting Moon Relay. The band gives them the opportunity to unite their interests in repetitive music, krautrock and electronic dance music with their abiding attraction to loud and noisy guitar playing. <\/p>\n<p>Full Stop Etc is different from the group\u2019s eponymous debut album in a number of ways. The tunes are shorter and more stringently arranged, and the band has opened doors to new rooms. The album was created to a greater extent in the studio this time. The musicians wanted to distance themselves somewhat from a classic \u201crock band in a room\u201d sound. They wanted to take the liberty of making a more collage-like album. The album was recorded partially at Malabar Studio and partially at the band\u2019s own home studio over a long period of time, and was mixed by noise musician and producer Lasse Marhaug. The result is a creative album that is both captivating and surprising, and that represents a significant extension of the band\u2019s universe. <\/p>\n<p>Full Stop Etc is available as a DL and as an LP with a printed inner sleeve.<\/p>\n<h4><\/h4>\n<\/p>\n<h4><\/h4>\n<\/p>\n<p><\/p>","protected":false},"excerpt":{"rendered":"<p>The result is a creative album that is both captivating and surprising, and that represents a significant extension of the band\u2019s universe.<\/p>\n","protected":false},"featured_media":30969,"comment_status":"closed","ping_status":"open","template":"","meta":[],"product_brand":[],"product_cat":[36],"product_tag":[],"class_list":{"0":"post-30967","1":"product","2":"type-product","3":"status-publish","4":"has-post-thumbnail","6":"product_cat-hubro","7":"product_shipping_class-vinyl-shipping","8":"uni_artist_tag-daniel-meyer-gronvold","9":"uni_artist_tag-havard-volden","10":"uni_artist_tag-martin-smadal-larsen","11":"uni_artist_tag-moon-relay","12":"uni_artist_tag-ola-hoyer","13":"uni_main_artist_tag-moon-relay","14":"uni_artist_genre-improvised-music","15":"uni_artist_genre-instrumental","16":"uni_artist_genre-rock","18":"first","19":"instock","20":"taxable","21":"shipping-taxable","22":"purchasable","23":"product-type-simple"},"_links":{"self":[{"href":"https:\/\/grappa.no\/en\/wp-json\/wp\/v2\/product\/30967","targetHints":{"allow":["GET"]}}],"collection":[{"href":"https:\/\/grappa.no\/en\/wp-json\/wp\/v2\/product"}],"about":[{"href":"https:\/\/grappa.no\/en\/wp-json\/wp\/v2\/types\/product"}],"replies":[{"embeddable":true,"href":"https:\/\/grappa.no\/en\/wp-json\/wp\/v2\/comments?post=30967"}],"wp:featuredmedia":[{"embeddable":true,"href":"https:\/\/grappa.no\/en\/wp-json\/wp\/v2\/media\/30969"}],"wp:attachment":[{"href":"https:\/\/grappa.no\/en\/wp-json\/wp\/v2\/media?parent=30967"}],"wp:term":[{"taxonomy":"product_brand","embeddable":true,"href":"https:\/\/grappa.no\/en\/wp-json\/wp\/v2\/product_brand?post=30967"},{"taxonomy":"product_cat","embeddable":true,"href":"https:\/\/grappa.no\/en\/wp-json\/wp\/v2\/product_cat?post=30967"},{"taxonomy":"product_tag","embeddable":true,"href":"https:\/\/grappa.no\/en\/wp-json\/wp\/v2\/product_tag?post=30967"}],"curies":[{"name":"wp","href":"https:\/\/api.w.org\/{rel}","templated":true}]}}