{"id":30769,"date":"1996-09-23T00:00:00","date_gmt":"1996-09-22T23:00:00","guid":{"rendered":"http:\/\/www.grappa.no\/no\/albums\/ukategorisert\/visor-og-kvaede-fra-blaberglandet\/"},"modified":"2016-11-18T16:21:34","modified_gmt":"2016-11-18T15:21:34","slug":"visor-og-kvaede-fra-blaberglandet","status":"publish","type":"product","link":"https:\/\/grappa.no\/en\/albums\/grappa\/visor-og-kvaede-fra-blaberglandet\/","title":{"rendered":"VISOR OG KV\u00c6DE FR\u00c5 BL\u00c5BERGLANDET"},"content":{"rendered":"<p><\/p>\n<p><!--more--><\/p>\n<h4><\/h4>\n<\/p>\n<h4><\/h4>\n<\/p>\n<h4><\/h4>\n<\/p>\n<p><\/p>","protected":false},"excerpt":{"rendered":"<p class=\"qtranxs-available-languages-message qtranxs-available-languages-message-en\">Sorry, this entry is only available in <a href=\"https:\/\/grappa.no\/no\/wp-json\/wp\/v2\/product\/30769\" class=\"qtranxs-available-language-link qtranxs-available-language-link-no\" title=\"Norsk\">Norsk<\/a>.<\/p>\n<p>Spellemannsnominert debutpate fra Dvergm\u00e5l<\/p>\n","protected":false},"featured_media":30774,"comment_status":"closed","ping_status":"open","template":"","meta":[],"product_brand":[],"product_cat":[6],"product_tag":[],"class_list":{"0":"post-30769","1":"product","2":"type-product","3":"status-publish","4":"has-post-thumbnail","6":"product_cat-grappa","7":"product_shipping_class-cddvd-shipping","8":"uni_artist_tag-asne-sunniva-soreide","9":"uni_artist_tag-dvergmal","10":"uni_artist_tag-jon-anders-halvorsen","11":"uni_artist_tag-leiv-solberg","12":"uni_artist_tag-marit-karlberg","13":"uni_artist_tag-oyonn-groven-myhren","14":"uni_artist_tag-trad","15":"uni_artist_tag-turid-spildo-nerdrum","16":"uni_main_artist_tag-dvergmal","17":"uni_artist_genre-folk-music","18":"uni_artist_genre-traditional","20":"first","21":"instock","22":"taxable","23":"shipping-taxable","24":"purchasable","25":"product-type-simple"},"_links":{"self":[{"href":"https:\/\/grappa.no\/en\/wp-json\/wp\/v2\/product\/30769","targetHints":{"allow":["GET"]}}],"collection":[{"href":"https:\/\/grappa.no\/en\/wp-json\/wp\/v2\/product"}],"about":[{"href":"https:\/\/grappa.no\/en\/wp-json\/wp\/v2\/types\/product"}],"replies":[{"embeddable":true,"href":"https:\/\/grappa.no\/en\/wp-json\/wp\/v2\/comments?post=30769"}],"wp:featuredmedia":[{"embeddable":true,"href":"https:\/\/grappa.no\/en\/wp-json\/wp\/v2\/media\/30774"}],"wp:attachment":[{"href":"https:\/\/grappa.no\/en\/wp-json\/wp\/v2\/media?parent=30769"}],"wp:term":[{"taxonomy":"product_brand","embeddable":true,"href":"https:\/\/grappa.no\/en\/wp-json\/wp\/v2\/product_brand?post=30769"},{"taxonomy":"product_cat","embeddable":true,"href":"https:\/\/grappa.no\/en\/wp-json\/wp\/v2\/product_cat?post=30769"},{"taxonomy":"product_tag","embeddable":true,"href":"https:\/\/grappa.no\/en\/wp-json\/wp\/v2\/product_tag?post=30769"}],"curies":[{"name":"wp","href":"https:\/\/api.w.org\/{rel}","templated":true}]}}