{"id":30614,"date":"1992-06-30T00:00:00","date_gmt":"1992-06-29T23:00:00","guid":{"rendered":"http:\/\/www.grappa.no\/no\/albums\/ukategorisert\/norw-contemporary-music-for-bassoon\/"},"modified":"2019-02-22T15:37:35","modified_gmt":"2019-02-22T14:37:35","slug":"norw-contemporary-music-for-bassoon","status":"publish","type":"product","link":"https:\/\/grappa.no\/en\/albums\/simax-classics\/norw-contemporary-music-for-bassoon\/","title":{"rendered":"Norw Contemporary Music for Bassoon"},"content":{"rendered":"<p><\/p>\n<p>A celebration of the contemporary Norwegian bassoon<\/p>\n<p>Bassoonist Robert R\u00f8nnes teams up with the experienced pianist Eva Knardahl to perform works for the contemporary bassoon. Containing works by such notable composers as Wolfgang Plagge, Terje Bj\u00f8rn Lerstad, Gunnar S\u00f8nstevold, Johan Kvandal, Harald S\u00e6verud and Antonio Bibalo, Robert R\u00f8nnes, a renowned performer of chamber music and advocate of Norwegian contemporary music, sheds light on a beautiful repertoire rarely heard. Not only that, this album also sheds light on the importance of R\u00f8nnes himself, as all of the works on the album are written especially for him, underlining his impact on Norwegian musical life. Together, R\u00f8nnes and Knardahl performs their way through a range of works in a more classical tradition to works heavily characterised by modern tonality, complex rhytmics, colourful instrumentation and late romanticism almost toppling over in atonal expressionism.<\/p>\n<p><!--more--><\/p>\n<h4><\/h4>\n<\/p>\n<h4><\/h4>\n<\/p>\n<h4><\/h4>\n<\/p>\n<p><\/p>","protected":false},"excerpt":{"rendered":"<p>Together, R\u00f8nnes and Knardahl expertly performs their way through a range of beautiful works for the contemporary bassoon.<\/p>\n","protected":false},"featured_media":30618,"comment_status":"closed","ping_status":"open","template":"","meta":[],"product_brand":[],"product_cat":[180],"product_tag":[],"class_list":{"0":"post-30614","1":"product","2":"type-product","3":"status-publish","4":"has-post-thumbnail","6":"product_cat-simax-classics","7":"product_shipping_class-cddvd-shipping","8":"uni_artist_tag-antonio-bibalo","9":"uni_artist_tag-arne-akselberg","10":"uni_artist_tag-eva-knardahl","11":"uni_artist_tag-gunnar-sonstevold","12":"uni_artist_tag-harald-saeverud","13":"uni_artist_tag-johan-kvandal","14":"uni_artist_tag-robert-ronnes","15":"uni_artist_tag-terje-bjorn-lerstad","16":"uni_artist_tag-wolfgang-plagge","17":"uni_main_artist_tag-robert-ronnes","18":"uni_artist_genre-chamber-music","19":"uni_artist_genre-contemporary-music","20":"uni_artist_genre-winds","22":"first","23":"instock","24":"taxable","25":"shipping-taxable","26":"purchasable","27":"product-type-simple"},"_links":{"self":[{"href":"https:\/\/grappa.no\/en\/wp-json\/wp\/v2\/product\/30614","targetHints":{"allow":["GET"]}}],"collection":[{"href":"https:\/\/grappa.no\/en\/wp-json\/wp\/v2\/product"}],"about":[{"href":"https:\/\/grappa.no\/en\/wp-json\/wp\/v2\/types\/product"}],"replies":[{"embeddable":true,"href":"https:\/\/grappa.no\/en\/wp-json\/wp\/v2\/comments?post=30614"}],"wp:featuredmedia":[{"embeddable":true,"href":"https:\/\/grappa.no\/en\/wp-json\/wp\/v2\/media\/30618"}],"wp:attachment":[{"href":"https:\/\/grappa.no\/en\/wp-json\/wp\/v2\/media?parent=30614"}],"wp:term":[{"taxonomy":"product_brand","embeddable":true,"href":"https:\/\/grappa.no\/en\/wp-json\/wp\/v2\/product_brand?post=30614"},{"taxonomy":"product_cat","embeddable":true,"href":"https:\/\/grappa.no\/en\/wp-json\/wp\/v2\/product_cat?post=30614"},{"taxonomy":"product_tag","embeddable":true,"href":"https:\/\/grappa.no\/en\/wp-json\/wp\/v2\/product_tag?post=30614"}],"curies":[{"name":"wp","href":"https:\/\/api.w.org\/{rel}","templated":true}]}}