{"id":30579,"date":"1991-05-01T00:00:00","date_gmt":"1991-04-30T23:00:00","guid":{"rendered":"http:\/\/www.grappa.no\/no\/albums\/ukategorisert\/the-french-cello\/"},"modified":"2019-08-20T15:12:02","modified_gmt":"2019-08-20T14:12:02","slug":"the-french-cello","status":"publish","type":"product","link":"https:\/\/grappa.no\/en\/albums\/simax-classics\/the-french-cello\/","title":{"rendered":"The French Cello"},"content":{"rendered":"<p><\/p>\n<p>Truls M\u00f8rk and H\u00e5kon Austb\u00f8 in the French repertoire<\/p>\n<p>It is the French cello which is at the centre of attention on this album by Truls M\u00f8rk and H\u00e5kon Austb\u00f8. Throughout the album\u00b4s 70 minutes the duo performs works for the cello by C\u00e9sar Franck, Ernest Chausson, Claude Debussy and Francis Poulenc, all pillars of French music for the instrument. Franck\u00b4s Violin Sonata, one of those cyclic compositions beloved of Franck, is an ingenious treatment of just three notes producing many of the work\u00b4s themes. Chausson\u00b4s \u201dPi\u00e9ce for Cello and Piano\u201d is somewhat of a rarity, being one of those lyrically, quiet French works and often overshadowed by the grandeur of many well-known dramatic works of the same period. However, its beauty is unquestionable. Debussy\u00b4s Sonata, returning to the old classical forms of French music, was composed \u201cin the ancient, flexible mould with none of the grandiloquence of modern sonatas,\u201d as the composer himself described it. Poulenc\u00b4s \u201cSonata for Cello and Piano\u201d stands out from the composer\u00b4s list of works, being more dominated by woodwind pieces. Like his earlier Violin Sonata, it is a substantial work presenting Poulenc at his most imaginative. <\/p>\n<p>Being one of the most outstanding cellists on the international scene, Truls M\u00f8rk has distinguished himself at several important national and international competitions, and has since the mid-1980s toured extensively all over the world. H\u00e5kon Austb\u00f8, on the other hand, has since the 1970s gained international attention and has enjoyed a successful international solo as well as chamber music career.<\/p>\n<p><!--more--><\/p>\n<h4><\/h4>\n<\/p>\n<h4><\/h4>\n<\/p>\n<h4><\/h4>\n<\/p>\n<p><\/p>","protected":false},"excerpt":{"rendered":"<p>Throughout the album\u00b4s 70 minutes the cellist Truls M\u00f8rk and pianist H\u00e5kon Austb\u00f8 performs works for the cello by C\u00e9sar Franck, Ernest Chausson, Claude Debussy and Francis Poulenc, all pillars of French music for the cello.<\/p>\n","protected":false},"featured_media":30585,"comment_status":"closed","ping_status":"open","template":"","meta":[],"product_brand":[],"product_cat":[180],"product_tag":[],"class_list":{"0":"post-30579","1":"product","2":"type-product","3":"status-publish","4":"has-post-thumbnail","6":"product_cat-simax-classics","7":"product_shipping_class-cddvd-shipping","8":"uni_artist_tag-cesar-franck","9":"uni_artist_tag-claude-debussy","10":"uni_artist_tag-ernst-chausson","11":"uni_artist_tag-francis-poulenc","12":"uni_artist_tag-hakon-austbo","13":"uni_artist_tag-james-burnett","14":"uni_artist_tag-truls-mork","15":"uni_main_artist_tag-truls-mork","16":"uni_artist_genre-chamber-music","17":"uni_artist_genre-strings","19":"first","20":"instock","21":"taxable","22":"shipping-taxable","23":"purchasable","24":"product-type-simple"},"_links":{"self":[{"href":"https:\/\/grappa.no\/en\/wp-json\/wp\/v2\/product\/30579","targetHints":{"allow":["GET"]}}],"collection":[{"href":"https:\/\/grappa.no\/en\/wp-json\/wp\/v2\/product"}],"about":[{"href":"https:\/\/grappa.no\/en\/wp-json\/wp\/v2\/types\/product"}],"replies":[{"embeddable":true,"href":"https:\/\/grappa.no\/en\/wp-json\/wp\/v2\/comments?post=30579"}],"wp:featuredmedia":[{"embeddable":true,"href":"https:\/\/grappa.no\/en\/wp-json\/wp\/v2\/media\/30585"}],"wp:attachment":[{"href":"https:\/\/grappa.no\/en\/wp-json\/wp\/v2\/media?parent=30579"}],"wp:term":[{"taxonomy":"product_brand","embeddable":true,"href":"https:\/\/grappa.no\/en\/wp-json\/wp\/v2\/product_brand?post=30579"},{"taxonomy":"product_cat","embeddable":true,"href":"https:\/\/grappa.no\/en\/wp-json\/wp\/v2\/product_cat?post=30579"},{"taxonomy":"product_tag","embeddable":true,"href":"https:\/\/grappa.no\/en\/wp-json\/wp\/v2\/product_tag?post=30579"}],"curies":[{"name":"wp","href":"https:\/\/api.w.org\/{rel}","templated":true}]}}