{"id":30498,"date":"2016-08-12T00:00:00","date_gmt":"2016-08-11T23:00:00","guid":{"rendered":"http:\/\/www.grappa.no\/no\/albums\/ukategorisert\/clemens-hagen-1b1-haydn-cello-concerto-in-c-mozart-sinfonia-concertante\/"},"modified":"2019-02-22T16:06:07","modified_gmt":"2019-02-22T15:06:07","slug":"clemens-hagen-1b1-haydn-cello-concerto-in-c-mozart-sinfonia-concertante","status":"publish","type":"product","link":"https:\/\/grappa.no\/en\/albums\/simax-classics\/clemens-hagen-1b1-haydn-cello-concerto-in-c-mozart-sinfonia-concertante\/","title":{"rendered":"Clemens Hagen + 1B1: Haydn Cello Concerto in C, Mozart Sinfonia Concertante"},"content":{"rendered":"<p><\/p>\n<p>Clemens Hagen finally records the Haydn concerto \u2013 with the fresh young Norwegians of 1B1.<\/p>\n<p>The Hagen Quartet is celebrated for its command of the Viennese repertoire. The sought-after cellist Clemens Hagen has received numerous offers to record Haydn\u2019s cello concertos with some of the most prestigious chamber orchestras throughout the years, but finally found an artistically interesting partner when performing it together with 1B1 at the Stavanger Chamber Music Festival in 2015. 1B1 bring the chamber musical approach into the orchestral format, becoming the musical collaborator Clemens Hagen has envisaged for this music. And when Clemens Hagen finally decides to record the Haydn C Major, it goes without saying that the result is unlike anything else ever heard on record.Henning Kraggerud also contributes, with brand new solo-cadenzas written especially for Hagen. Mozart\u2019s Sinfonia Concertante remains among the absolute favourites of the classical repertoire, here performed by founder and artistic director Jan Bj\u00f8ranger and Lars Anders Tomter in an open and playful dialogue with 1B1, on a recording characterised by a unique nordic sound.<\/p>\n<p><!--more--><\/p>\n<p>Clemens Hagen \u2013 of the legendary Hagen Quartet \u2013 at last records Haydn Cello Concerto in C. Teaming up with the young Norwegian 1B1 orchestra Hagen has finally found co-musicians who can join him in a fresh chamber musical approach to this classic.<\/p>\n<h4>A different and deeply felt Haydn<\/h4>\n<p>When Clemens Hagen finally decides to record the Haydn C Major, it goes without saying that the result is unlike anything else ever heard on record. With his exquisite sense of phrasing and sound colouration Hagen embodies Haydn\u2019s shifts from euphoria to melancholy with deeply felt understanding and empathy. Having been a part of the the Hagen Quartet since the foundation in 1981, Clemens Hagen has released more than 40 recordings for Deutsche Grammophon, in addition to numerous releases as soloist together with such artists as Gidon Kremer, Nikolaus Harnoncourt and Thomas Zehetmayr. Hagen plays on one of the few Stradivari cellos in the world, built in 1689. Norwegian violinist and composer Henning Kraggerud also contributes with new solo cadenzas written especially for Hagen on this recording.<\/p>\n<h4>Warm Mozart with Bj\u00f8ranger and Tomter<\/h4>\n<p>Mozart\u2019s Sinfonia Concertante for violin, viola and chamber orchestra is of course one of the most loved pieces in the classical repertoire. For this recording, Bj\u00f8ranger is joined by violist Lars Anders Tomter as soloist in an open dialogue with the orchestra. That special Nordic sound is of course audible in every phrase, but Bj\u00f8ranger and Tomter also bring a certain gentleness and compassion to their reading, perhaps reaching for the more profound layers of Mozart.<\/p>\n<h4>1B1 attracts both musicians and audiences<\/h4>\n<p>For a young orchestra like 1B1 to be working and recording with artists like Clemens Hagen is both  a sensation and the most natural thing. The foremost artists all have a very special dedication and devotion to music making, an attitude they find so crystalline with 1B1. So of course principal oboe of the Berlin Phil. Christoph Hartmann joins in for the Mozart; as part of the orchestra! Just this spring 1B1 gave 16 concerts in New York at the National Sawdust and Trinity Church Wall Street, alone and together with such soloists as Ren\u00e9e Fleming, Simone Dinnerstein og Glen Kotche (Wilco). In October Clemens Hagen and 1B1 have concerts in Italy, and spring dates in Germany are being fixed.<\/p>\n<p><\/p>","protected":false},"excerpt":{"rendered":"<p>\u2013 Es liegt ene besondere Kunst darin, unz\u00e4ligh oft eingespielten Kultst\u00fccken neue Facetten zu entlocken. Auf dem j\u00fcngsten Album des 1B1-Orchestrers gelingt dies meisterhaft. [Crescendo]<\/p>\n","protected":false},"featured_media":30499,"comment_status":"closed","ping_status":"open","template":"","meta":[],"product_brand":[],"product_cat":[180],"product_tag":[],"class_list":{"0":"post-30498","1":"product","2":"type-product","3":"status-publish","4":"has-post-thumbnail","6":"product_cat-simax-classics","7":"product_shipping_class-cddvd-shipping","8":"uni_artist_tag-1b1","9":"uni_artist_tag-clemens-hagen","10":"uni_artist_tag-henning-kraggerud","11":"uni_artist_tag-jan-bjoranger","12":"uni_artist_tag-joseph-haydn","13":"uni_artist_tag-lars-anders-tomter","14":"uni_artist_tag-sean-lewis","15":"uni_artist_tag-wolfgang-amadeus-mozart","16":"uni_main_artist_tag-1b1","17":"uni_artist_genre-concerto","18":"uni_artist_genre-strings","20":"first","21":"instock","22":"taxable","23":"shipping-taxable","24":"purchasable","25":"product-type-simple"},"_links":{"self":[{"href":"https:\/\/grappa.no\/en\/wp-json\/wp\/v2\/product\/30498","targetHints":{"allow":["GET"]}}],"collection":[{"href":"https:\/\/grappa.no\/en\/wp-json\/wp\/v2\/product"}],"about":[{"href":"https:\/\/grappa.no\/en\/wp-json\/wp\/v2\/types\/product"}],"replies":[{"embeddable":true,"href":"https:\/\/grappa.no\/en\/wp-json\/wp\/v2\/comments?post=30498"}],"wp:featuredmedia":[{"embeddable":true,"href":"https:\/\/grappa.no\/en\/wp-json\/wp\/v2\/media\/30499"}],"wp:attachment":[{"href":"https:\/\/grappa.no\/en\/wp-json\/wp\/v2\/media?parent=30498"}],"wp:term":[{"taxonomy":"product_brand","embeddable":true,"href":"https:\/\/grappa.no\/en\/wp-json\/wp\/v2\/product_brand?post=30498"},{"taxonomy":"product_cat","embeddable":true,"href":"https:\/\/grappa.no\/en\/wp-json\/wp\/v2\/product_cat?post=30498"},{"taxonomy":"product_tag","embeddable":true,"href":"https:\/\/grappa.no\/en\/wp-json\/wp\/v2\/product_tag?post=30498"}],"curies":[{"name":"wp","href":"https:\/\/api.w.org\/{rel}","templated":true}]}}