{"id":29275,"date":"2004-10-25T00:00:00","date_gmt":"2004-10-24T23:00:00","guid":{"rendered":"http:\/\/www.grappa.no\/no\/albums\/ukategorisert\/les-vendredis\/"},"modified":"2019-02-22T15:46:51","modified_gmt":"2019-02-22T14:46:51","slug":"les-vendredis","status":"publish","type":"product","link":"https:\/\/grappa.no\/en\/albums\/simax-classics\/les-vendredis\/","title":{"rendered":"Les Vendredis"},"content":{"rendered":"<p><\/p>\n<p>Between the salon and the concert hall.<\/p>\n<p>After the hugely successful release containing Bart\u00f3k\u00b4s complete string quartets (amongst other chosen as Editors Choice in Gramophone), the Vertavo girls presents several fantastic small pieces that are guaranteed to appeal to most listeners. Les Vendredis is the name of a collection gleaming and beautiful quartets written to the monthly music gathering at wealthy music lover Beliaeff\u00b4s residence in St. Petersburg during the late 19th century. The first friday of every month, composers and performers gathered at Beliaeff\u00b4s place to play, try out newly composed works while enjoying food and drinks. More often than not composers wrote new pieces for these gatherings, in an environment where new musical ideas were to be played with and tested out. The result are amongst other a Mazurka written as a relay between four different composers, a Sarabande in exquisite 17th century style, as well as other feisty concotions. <\/p>\n<p>Through 20 years, the prize winning Vertavo String Quartet (\u00d8yvor Volle, Berit Cardas, Henninge Landaas and Bj\u00f8rg V\u00e6rnes) has developed great sensitivity for the demands of different musical genres, both within the classical repertoire and in collaboration with artists like Anne Grete Preus, Hot Club de Norv\u00e9ge, Maj Britt Andersen, and many more. The Vertavo String Quartet hits the mood and feeling of the Les Vendredis music perfectly \u2013 not an easy feat. This is music in the borderlands between the salon and the concert hall, between the dance floor and concentrated listening. Infinitely generous for the listener and highly demanding for the performer. This kind of music falls like a rock if not performed with the perfect combination of virtuosity and tongue-in-cheek which is the trademark of the Vertavo girls.<\/p>\n<p><!--more--><\/p>\n<h4><\/h4>\n<\/p>\n<h4><\/h4>\n<\/p>\n<h4><\/h4>\n<\/p>\n<p><\/p>","protected":false},"excerpt":{"rendered":"<p>\u2013 Norway\u00b4s Vertavo Quartet, whose members are in their mid-thirties, proved they don\u00b4t need the concessions allowed to young players. This is simply a high-quality ensemble, age apart. The group showed dedication, technical skill and, above all, great imagination&#8230;a seamless range of communal expression, from boldness and rigour to rich vibrancy and elastic phrasing. [The Strad, April 2004]<\/p>\n","protected":false},"featured_media":29280,"comment_status":"closed","ping_status":"open","template":"","meta":[],"product_brand":[],"product_cat":[180],"product_tag":[],"class_list":{"0":"post-29275","1":"product","2":"type-product","3":"status-publish","4":"has-post-thumbnail","6":"product_cat-simax-classics","7":"product_shipping_class-cddvd-shipping","8":"uni_artist_tag-alexander-borodin","9":"uni_artist_tag-alexander-glazunov","10":"uni_artist_tag-alexander-kopylov","11":"uni_artist_tag-anatole-liadov","12":"uni_artist_tag-felix-blumenfeld","13":"uni_artist_tag-jorn-pedersen","14":"uni_artist_tag-maximilien-dosten-sacken","15":"uni_artist_tag-nikolai-artciboucheff","16":"uni_artist_tag-nikolai-rimsky-korsakov","17":"uni_artist_tag-nikolai-sokolov","18":"uni_artist_tag-vertavo","19":"uni_main_artist_tag-vertavo","20":"uni_artist_genre-chamber-music","21":"uni_artist_genre-strings","23":"first","24":"instock","25":"taxable","26":"shipping-taxable","27":"purchasable","28":"product-type-simple"},"_links":{"self":[{"href":"https:\/\/grappa.no\/en\/wp-json\/wp\/v2\/product\/29275","targetHints":{"allow":["GET"]}}],"collection":[{"href":"https:\/\/grappa.no\/en\/wp-json\/wp\/v2\/product"}],"about":[{"href":"https:\/\/grappa.no\/en\/wp-json\/wp\/v2\/types\/product"}],"replies":[{"embeddable":true,"href":"https:\/\/grappa.no\/en\/wp-json\/wp\/v2\/comments?post=29275"}],"wp:featuredmedia":[{"embeddable":true,"href":"https:\/\/grappa.no\/en\/wp-json\/wp\/v2\/media\/29280"}],"wp:attachment":[{"href":"https:\/\/grappa.no\/en\/wp-json\/wp\/v2\/media?parent=29275"}],"wp:term":[{"taxonomy":"product_brand","embeddable":true,"href":"https:\/\/grappa.no\/en\/wp-json\/wp\/v2\/product_brand?post=29275"},{"taxonomy":"product_cat","embeddable":true,"href":"https:\/\/grappa.no\/en\/wp-json\/wp\/v2\/product_cat?post=29275"},{"taxonomy":"product_tag","embeddable":true,"href":"https:\/\/grappa.no\/en\/wp-json\/wp\/v2\/product_tag?post=29275"}],"curies":[{"name":"wp","href":"https:\/\/api.w.org\/{rel}","templated":true}]}}