{"id":29274,"date":"1998-10-08T00:00:00","date_gmt":"1998-10-07T23:00:00","guid":{"rendered":"http:\/\/www.grappa.no\/no\/albums\/ukategorisert\/brahms-string-quartets-op-51\/"},"modified":"2019-02-22T15:43:53","modified_gmt":"2019-02-22T14:43:53","slug":"brahms-string-quartets-op-51","status":"publish","type":"product","link":"https:\/\/grappa.no\/en\/albums\/simax-classics\/brahms-string-quartets-op-51\/","title":{"rendered":"Brahms String Quartets op. 51"},"content":{"rendered":"<p><\/p>\n<p>The beauty of Brahms\u00b4 string quartets.<\/p>\n<p>On the Vertavo String Quartet\u00b4s third album, two of Johannes Brahms wonderful string quartets are masterfully performed. The quartet which comprise Berit V\u00e6rnes Cardas (violin), \u00d8yvor Volle (violin), Henninge B\u00e5tnes Landaas (viola) and Bj\u00f8rg V\u00e6rnes (cello), has throughout their career been known as one of Europe\u00b4s leading string quartets. The groups popularity indeed stretches far beyond the borders of Europe, and they have brought home several international prizes. The beautiful performance of Brahms\u00b4 string quartets are indeed one of the highlights of the Vertavo String Quartet\u00b4s career. <\/p>\n<p>Brahms String Quartet in c-minor (op. 51, no. 1) is both rigid and Beethovian in its form. From the stormfull and dark first movement to the quiet and withdrawn third movement, the quartet is thematic to the smallest detail: not a single note is superfluous and every part of the score are adorned with the main motive. The String Quartet in a-minor (op. 51, no. 2) was performed for the first time in October of 1873. Although this quartet essentially draws close to darker moods, the light and the elegant comes to the fore in the first movement\u00b4s transition, the beautiful and dramatic in the near otherworldy calm second movement, and the wonderful and robust in the quartet\u00b4s third and final movement.<\/p>\n<p><!--more--><\/p>\n<h4><\/h4>\n<\/p>\n<h4><\/h4>\n<\/p>\n<h4><\/h4>\n<\/p>\n<p><\/p>","protected":false},"excerpt":{"rendered":"<p>On their third album, the Vertavo String Quartet reaches new heights of beauty in their performance of Brahms\u00b4 wonderful string quartets.<\/p>\n","protected":false},"featured_media":29279,"comment_status":"closed","ping_status":"open","template":"","meta":[],"product_brand":[],"product_cat":[180],"product_tag":[],"class_list":{"0":"post-29274","1":"product","2":"type-product","3":"status-publish","4":"has-post-thumbnail","6":"product_cat-simax-classics","7":"product_shipping_class-cddvd-shipping","8":"uni_artist_tag-johannes-brahms","9":"uni_artist_tag-jorn-pedersen","10":"uni_artist_tag-vertavo","11":"uni_main_artist_tag-vertavo","12":"uni_artist_genre-chamber-music","13":"uni_artist_genre-strings","15":"first","16":"instock","17":"taxable","18":"shipping-taxable","19":"purchasable","20":"product-type-simple"},"_links":{"self":[{"href":"https:\/\/grappa.no\/en\/wp-json\/wp\/v2\/product\/29274","targetHints":{"allow":["GET"]}}],"collection":[{"href":"https:\/\/grappa.no\/en\/wp-json\/wp\/v2\/product"}],"about":[{"href":"https:\/\/grappa.no\/en\/wp-json\/wp\/v2\/types\/product"}],"replies":[{"embeddable":true,"href":"https:\/\/grappa.no\/en\/wp-json\/wp\/v2\/comments?post=29274"}],"wp:featuredmedia":[{"embeddable":true,"href":"https:\/\/grappa.no\/en\/wp-json\/wp\/v2\/media\/29279"}],"wp:attachment":[{"href":"https:\/\/grappa.no\/en\/wp-json\/wp\/v2\/media?parent=29274"}],"wp:term":[{"taxonomy":"product_brand","embeddable":true,"href":"https:\/\/grappa.no\/en\/wp-json\/wp\/v2\/product_brand?post=29274"},{"taxonomy":"product_cat","embeddable":true,"href":"https:\/\/grappa.no\/en\/wp-json\/wp\/v2\/product_cat?post=29274"},{"taxonomy":"product_tag","embeddable":true,"href":"https:\/\/grappa.no\/en\/wp-json\/wp\/v2\/product_tag?post=29274"}],"curies":[{"name":"wp","href":"https:\/\/api.w.org\/{rel}","templated":true}]}}