{"id":29187,"date":"2006-04-10T00:00:00","date_gmt":"2006-04-09T23:00:00","guid":{"rendered":"http:\/\/www.grappa.no\/no\/albums\/ukategorisert\/no\/"},"modified":"2016-11-18T16:21:55","modified_gmt":"2016-11-18T15:21:55","slug":"no","status":"publish","type":"product","link":"https:\/\/grappa.no\/en\/albums\/grappa\/no\/","title":{"rendered":"NO"},"content":{"rendered":"<p><\/p>\n<p>New Orleans\u00b4 musical tradition meets with the rural life of the mountain village of Rugeldal.<\/p>\n<p>2006 was the year when Bj\u00f8rn Saksg\u00e5rd, originally from Rugeldal north for R\u00f8ros, definitely took the blues back home. As a ten year old, Saksg\u00e5rd often delivered mail to his more famous neighbour, the writer Johan Falkberget, and as Falkberget, Saksg\u00e5rd has let himself inspire by the life in rural mountain village, often set up against impressions from the modern city life. <\/p>\n<p>However, the musical references are from an entirely different location, from American blues, more particularly New Orlean\u00b4s varied musical traditions. On \u00abNo\u00bb we meet inspirations such as Dr. John and The Meters, both direct and figuratively. The juicy R\u00f8ros-dialect gives the songs authenticity and meaning, and fits the musical sound as hand in glove! On the album, Saksg\u00e5rd performs with his regular co-musicians Dag Erland Kittelsen on drums, Nils \u00c5ge Nonstad on double bass and B\u00e5rd Svendsen on organ, piano, accordion, melodica, harmonica and guitar.<\/p>\n<p><!--more--><\/p>\n<h4><\/h4>\n<\/p>\n<h4><\/h4>\n<\/p>\n<h4><\/h4>\n<\/p>\n<p><\/p>","protected":false},"excerpt":{"rendered":"<p>New Orleans\u00b4 varied musical traditions, the rural life in the mountain village and the modern city life unites on Bj\u00f8rn Saksg\u00e5rd\u00b4s album &quot;No&quot;.<\/p>\n","protected":false},"featured_media":29189,"comment_status":"closed","ping_status":"open","template":"","meta":[],"product_brand":[],"product_cat":[6],"product_tag":[],"class_list":{"0":"post-29187","1":"product","2":"type-product","3":"status-publish","4":"has-post-thumbnail","6":"product_cat-grappa","7":"product_shipping_class-cddvd-shipping","8":"uni_artist_tag-bjorn-saksgaard","9":"uni_main_artist_tag-bjorn-saksgaard","10":"uni_artist_genre-blues","12":"first","13":"outofstock","14":"taxable","15":"shipping-taxable","16":"product-type-simple"},"_links":{"self":[{"href":"https:\/\/grappa.no\/en\/wp-json\/wp\/v2\/product\/29187","targetHints":{"allow":["GET"]}}],"collection":[{"href":"https:\/\/grappa.no\/en\/wp-json\/wp\/v2\/product"}],"about":[{"href":"https:\/\/grappa.no\/en\/wp-json\/wp\/v2\/types\/product"}],"replies":[{"embeddable":true,"href":"https:\/\/grappa.no\/en\/wp-json\/wp\/v2\/comments?post=29187"}],"wp:featuredmedia":[{"embeddable":true,"href":"https:\/\/grappa.no\/en\/wp-json\/wp\/v2\/media\/29189"}],"wp:attachment":[{"href":"https:\/\/grappa.no\/en\/wp-json\/wp\/v2\/media?parent=29187"}],"wp:term":[{"taxonomy":"product_brand","embeddable":true,"href":"https:\/\/grappa.no\/en\/wp-json\/wp\/v2\/product_brand?post=29187"},{"taxonomy":"product_cat","embeddable":true,"href":"https:\/\/grappa.no\/en\/wp-json\/wp\/v2\/product_cat?post=29187"},{"taxonomy":"product_tag","embeddable":true,"href":"https:\/\/grappa.no\/en\/wp-json\/wp\/v2\/product_tag?post=29187"}],"curies":[{"name":"wp","href":"https:\/\/api.w.org\/{rel}","templated":true}]}}