{"id":29182,"date":"1995-05-01T00:00:00","date_gmt":"1995-04-30T23:00:00","guid":{"rendered":"http:\/\/www.grappa.no\/no\/albums\/ukategorisert\/carl-nielsen-string-quartets\/"},"modified":"2019-02-22T15:42:22","modified_gmt":"2019-02-22T14:42:22","slug":"carl-nielsen-string-quartets","status":"publish","type":"product","link":"https:\/\/grappa.no\/en\/albums\/simax-classics\/carl-nielsen-string-quartets\/","title":{"rendered":"Carl Nielsen String Quartets"},"content":{"rendered":"<p><\/p>\n<p>National composer of Denmark.<\/p>\n<p>Carl Nielsen was a composer of great breadth \u2013 from compositions with a more classical character to a more modernist approach later in his career. As a composer he is probably most closely associated outside Denmark with his symphonies, but several of his chamber music works are still high on the international repertoire. During the time his string quartet in F minor (op. 5) was written, in the period round the year 1890, the quartet was the medium he chose for expressing his personal sentiments in full, and there is no doubt that this quartet represents a key phase in Nielsen\u00b4s development as a composer. Even though we can find evidence of Johan Svendsen\u00b4s influence in the F minor quartet as well as one or two deeply etched imprints of Brahms, we are presented here with the product of an artist with an intensely personal form of expression who has something else and much more to offer than an imitative style or attempts at achieving freedom from schematic constraints. Also in the string quartet in G minor (op. 13) the influence of Johan Svendsen is unmistakable, but even here we can recognize unmistakable signs of individuality, not least in the rhythmic treatment and in the closeness of the intervals in the finale. <\/p>\n<p>Vertavo String Quartet was founded in 1984 when its original players Berit V\u00e6rnes (violin) and Bj\u00f8rg V\u00e6rnes (cello) were both 15 years old. They were joined in 1994 by Henning B\u00e5tnes (viola) and in 1995 by Elise B\u00e5tnes (violin) and have quickly become one of Scandinavia\u00b4s most outstanding string quartets. They have won several prizes and been on extensive concert tours all over Europe in addition to Australia as well as participated at numerous international festivals.<\/p>\n<p><!--more--><\/p>\n<h4><\/h4>\n<\/p>\n<h4><\/h4>\n<\/p>\n<h4><\/h4>\n<\/p>\n<p><\/p>","protected":false},"excerpt":{"rendered":"<p>Two of Carl Nielsen\u00b4s string quartets are masterfully performed by the renowned Vertavo String Quartet.<\/p>\n","protected":false},"featured_media":29183,"comment_status":"closed","ping_status":"open","template":"","meta":[],"product_brand":[],"product_cat":[180],"product_tag":[],"class_list":{"0":"post-29182","1":"product","2":"type-product","3":"status-publish","4":"has-post-thumbnail","6":"product_cat-simax-classics","7":"product_shipping_class-cddvd-shipping","8":"uni_artist_tag-carl-nielsen","9":"uni_artist_tag-jorn-pedersen","10":"uni_artist_tag-vertavo","11":"uni_main_artist_tag-vertavo","12":"uni_artist_genre-chamber-music","13":"uni_artist_genre-strings","15":"first","16":"outofstock","17":"taxable","18":"shipping-taxable","19":"product-type-simple"},"_links":{"self":[{"href":"https:\/\/grappa.no\/en\/wp-json\/wp\/v2\/product\/29182","targetHints":{"allow":["GET"]}}],"collection":[{"href":"https:\/\/grappa.no\/en\/wp-json\/wp\/v2\/product"}],"about":[{"href":"https:\/\/grappa.no\/en\/wp-json\/wp\/v2\/types\/product"}],"replies":[{"embeddable":true,"href":"https:\/\/grappa.no\/en\/wp-json\/wp\/v2\/comments?post=29182"}],"wp:featuredmedia":[{"embeddable":true,"href":"https:\/\/grappa.no\/en\/wp-json\/wp\/v2\/media\/29183"}],"wp:attachment":[{"href":"https:\/\/grappa.no\/en\/wp-json\/wp\/v2\/media?parent=29182"}],"wp:term":[{"taxonomy":"product_brand","embeddable":true,"href":"https:\/\/grappa.no\/en\/wp-json\/wp\/v2\/product_brand?post=29182"},{"taxonomy":"product_cat","embeddable":true,"href":"https:\/\/grappa.no\/en\/wp-json\/wp\/v2\/product_cat?post=29182"},{"taxonomy":"product_tag","embeddable":true,"href":"https:\/\/grappa.no\/en\/wp-json\/wp\/v2\/product_tag?post=29182"}],"curies":[{"name":"wp","href":"https:\/\/api.w.org\/{rel}","templated":true}]}}