{"id":29160,"date":"2013-11-22T00:00:00","date_gmt":"2013-11-21T23:00:00","guid":{"rendered":"http:\/\/www.grappa.no\/no\/albums\/ukategorisert\/barna-synger-kaptein-sabeltann\/"},"modified":"2024-01-10T14:53:25","modified_gmt":"2024-01-10T13:53:25","slug":"barna-synger-kaptein-sabeltann","status":"publish","type":"product","link":"https:\/\/grappa.no\/en\/albums\/barne\/barna-synger-kaptein-sabeltann\/","title":{"rendered":"Barna synger Kaptein Sabeltann"},"content":{"rendered":"<p><!--more--><\/p>\n<h4><\/h4>\n<h4><\/h4>\n<h4><\/h4>\n","protected":false},"excerpt":{"rendered":"<p>(Norsk) Sj\u00f8r\u00f8verne kommer, Pinkys sang og Jeg kommer alltid tilbake er selvf\u00f8lgelig blant de 13 sangene p\u00e5 platen.<\/p>\n","protected":false},"featured_media":29161,"comment_status":"closed","ping_status":"closed","template":"","meta":[],"product_brand":[],"product_cat":[15],"product_tag":[],"class_list":{"0":"post-29160","1":"product","2":"type-product","3":"status-publish","4":"has-post-thumbnail","6":"product_cat-barne","7":"product_shipping_class-cddvd-shipping","8":"uni_artist_tag-arvid-wam-solvang","9":"uni_artist_tag-barna-synger","10":"uni_artist_tag-eivind-molden-norseng","11":"uni_artist_tag-jan-olav-renvag","12":"uni_artist_tag-kristian-tybakken","13":"uni_artist_tag-lars-stovland","14":"uni_artist_tag-terje-formoe","15":"uni_main_artist_tag-barna-synger","16":"uni_artist_genre-kids","17":"uni_artist_genre-norwegian-lyrics","19":"first","20":"outofstock","21":"taxable","22":"shipping-taxable","23":"purchasable","24":"product-type-simple"},"_links":{"self":[{"href":"https:\/\/grappa.no\/en\/wp-json\/wp\/v2\/product\/29160","targetHints":{"allow":["GET"]}}],"collection":[{"href":"https:\/\/grappa.no\/en\/wp-json\/wp\/v2\/product"}],"about":[{"href":"https:\/\/grappa.no\/en\/wp-json\/wp\/v2\/types\/product"}],"replies":[{"embeddable":true,"href":"https:\/\/grappa.no\/en\/wp-json\/wp\/v2\/comments?post=29160"}],"wp:featuredmedia":[{"embeddable":true,"href":"https:\/\/grappa.no\/en\/wp-json\/wp\/v2\/media\/29161"}],"wp:attachment":[{"href":"https:\/\/grappa.no\/en\/wp-json\/wp\/v2\/media?parent=29160"}],"wp:term":[{"taxonomy":"product_brand","embeddable":true,"href":"https:\/\/grappa.no\/en\/wp-json\/wp\/v2\/product_brand?post=29160"},{"taxonomy":"product_cat","embeddable":true,"href":"https:\/\/grappa.no\/en\/wp-json\/wp\/v2\/product_cat?post=29160"},{"taxonomy":"product_tag","embeddable":true,"href":"https:\/\/grappa.no\/en\/wp-json\/wp\/v2\/product_tag?post=29160"}],"curies":[{"name":"wp","href":"https:\/\/api.w.org\/{rel}","templated":true}]}}