{"id":29099,"date":"2000-03-02T00:00:00","date_gmt":"2000-03-01T23:00:00","guid":{"rendered":"http:\/\/www.grappa.no\/no\/albums\/ukategorisert\/grieg-and-debussy-string-quartets\/"},"modified":"2019-02-22T15:48:06","modified_gmt":"2019-02-22T14:48:06","slug":"grieg-and-debussy-string-quartets","status":"publish","type":"product","link":"https:\/\/grappa.no\/en\/albums\/simax-classics\/grieg-and-debussy-string-quartets\/","title":{"rendered":"Grieg and Debussy String Quartets"},"content":{"rendered":"<p><\/p>\n<p>Grieg meets Debussy<\/p>\n<p>The renowned and recognized Vertavo String Quartet performs the string quartets of Edvard Grieg and Claude Debussy, two compositions \u2013 despite the differences in musical language and style \u2013 that indeed have much in common. In many ways the two composers draw closest to each other \u2013 while their individual personalities are very clearly defined \u2013 in their string quartets. They are both unusually ambitious designs, in full-scale four movement form, by composers more celebrated for shorter pieces, and both works represent the fully developed, central European, classic-Romantic style of sonata-form composition. However, each composer combines this basic language with more exotic elements: Grieg from Norwegian and Italian folk music and Debussy from Javanese Gamelan, and both composers show the influence of the Russian Nationalist school of composers. There is, in fact, good reason to suspect that Debussy had Grieg\u00b4s quartet in mind as a partial model for his own. <\/p>\n<p>The Vertavo String Quartet, founded in 1984, has earned a reputation of being one of Europe\u00b4s most outstanding string quartets. Hearing their performances on this album, one realizes how well earned their reputation is. Comprising the cellist Bj\u00f8rg V\u00e6rnes, the violist Henninge Landaas, and violinists Berit Cardas and \u00d8yvor Valle, the quartet has recorded several albums, received the Norwegian Grammy Award, toured in Europe, North America and Australia, and received several international awards and prizes.<\/p>\n<p><!--more--><\/p>\n<h4><\/h4>\n<\/p>\n<h4><\/h4>\n<\/p>\n<h4><\/h4>\n<\/p>\n<p><\/p>","protected":false},"excerpt":{"rendered":"<p>One of Europe\u00b4s most outstanding string quartets performs the string quartets of Edvard Grieg and Claude Debussy.<\/p>\n","protected":false},"featured_media":29100,"comment_status":"closed","ping_status":"open","template":"","meta":[],"product_brand":[],"product_cat":[180],"product_tag":[],"class_list":{"0":"post-29099","1":"product","2":"type-product","3":"status-publish","4":"has-post-thumbnail","6":"product_cat-simax-classics","7":"product_shipping_class-cddvd-shipping","8":"uni_artist_tag-claude-debussy","9":"uni_artist_tag-edvard-grieg","10":"uni_artist_tag-jorn-pedersen","11":"uni_artist_tag-vertavo-string-quartet","12":"uni_main_artist_tag-vertavo-string-quartet","13":"uni_artist_genre-chamber-music","14":"uni_artist_genre-norwegian","15":"uni_artist_genre-strings","17":"first","18":"instock","19":"taxable","20":"shipping-taxable","21":"purchasable","22":"product-type-simple"},"_links":{"self":[{"href":"https:\/\/grappa.no\/en\/wp-json\/wp\/v2\/product\/29099","targetHints":{"allow":["GET"]}}],"collection":[{"href":"https:\/\/grappa.no\/en\/wp-json\/wp\/v2\/product"}],"about":[{"href":"https:\/\/grappa.no\/en\/wp-json\/wp\/v2\/types\/product"}],"replies":[{"embeddable":true,"href":"https:\/\/grappa.no\/en\/wp-json\/wp\/v2\/comments?post=29099"}],"wp:featuredmedia":[{"embeddable":true,"href":"https:\/\/grappa.no\/en\/wp-json\/wp\/v2\/media\/29100"}],"wp:attachment":[{"href":"https:\/\/grappa.no\/en\/wp-json\/wp\/v2\/media?parent=29099"}],"wp:term":[{"taxonomy":"product_brand","embeddable":true,"href":"https:\/\/grappa.no\/en\/wp-json\/wp\/v2\/product_brand?post=29099"},{"taxonomy":"product_cat","embeddable":true,"href":"https:\/\/grappa.no\/en\/wp-json\/wp\/v2\/product_cat?post=29099"},{"taxonomy":"product_tag","embeddable":true,"href":"https:\/\/grappa.no\/en\/wp-json\/wp\/v2\/product_tag?post=29099"}],"curies":[{"name":"wp","href":"https:\/\/api.w.org\/{rel}","templated":true}]}}