{"id":28457,"date":"2016-03-18T00:00:00","date_gmt":"2016-03-17T23:00:00","guid":{"rendered":"http:\/\/www.grappa.no\/no\/albums\/ukategorisert\/marita-solberg-opera-arias\/"},"modified":"2019-02-22T16:05:30","modified_gmt":"2019-02-22T15:05:30","slug":"marita-solberg-opera-arias","status":"publish","type":"product","link":"https:\/\/grappa.no\/en\/albums\/simax-classics\/marita-solberg-opera-arias\/","title":{"rendered":"Marita S\u00f8lberg: Opera Arias"},"content":{"rendered":"<p><\/p>\n<p>The unique voice of soprano Marita S\u00f8lberg.<\/p>\n<p>Simax Classics is extremely happy to present the long awaited debut solo release of Marita S\u00f8lberg. The artist behind this phenomenal  expressive soprano voice seeks beauty, love and drama in her own life. She also brings this attitude uncompromisingly into her music making, enabling her to display both the beauty and lust, the darkness and frailty of the characters she portraits. Marita S\u00f8lberg makes her debut album with music she has already had great success with on stage. Her nuance of expression, art of phrasing and vocal excess generates attention around Marita wherever she performs \u2013 such as her recent debut at the Wiener Straatsoper in the role of Mimi.<\/p>\n<p>A guest with many opera houses around the world, Marita S\u00f8lberg was a member of the soloist ensemble at Stuttgart Opera until she became one of the Principal Artists of the Norwegian National Opera &amp; Ballet in 2008. Many of her most critically acclaimed roles are gathered on this release, such as the Contessa in The Marriage of Figaro, which was hailed in an exceptional manner by the biggest national newspaper VG: \u201cMarita S\u00f8lberg as the Contessa Almaviva is absolutely fantastic, her voice has such a wealth of nuance and fervency that she could make a stone moved. It remains an exceptional experience to hear a singer of her calibre.\u201d<\/p>\n<p><!--more--><\/p>\n<p>Simax Classics is extremely happy to present the long awaited debut solo release of Marita S\u00f8lberg. The artist behind this phenomenal  expressive soprano voice seeks beauty, love and drama in her own life. She also brings this attitude uncompromisingly into her music making, enabling her to display both the beauty and lust, the darkness and frailty of the characters she portraits.<\/p>\n<h4>Marita S\u00f8lberg<\/h4>\n<p>A guest with many opera houses around the world, Marita S\u00f8lberg was a member of the soloist ensemble at Stuttgart Opera until she became one of the Principal Artists of the Norwegian National Opera &amp; Ballet in 2008. Many of her most critically acclaimed roles are gathered on this release, such as the Contessa in The Marriage of Figaro, which was hailed in an exceptional manner by the biggest national newspaper VG: \u201cMarita S\u00f8lberg as the Contessa Almaviva is absolutely fantastic, her voice has such a wealth of nuance and fervency that she could make a stone moved. It remains an exceptional experience to hear a singer of her calibre.\u201d<\/p>\n<h4>Female fates<\/h4>\n<p>Tragic female fates is of course a favourite subject of opera librettos, and S\u00f8lberg makes a variety of them come to life here \u2013 whether in popular roles like Mimi in La Boh\u00e9me, Rusalka the water nymph in  Dvo\u0159\u00e1k&#8217;s opera, Desdemona in Verdi&#8217;s Otello \u2026 or in the less performed operas Rancesca da Rimini (Rachmaninov) and Die Liebe der Danae (R. Strauss).<\/p>\n<h4>John Fiore and The Norwegian Opera Orchestra<\/h4>\n<p>The Norwegian Opera Orchestra contains 101 full time musicians, contributing to around 160 opera and ballet performances a season. Conductor John Fiore was music director for the Norwegian Opera &amp; Ballet from 2009-2016, and is one of the leading opera conductors in Europe. Together they form a strong foundation for the beautiful voice of S\u00f8lberg, bringing forth the strong interpretations on this release.<\/p>\n<p><\/p>","protected":false},"excerpt":{"rendered":"<p>\u2013 From the first notes of \u201cEbben? Ne andr\u00f2 lontana,\u201d from Catalani\u2019s La Wally, Marita S\u00f8lberg compels attention. In addition to her glossy, well-controlled soprano, S\u00f8lberg is a subtle, sensitive musician. Her approach is delicate without being tentative, and she has a talent for probing the essence of each aria with a disarming directness. [Critic&#8217;s Choice \/ Operanews.com]<\/p>\n","protected":false},"featured_media":28461,"comment_status":"closed","ping_status":"open","template":"","meta":[],"product_brand":[],"product_cat":[180],"product_tag":[],"class_list":{"0":"post-28457","1":"product","2":"type-product","3":"status-publish","4":"has-post-thumbnail","6":"product_cat-simax-classics","7":"product_shipping_class-cddvd-shipping","8":"uni_artist_tag-alfredo-catalani","9":"uni_artist_tag-antonin-dvorak","10":"uni_artist_tag-charles-gounod","11":"uni_artist_tag-georges-bizet","12":"uni_artist_tag-giacomo-puccini","13":"uni_artist_tag-giuseppe-verdi","14":"uni_artist_tag-john-helmer-fiore","15":"uni_artist_tag-jorn-pedersen","16":"uni_artist_tag-marita-k-solberg","17":"uni_artist_tag-norwegian-opera-orchestra","18":"uni_artist_tag-richard-strauss","19":"uni_artist_tag-ruggero-leoncavallo","20":"uni_artist_tag-sergei-rachmaninov","21":"uni_artist_tag-vincenzo-bellini","22":"uni_artist_tag-wolfgang-amadeus-mozart","23":"uni_main_artist_tag-marita-k-solberg","24":"uni_artist_genre-opera","25":"uni_artist_genre-song-with-orchestra","27":"first","28":"instock","29":"taxable","30":"shipping-taxable","31":"purchasable","32":"product-type-simple"},"_links":{"self":[{"href":"https:\/\/grappa.no\/en\/wp-json\/wp\/v2\/product\/28457","targetHints":{"allow":["GET"]}}],"collection":[{"href":"https:\/\/grappa.no\/en\/wp-json\/wp\/v2\/product"}],"about":[{"href":"https:\/\/grappa.no\/en\/wp-json\/wp\/v2\/types\/product"}],"replies":[{"embeddable":true,"href":"https:\/\/grappa.no\/en\/wp-json\/wp\/v2\/comments?post=28457"}],"wp:featuredmedia":[{"embeddable":true,"href":"https:\/\/grappa.no\/en\/wp-json\/wp\/v2\/media\/28461"}],"wp:attachment":[{"href":"https:\/\/grappa.no\/en\/wp-json\/wp\/v2\/media?parent=28457"}],"wp:term":[{"taxonomy":"product_brand","embeddable":true,"href":"https:\/\/grappa.no\/en\/wp-json\/wp\/v2\/product_brand?post=28457"},{"taxonomy":"product_cat","embeddable":true,"href":"https:\/\/grappa.no\/en\/wp-json\/wp\/v2\/product_cat?post=28457"},{"taxonomy":"product_tag","embeddable":true,"href":"https:\/\/grappa.no\/en\/wp-json\/wp\/v2\/product_tag?post=28457"}],"curies":[{"name":"wp","href":"https:\/\/api.w.org\/{rel}","templated":true}]}}