{"id":17557,"date":"2006-02-06T00:00:00","date_gmt":"2006-02-05T23:00:00","guid":{"rendered":"http:\/\/www.grappa.no\/no\/albums\/ukategorisert\/brahms-complete-chamber-music-for-clarinet-3\/"},"modified":"2019-02-22T15:57:51","modified_gmt":"2019-02-22T14:57:51","slug":"brahms-complete-chamber-music-for-clarinet","status":"publish","type":"product","link":"https:\/\/grappa.no\/en\/albums\/simax-classics\/brahms-complete-chamber-music-for-clarinet\/","title":{"rendered":"Brahms Complete Chamber Music for Clarinet"},"content":{"rendered":"<p><\/p>\n<p>Brahms embraces the clarinet<\/p>\n<p>This is Brahms-playing of significance, with Norway&#8217;s foremost clarinettist Hans Christian Br\u00e6in as soloist. His tone and phrasing is legendary, and at last it is available on CD, an experience that has only been possible in concerts until now. A rare musician performing what he loves the most.<\/p>\n<p>Only late in life did Brahms become aware of the qualities of the clarinet. There was one particular performer, as is often the case, who was the inspiration. And the quality of Richard M\u00fchlfeld\u2019s playing must have been really exceptional. Not only did he move the composer to pick up his pen again, after having halted his compositional activities: the four works he did write are among the best written for the instrument. And they are the purest manifestations of Brahms\u2019s musical genius within chamber music.<\/p>\n<p><!--more--><\/p>\n<p>This is Brahms-playing of significance, with Norway&#8217;s foremost clarinettist Hans Christian Br\u00e6in as soloist. His tone and phrasing is legendary, and at last it is available on CD, an experience that has only been possible in concerts until now. A rare musician performing what he loves the most.<\/p>\n<h4>A long career<\/h4>\n<p>Son of the Norwegian composer Edvard Flifret Br\u00e6in, Hans Christian was solo clarinet player with the Oslo Philharmonic Orchestra for two periods in the 1970s and -90s. For ten years in the 80s he was a member of the Danish Esbjerg Music Ensemble. He is a treasured guest at such festivals as Ris\u00f8r, Bergen and Stavanger, captivating the audience with this rich and sensuous tone. At present Br\u00e6in holds the position of Professor at the Norwegian Academy of Music, and is a permanent member of the Cikada Ensemble.<\/p>\n<h4>The ensemble<\/h4>\n<p>The profound care with which Br\u00e6in shapes his music is also reflected in the exquisite group of musicians he has brought along for this CD. The two sonatas are performed together with the pianist H\u00e5vard Gimse, and they are joined by cellist Bj\u00f8rg V\u00e6rnes Lewis for the trio. Violinist Atle Sponberg leads the fantastic clarinet quintet, and together these musicians achieve Brahms playing characterized by warmth and spirit.<\/p>\n<h4><\/h4>\n<\/p>\n<p><\/p>","protected":false},"excerpt":{"rendered":"<p>The purest manifestations of Brahms\u2019s musical genius within chamber music.<\/p>\n","protected":false},"featured_media":27645,"comment_status":"closed","ping_status":"open","template":"","meta":[],"product_brand":[],"product_cat":[180],"product_tag":[],"class_list":{"0":"post-17557","1":"product","2":"type-product","3":"status-publish","4":"has-post-thumbnail","6":"product_cat-simax-classics","7":"product_shipping_class-cddvd-shipping","8":"uni_artist_tag-anne-britt-saevig-ardal","9":"uni_artist_tag-atle-sponberg","10":"uni_artist_tag-bjorg-vaernes-lewis","11":"uni_artist_tag-hans-christian-braein","12":"uni_artist_tag-havard-gimse","13":"uni_artist_tag-johannes-brahms","14":"uni_artist_tag-jorn-pedersen","15":"uni_artist_tag-nora-taksdal-viken","16":"uni_artist_tag-per-kristian-skalstad","17":"uni_main_artist_tag-hans-christian-braein","18":"uni_artist_genre-chamber-music","19":"uni_artist_genre-complete","21":"first","22":"instock","23":"taxable","24":"shipping-taxable","25":"purchasable","26":"product-type-simple"},"_links":{"self":[{"href":"https:\/\/grappa.no\/en\/wp-json\/wp\/v2\/product\/17557","targetHints":{"allow":["GET"]}}],"collection":[{"href":"https:\/\/grappa.no\/en\/wp-json\/wp\/v2\/product"}],"about":[{"href":"https:\/\/grappa.no\/en\/wp-json\/wp\/v2\/types\/product"}],"replies":[{"embeddable":true,"href":"https:\/\/grappa.no\/en\/wp-json\/wp\/v2\/comments?post=17557"}],"wp:featuredmedia":[{"embeddable":true,"href":"https:\/\/grappa.no\/en\/wp-json\/wp\/v2\/media\/27645"}],"wp:attachment":[{"href":"https:\/\/grappa.no\/en\/wp-json\/wp\/v2\/media?parent=17557"}],"wp:term":[{"taxonomy":"product_brand","embeddable":true,"href":"https:\/\/grappa.no\/en\/wp-json\/wp\/v2\/product_brand?post=17557"},{"taxonomy":"product_cat","embeddable":true,"href":"https:\/\/grappa.no\/en\/wp-json\/wp\/v2\/product_cat?post=17557"},{"taxonomy":"product_tag","embeddable":true,"href":"https:\/\/grappa.no\/en\/wp-json\/wp\/v2\/product_tag?post=17557"}],"curies":[{"name":"wp","href":"https:\/\/api.w.org\/{rel}","templated":true}]}}