{"id":13926,"date":"2015-05-22T00:00:00","date_gmt":"2015-05-21T23:00:00","guid":{"rendered":"http:\/\/www.grappa.no\/albums\/uncategorized\/syntax-terrorkester-bydrifter-2\/"},"modified":"2016-09-05T10:46:05","modified_gmt":"2016-09-05T09:46:05","slug":"syntax-terrorkester-bydrifter-2","status":"publish","type":"product","link":"https:\/\/grappa.no\/en\/albums\/grappa\/syntax-terrorkester-bydrifter-2\/","title":{"rendered":"Syntax TerrOrkester: Bydrifter"},"content":{"rendered":"<p><\/p>\n<p>Cult band with album about the city<\/p>\n<p>Syntax TerrOrkester, the exciting and mystical Bergen-based band from Karm\u00f8y, have earned a well-deserved cult status after releasing three critically acclaimed albums presenting playful art-guitar-rock with original and poetic lyrics in pure Karm\u00f8y dialect. Their fourth album, \u201cBydrifter\u201d, is clearly the band\u2019s best and most accessible release thus far, but also their most creative and experimental. Syntax TerrOrkester have consistently found their own peculiar paths outside of the well-trodden trails. Their first album, \u201cFamilien Min Forst\u00e5r Ingenting Av Det\u201d (2008), was recorded live in a chapel with fine acoustics on Karm\u00f8y. \u201cV\u00e5rs\u00e5r\u201d (2012) was praised by several reviewers as one of the most original albums of the year, although it was actually more of a book than a record, filled with short texts, essays and art, and included a code for downloading the music. The covers of the CD and LP versions of \u201cBydrifter\u201d were made by designer and musician Kjetil Brandsdal (Drid Machine \/ Noxagt \/ Ultralyd). The LP is also being released in a very exclusive limited edition with a cover made of a wood product (MDF), and cover art that is engraved in the wood by laser. <\/p>\n<p>\u201cBydrifter\u201d, like the group\u2019s second album, \u201cLand Her O!\u201d, was recorded in Duper Studio in Bergen, and this time the producers were Yngve S\u00e6tre and J\u00f8rgen Tr\u00e6en. The recording sessions inspired Tr\u00e6en to the degree that he actually joined the band, whose current members are Tarjei Str\u00f8m (DATAROCK \/ Ralph Myerz and TJHB), Ola H\u00f8yer (Cortex), \u00d8yvind Solheim (Ungdomskulen \/ DATAROCK \/ B\u00c6RTUR) and songwriter and frontman Kunt Kunsten, aka Knut Andreas Knutsen (B\u00c6RTUR). The album also features musical contributions from Ingerlise St\u00f8rksen (Ephemera) and Odd Martin Sk\u00e5lnes (O Martin \/ Aurora Aksnes).<\/p>\n<p><!--more--><\/p>\n<p>Syntax TerrOrkester, the exciting and mystical Bergen-based band from Karm\u00f8y, have earned a well-deserved cult status after releasing three critically acclaimed albums presenting playful art-guitar-rock with original and poetic lyrics in pure Karm\u00f8y dialect. Their fourth album, \u201cBydrifter\u201d, is clearly the band\u2019s best and most accessible release thus far, but also their most creative and experimental.<\/p>\n<h4>Peculiar paths<\/h4>\n<p>Syntax TerrOrkester have given over 100 concerts in Norway and abroad, and have warmed up for Holy Fuck, Caribou and Bob Hund, among others. Their music, with texts in the Karm\u00f8y dialect, has been presented in cities including Berlin, London, Chicago and San Francisco. One excited listener in Los Angeles was Jerry Casale of Devo, who said after a concert that this was superb film music! After a concert in London an enthusiastic Brian Eno exclaimed, \u201cI love their sound! When are they back?\u201d<br \/>\nSyntax TerrOrkester have consistently found their own peculiar paths outside of the well-trodden trails. Their first album, \u201cFamilien Min Forst\u00e5r Ingenting Av Det\u201d (2008), was recorded live in a chapel with fine acoustics on Karm\u00f8y. \u201cV\u00e5rs\u00e5r\u201d (2012) was praised by several reviewers as one of the most original albums of the year, although it was actually more of a book than a record, filled with short texts, essays and art, and included a code for downloading the music. The covers of the CD and LP versions of \u201cBydrifter\u201d were made by designer and musician Kjetil Brandsdal (Drid Machine \/ Noxagt \/ Ultralyd). The LP is also being released in a very exclusive limited edition with a cover made of a wood product (MDF), and cover art that is engraved in the wood by laser.<\/p>\n<h4>Bydrifter<\/h4>\n<p>\u201cBydrifter\u201d, like the group\u2019s second album, \u201cLand Her O!\u201d, was recorded in Duper Studio in Bergen, and this time the producers were Yngve S\u00e6tre and J\u00f8rgen Tr\u00e6en.  <\/p>\n<p>The recording sessions inspired Tr\u00e6en to the degree that he actually joined the band, whose current members are Tarjei Str\u00f8m (DATAROCK \/ Ralph Myerz and TJHB), Ola H\u00f8yer (Cortex), \u00d8yvind Solheim (Ungdomskulen \/ DATAROCK \/ B\u00c6RTUR) and songwriter and frontman Kunt Kunsten, aka Knut Andreas Knutsen (B\u00c6RTUR). The album also features musical contributions from Ingerlise St\u00f8rksen (Ephemera) and Odd Martin Sk\u00e5lnes (O Martin \/ Aurora Aksnes).<\/p>\n<h4><\/h4>\n<\/p>\n<p><\/p>","protected":false},"excerpt":{"rendered":"<p>Their fourth album, \u201cBydrifter\u201d, is clearly the band\u2019s best and most accessible release thus far, but also their most creative and experimental.<\/p>\n","protected":false},"featured_media":27176,"comment_status":"closed","ping_status":"open","template":"","meta":[],"product_brand":[],"product_cat":[6],"product_tag":[],"class_list":{"0":"post-13926","1":"product","2":"type-product","3":"status-publish","4":"has-post-thumbnail","6":"product_cat-grappa","7":"product_shipping_class-cddvd-shipping","8":"uni_artist_tag-arne-nordhammer","9":"uni_artist_tag-inger-lise-storksen","10":"uni_artist_tag-iver-sandoy","11":"uni_artist_tag-jorgen-traeen","12":"uni_artist_tag-knut-andreas-knutsen","13":"uni_artist_tag-odd-martin-skalnes","14":"uni_artist_tag-ola-hoyer","15":"uni_artist_tag-oyvind-solheim","16":"uni_artist_tag-syntax-terrorkester","17":"uni_artist_tag-tarjei-strom","18":"uni_artist_tag-yngve-leidulv-saetre","19":"uni_main_artist_tag-syntax-terrorkester","20":"uni_artist_genre-rock","22":"first","23":"instock","24":"taxable","25":"shipping-taxable","26":"purchasable","27":"product-type-simple"},"_links":{"self":[{"href":"https:\/\/grappa.no\/en\/wp-json\/wp\/v2\/product\/13926","targetHints":{"allow":["GET"]}}],"collection":[{"href":"https:\/\/grappa.no\/en\/wp-json\/wp\/v2\/product"}],"about":[{"href":"https:\/\/grappa.no\/en\/wp-json\/wp\/v2\/types\/product"}],"replies":[{"embeddable":true,"href":"https:\/\/grappa.no\/en\/wp-json\/wp\/v2\/comments?post=13926"}],"wp:featuredmedia":[{"embeddable":true,"href":"https:\/\/grappa.no\/en\/wp-json\/wp\/v2\/media\/27176"}],"wp:attachment":[{"href":"https:\/\/grappa.no\/en\/wp-json\/wp\/v2\/media?parent=13926"}],"wp:term":[{"taxonomy":"product_brand","embeddable":true,"href":"https:\/\/grappa.no\/en\/wp-json\/wp\/v2\/product_brand?post=13926"},{"taxonomy":"product_cat","embeddable":true,"href":"https:\/\/grappa.no\/en\/wp-json\/wp\/v2\/product_cat?post=13926"},{"taxonomy":"product_tag","embeddable":true,"href":"https:\/\/grappa.no\/en\/wp-json\/wp\/v2\/product_tag?post=13926"}],"curies":[{"name":"wp","href":"https:\/\/api.w.org\/{rel}","templated":true}]}}